{"id":6049,"date":"2024-09-25T03:17:32","date_gmt":"2024-09-25T01:17:32","guid":{"rendered":"https:\/\/latinbody.ch\/groessentabelle-jeans\/"},"modified":"2025-12-10T01:14:58","modified_gmt":"2025-12-10T00:14:58","slug":"groessentabelle-jeans","status":"publish","type":"page","link":"https:\/\/latinbody.ch\/de\/groessentabelle-jeans\/","title":{"rendered":"Gr\u00f6\u00dfentabelle Jeans"},"content":{"rendered":"\t\t<div data-elementor-type=\"wp-page\" data-elementor-id=\"6049\" class=\"elementor elementor-6049 elementor-5001\" data-elementor-post-type=\"page\">\n\t\t\t\t<div class=\"elementor-element elementor-element-78764af e-flex e-con-boxed e-con e-parent\" data-id=\"78764af\" data-element_type=\"container\" data-e-type=\"container\" data-settings=\"{&quot;jet_parallax_layout_list&quot;:[]}\">\n\t\t\t\t\t<div class=\"e-con-inner\">\n\t\t\t\t<div class=\"elementor-element elementor-element-21b04cd elementor-widget elementor-widget-heading\" data-id=\"21b04cd\" data-element_type=\"widget\" data-e-type=\"widget\" data-widget_type=\"heading.default\">\n\t\t\t\t<div class=\"elementor-widget-container\">\n\t\t\t\t\t<h2 class=\"elementor-heading-title elementor-size-default\">Gr\u00f6\u00dfentabelle Jeans<\/h2>\t\t\t\t<\/div>\n\t\t\t\t<\/div>\n\t\t\t\t<div class=\"elementor-element elementor-element-b2abcfd elementor-widget-divider--view-line elementor-widget elementor-widget-divider\" data-id=\"b2abcfd\" data-element_type=\"widget\" data-e-type=\"widget\" data-widget_type=\"divider.default\">\n\t\t\t\t<div class=\"elementor-widget-container\">\n\t\t\t\t\t\t\t<div class=\"elementor-divider\">\n\t\t\t<span class=\"elementor-divider-separator\">\n\t\t\t\t\t\t<\/span>\n\t\t<\/div>\n\t\t\t\t\t\t<\/div>\n\t\t\t\t<\/div>\n\t\t\t\t<div class=\"elementor-element elementor-element-dfb6809 elementor-widget elementor-widget-text-editor\" data-id=\"dfb6809\" data-element_type=\"widget\" data-e-type=\"widget\" data-widget_type=\"text-editor.default\">\n\t\t\t\t<div class=\"elementor-widget-container\">\n\t\t\t\t\t\t\t\t\t<p>Denken Sie daran, die ideale Gr\u00f6\u00dfe zu w\u00e4hlen, damit Ihre Po-Form perfekt ist.<\/p><p><strong>Taille<\/strong><\/p><p>Legen Sie das Ma\u00dfband ohne Spielraum um die Taille.<\/p><p><strong>H\u00fcfte<\/strong><\/p><p>F\u00fchren Sie das Ma\u00dfband um den K\u00f6rper herum und messen Sie an der breitesten Stelle der H\u00fcftlinie.<\/p>\t\t\t\t\t\t\t\t<\/div>\n\t\t\t\t<\/div>\n\t\t<div class=\"elementor-element elementor-element-d5433b7 e-con-full e-flex e-con e-child\" data-id=\"d5433b7\" data-element_type=\"container\" data-e-type=\"container\" data-settings=\"{&quot;jet_parallax_layout_list&quot;:[]}\">\n\t\t<div class=\"elementor-element elementor-element-7f2438e e-con-full e-flex e-con e-child\" data-id=\"7f2438e\" data-element_type=\"container\" data-e-type=\"container\" data-settings=\"{&quot;jet_parallax_layout_list&quot;:[]}\">\n\t\t\t\t<div class=\"elementor-element elementor-element-f50b38b elementor-widget elementor-widget-image\" data-id=\"f50b38b\" data-element_type=\"widget\" data-e-type=\"widget\" data-widget_type=\"image.default\">\n\t\t\t\t<div class=\"elementor-widget-container\">\n\t\t\t\t\t\t\t\t\t\t\t\t\t\t\t<img fetchpriority=\"high\" decoding=\"async\" width=\"800\" height=\"715\" src=\"https:\/\/latinbody.ch\/wp-content\/uploads\/2024\/09\/Tabla-4.svg\" class=\"attachment-large size-large wp-image-6050\" alt=\"\" \/>\t\t\t\t\t\t\t\t\t\t\t\t\t\t\t<\/div>\n\t\t\t\t<\/div>\n\t\t\t\t<\/div>\n\t\t<div class=\"elementor-element elementor-element-6f4cd5c e-con-full e-flex e-con e-child\" data-id=\"6f4cd5c\" data-element_type=\"container\" data-e-type=\"container\" data-settings=\"{&quot;jet_parallax_layout_list&quot;:[]}\">\n\t\t\t\t<div class=\"elementor-element elementor-element-3d04974 elementor-widget elementor-widget-image\" data-id=\"3d04974\" data-element_type=\"widget\" data-e-type=\"widget\" data-widget_type=\"image.default\">\n\t\t\t\t<div class=\"elementor-widget-container\">\n\t\t\t\t\t\t\t\t\t\t\t\t\t\t\t<img decoding=\"async\" width=\"648\" height=\"1024\" src=\"https:\/\/latinbody.ch\/wp-content\/uploads\/2024\/09\/TABLA-DE-MEDIDAS-model4-648x1024.jpg\" class=\"attachment-large size-large wp-image-6051\" alt=\"\" srcset=\"https:\/\/latinbody.ch\/wp-content\/uploads\/2024\/09\/TABLA-DE-MEDIDAS-model4-648x1024.jpg 648w, https:\/\/latinbody.ch\/wp-content\/uploads\/2024\/09\/TABLA-DE-MEDIDAS-model4-190x300.jpg 190w, https:\/\/latinbody.ch\/wp-content\/uploads\/2024\/09\/TABLA-DE-MEDIDAS-model4-768x1213.jpg 768w, https:\/\/latinbody.ch\/wp-content\/uploads\/2024\/09\/TABLA-DE-MEDIDAS-model4-600x948.jpg 600w, https:\/\/latinbody.ch\/wp-content\/uploads\/2024\/09\/TABLA-DE-MEDIDAS-model4-64x101.jpg 64w, https:\/\/latinbody.ch\/wp-content\/uploads\/2024\/09\/TABLA-DE-MEDIDAS-model4.jpg 800w\" sizes=\"(max-width: 648px) 100vw, 648px\" \/>\t\t\t\t\t\t\t\t\t\t\t\t\t\t\t<\/div>\n\t\t\t\t<\/div>\n\t\t\t\t<\/div>\n\t\t\t\t<\/div>\n\t\t\t\t\t<\/div>\n\t\t\t\t<\/div>\n\t\t\t\t<\/div>\n\t\t","protected":false},"excerpt":{"rendered":"<p>Gr\u00f6\u00dfentabelle Jeans Denken Sie daran, die ideale Gr\u00f6\u00dfe zu w\u00e4hlen, damit Ihre Po-Form perfekt ist. Taille Legen Sie das Ma\u00dfband ohne Spielraum um die Taille. H\u00fcfte F\u00fchren Sie das Ma\u00dfband um den K\u00f6rper herum und messen Sie an der breitesten Stelle der H\u00fcftlinie.<\/p>\n","protected":false},"author":2,"featured_media":0,"parent":0,"menu_order":0,"comment_status":"closed","ping_status":"closed","template":"elementor_header_footer","meta":{"_joinchat":[],"footnotes":""},"class_list":["post-6049","page","type-page","status-publish","hentry"],"yoast_head":"<!-- This site is optimized with the Yoast SEO plugin v27.5 - https:\/\/yoast.com\/product\/yoast-seo-wordpress\/ -->\n<title>Gr\u00f6\u00dfentabelle Jeans - LatinBody<\/title>\n<meta name=\"robots\" content=\"index, follow, max-snippet:-1, max-image-preview:large, max-video-preview:-1\" \/>\n<link rel=\"canonical\" href=\"https:\/\/latinbody.ch\/de\/groessentabelle-jeans\/\" \/>\n<meta property=\"og:locale\" content=\"de_DE\" \/>\n<meta property=\"og:type\" content=\"article\" \/>\n<meta property=\"og:title\" content=\"Gr\u00f6\u00dfentabelle Jeans - LatinBody\" \/>\n<meta property=\"og:description\" content=\"Gr\u00f6\u00dfentabelle Jeans Denken Sie daran, die ideale Gr\u00f6\u00dfe zu w\u00e4hlen, damit Ihre Po-Form perfekt ist. Taille Legen Sie das Ma\u00dfband ohne Spielraum um die Taille. H\u00fcfte F\u00fchren Sie das Ma\u00dfband um den K\u00f6rper herum und messen Sie an der breitesten Stelle der H\u00fcftlinie.\" \/>\n<meta property=\"og:url\" content=\"https:\/\/latinbody.ch\/de\/groessentabelle-jeans\/\" \/>\n<meta property=\"og:site_name\" content=\"LatinBody\" \/>\n<meta property=\"article:publisher\" content=\"https:\/\/www.facebook.com\/latinbody\" \/>\n<meta property=\"article:modified_time\" content=\"2025-12-10T00:14:58+00:00\" \/>\n<meta property=\"og:image\" content=\"https:\/\/latinbody.ch\/wp-content\/uploads\/2024\/09\/Tabla-4.svg\" \/>\n<meta name=\"twitter:card\" content=\"summary_large_image\" \/>\n<script type=\"application\/ld+json\" class=\"yoast-schema-graph\">{\"@context\":\"https:\\\/\\\/schema.org\",\"@graph\":[{\"@type\":\"WebPage\",\"@id\":\"https:\\\/\\\/latinbody.ch\\\/de\\\/groessentabelle-jeans\\\/\",\"url\":\"https:\\\/\\\/latinbody.ch\\\/de\\\/groessentabelle-jeans\\\/\",\"name\":\"Gr\u00f6\u00dfentabelle Jeans - LatinBody\",\"isPartOf\":{\"@id\":\"https:\\\/\\\/latinbody.ch\\\/de\\\/#website\"},\"primaryImageOfPage\":{\"@id\":\"https:\\\/\\\/latinbody.ch\\\/de\\\/groessentabelle-jeans\\\/#primaryimage\"},\"image\":{\"@id\":\"https:\\\/\\\/latinbody.ch\\\/de\\\/groessentabelle-jeans\\\/#primaryimage\"},\"thumbnailUrl\":\"https:\\\/\\\/latinbody.ch\\\/wp-content\\\/uploads\\\/2024\\\/09\\\/Tabla-4.svg\",\"datePublished\":\"2024-09-25T01:17:32+00:00\",\"dateModified\":\"2025-12-10T00:14:58+00:00\",\"breadcrumb\":{\"@id\":\"https:\\\/\\\/latinbody.ch\\\/de\\\/groessentabelle-jeans\\\/#breadcrumb\"},\"inLanguage\":\"de\",\"potentialAction\":[{\"@type\":\"ReadAction\",\"target\":[\"https:\\\/\\\/latinbody.ch\\\/de\\\/groessentabelle-jeans\\\/\"]}]},{\"@type\":\"ImageObject\",\"inLanguage\":\"de\",\"@id\":\"https:\\\/\\\/latinbody.ch\\\/de\\\/groessentabelle-jeans\\\/#primaryimage\",\"url\":\"https:\\\/\\\/latinbody.ch\\\/wp-content\\\/uploads\\\/2024\\\/09\\\/Tabla-4.svg\",\"contentUrl\":\"https:\\\/\\\/latinbody.ch\\\/wp-content\\\/uploads\\\/2024\\\/09\\\/Tabla-4.svg\"},{\"@type\":\"BreadcrumbList\",\"@id\":\"https:\\\/\\\/latinbody.ch\\\/de\\\/groessentabelle-jeans\\\/#breadcrumb\",\"itemListElement\":[{\"@type\":\"ListItem\",\"position\":1,\"name\":\"Portada\",\"item\":\"https:\\\/\\\/latinbody.ch\\\/de\\\/\"},{\"@type\":\"ListItem\",\"position\":2,\"name\":\"Gr\u00f6\u00dfentabelle Jeans\"}]},{\"@type\":\"WebSite\",\"@id\":\"https:\\\/\\\/latinbody.ch\\\/de\\\/#website\",\"url\":\"https:\\\/\\\/latinbody.ch\\\/de\\\/\",\"name\":\"www.latinbody.ch\",\"description\":\"Fajas Reductoras | Reductora Post-Parto | Reductora Levanta Cola\",\"publisher\":{\"@id\":\"https:\\\/\\\/latinbody.ch\\\/de\\\/#organization\"},\"potentialAction\":[{\"@type\":\"SearchAction\",\"target\":{\"@type\":\"EntryPoint\",\"urlTemplate\":\"https:\\\/\\\/latinbody.ch\\\/de\\\/?s={search_term_string}\"},\"query-input\":{\"@type\":\"PropertyValueSpecification\",\"valueRequired\":true,\"valueName\":\"search_term_string\"}}],\"inLanguage\":\"de\"},{\"@type\":\"Organization\",\"@id\":\"https:\\\/\\\/latinbody.ch\\\/de\\\/#organization\",\"name\":\"latinbody\",\"url\":\"https:\\\/\\\/latinbody.ch\\\/de\\\/\",\"logo\":{\"@type\":\"ImageObject\",\"inLanguage\":\"de\",\"@id\":\"https:\\\/\\\/latinbody.ch\\\/de\\\/#\\\/schema\\\/logo\\\/image\\\/\",\"url\":\"https:\\\/\\\/latinbody.ch\\\/wp-content\\\/uploads\\\/2022\\\/07\\\/logo-latin-body-2022.svg\",\"contentUrl\":\"https:\\\/\\\/latinbody.ch\\\/wp-content\\\/uploads\\\/2022\\\/07\\\/logo-latin-body-2022.svg\",\"width\":625.34,\"height\":146.1,\"caption\":\"latinbody\"},\"image\":{\"@id\":\"https:\\\/\\\/latinbody.ch\\\/de\\\/#\\\/schema\\\/logo\\\/image\\\/\"},\"sameAs\":[\"https:\\\/\\\/www.facebook.com\\\/latinbody\",\"https:\\\/\\\/www.instagram.com\\\/latinbody_official\\\/\"]}]}<\/script>\n<!-- \/ Yoast SEO plugin. -->","yoast_head_json":{"title":"Gr\u00f6\u00dfentabelle Jeans - LatinBody","robots":{"index":"index","follow":"follow","max-snippet":"max-snippet:-1","max-image-preview":"max-image-preview:large","max-video-preview":"max-video-preview:-1"},"canonical":"https:\/\/latinbody.ch\/de\/groessentabelle-jeans\/","og_locale":"de_DE","og_type":"article","og_title":"Gr\u00f6\u00dfentabelle Jeans - LatinBody","og_description":"Gr\u00f6\u00dfentabelle Jeans Denken Sie daran, die ideale Gr\u00f6\u00dfe zu w\u00e4hlen, damit Ihre Po-Form perfekt ist. Taille Legen Sie das Ma\u00dfband ohne Spielraum um die Taille. H\u00fcfte F\u00fchren Sie das Ma\u00dfband um den K\u00f6rper herum und messen Sie an der breitesten Stelle der H\u00fcftlinie.","og_url":"https:\/\/latinbody.ch\/de\/groessentabelle-jeans\/","og_site_name":"LatinBody","article_publisher":"https:\/\/www.facebook.com\/latinbody","article_modified_time":"2025-12-10T00:14:58+00:00","og_image":[{"url":"https:\/\/latinbody.ch\/wp-content\/uploads\/2024\/09\/Tabla-4.svg","type":"","width":"","height":""}],"twitter_card":"summary_large_image","schema":{"@context":"https:\/\/schema.org","@graph":[{"@type":"WebPage","@id":"https:\/\/latinbody.ch\/de\/groessentabelle-jeans\/","url":"https:\/\/latinbody.ch\/de\/groessentabelle-jeans\/","name":"Gr\u00f6\u00dfentabelle Jeans - LatinBody","isPartOf":{"@id":"https:\/\/latinbody.ch\/de\/#website"},"primaryImageOfPage":{"@id":"https:\/\/latinbody.ch\/de\/groessentabelle-jeans\/#primaryimage"},"image":{"@id":"https:\/\/latinbody.ch\/de\/groessentabelle-jeans\/#primaryimage"},"thumbnailUrl":"https:\/\/latinbody.ch\/wp-content\/uploads\/2024\/09\/Tabla-4.svg","datePublished":"2024-09-25T01:17:32+00:00","dateModified":"2025-12-10T00:14:58+00:00","breadcrumb":{"@id":"https:\/\/latinbody.ch\/de\/groessentabelle-jeans\/#breadcrumb"},"inLanguage":"de","potentialAction":[{"@type":"ReadAction","target":["https:\/\/latinbody.ch\/de\/groessentabelle-jeans\/"]}]},{"@type":"ImageObject","inLanguage":"de","@id":"https:\/\/latinbody.ch\/de\/groessentabelle-jeans\/#primaryimage","url":"https:\/\/latinbody.ch\/wp-content\/uploads\/2024\/09\/Tabla-4.svg","contentUrl":"https:\/\/latinbody.ch\/wp-content\/uploads\/2024\/09\/Tabla-4.svg"},{"@type":"BreadcrumbList","@id":"https:\/\/latinbody.ch\/de\/groessentabelle-jeans\/#breadcrumb","itemListElement":[{"@type":"ListItem","position":1,"name":"Portada","item":"https:\/\/latinbody.ch\/de\/"},{"@type":"ListItem","position":2,"name":"Gr\u00f6\u00dfentabelle Jeans"}]},{"@type":"WebSite","@id":"https:\/\/latinbody.ch\/de\/#website","url":"https:\/\/latinbody.ch\/de\/","name":"www.latinbody.ch","description":"Fajas Reductoras | Reductora Post-Parto | Reductora Levanta Cola","publisher":{"@id":"https:\/\/latinbody.ch\/de\/#organization"},"potentialAction":[{"@type":"SearchAction","target":{"@type":"EntryPoint","urlTemplate":"https:\/\/latinbody.ch\/de\/?s={search_term_string}"},"query-input":{"@type":"PropertyValueSpecification","valueRequired":true,"valueName":"search_term_string"}}],"inLanguage":"de"},{"@type":"Organization","@id":"https:\/\/latinbody.ch\/de\/#organization","name":"latinbody","url":"https:\/\/latinbody.ch\/de\/","logo":{"@type":"ImageObject","inLanguage":"de","@id":"https:\/\/latinbody.ch\/de\/#\/schema\/logo\/image\/","url":"https:\/\/latinbody.ch\/wp-content\/uploads\/2022\/07\/logo-latin-body-2022.svg","contentUrl":"https:\/\/latinbody.ch\/wp-content\/uploads\/2022\/07\/logo-latin-body-2022.svg","width":625.34,"height":146.1,"caption":"latinbody"},"image":{"@id":"https:\/\/latinbody.ch\/de\/#\/schema\/logo\/image\/"},"sameAs":["https:\/\/www.facebook.com\/latinbody","https:\/\/www.instagram.com\/latinbody_official\/"]}]}},"_links":{"self":[{"href":"https:\/\/latinbody.ch\/de\/wp-json\/wp\/v2\/pages\/6049","targetHints":{"allow":["GET"]}}],"collection":[{"href":"https:\/\/latinbody.ch\/de\/wp-json\/wp\/v2\/pages"}],"about":[{"href":"https:\/\/latinbody.ch\/de\/wp-json\/wp\/v2\/types\/page"}],"author":[{"embeddable":true,"href":"https:\/\/latinbody.ch\/de\/wp-json\/wp\/v2\/users\/2"}],"replies":[{"embeddable":true,"href":"https:\/\/latinbody.ch\/de\/wp-json\/wp\/v2\/comments?post=6049"}],"version-history":[{"count":0,"href":"https:\/\/latinbody.ch\/de\/wp-json\/wp\/v2\/pages\/6049\/revisions"}],"wp:attachment":[{"href":"https:\/\/latinbody.ch\/de\/wp-json\/wp\/v2\/media?parent=6049"}],"curies":[{"name":"wp","href":"https:\/\/api.w.org\/{rel}","templated":true}]}}