{"id":6059,"date":"2023-11-21T21:25:12","date_gmt":"2023-11-21T20:25:12","guid":{"rendered":"https:\/\/latinbody.ch\/cookie\/"},"modified":"2026-03-20T23:55:12","modified_gmt":"2026-03-20T22:55:12","slug":"cookie","status":"publish","type":"page","link":"https:\/\/latinbody.ch\/de\/cookie\/","title":{"rendered":"Cookie"},"content":{"rendered":"\t\t<div data-elementor-type=\"wp-page\" data-elementor-id=\"6059\" class=\"elementor elementor-6059 elementor-4474\" data-elementor-post-type=\"page\">\n\t\t\t\t\t\t<section class=\"elementor-section elementor-top-section elementor-element elementor-element-72914038 elementor-section-boxed elementor-section-height-default elementor-section-height-default\" data-id=\"72914038\" data-element_type=\"section\" data-e-type=\"section\" data-settings=\"{&quot;jet_parallax_layout_list&quot;:[]}\">\n\t\t\t\t\t\t<div class=\"elementor-container elementor-column-gap-default\">\n\t\t\t\t\t<div class=\"elementor-column elementor-col-100 elementor-top-column elementor-element elementor-element-18f6361d\" data-id=\"18f6361d\" data-element_type=\"column\" data-e-type=\"column\">\n\t\t\t<div class=\"elementor-widget-wrap elementor-element-populated\">\n\t\t\t\t\t\t<div class=\"elementor-element elementor-element-dc2ac44 elementor-widget elementor-widget-heading\" data-id=\"dc2ac44\" data-element_type=\"widget\" data-e-type=\"widget\" data-widget_type=\"heading.default\">\n\t\t\t\t<div class=\"elementor-widget-container\">\n\t\t\t\t\t<h2 class=\"elementor-heading-title elementor-size-default\">Cookies<\/h2>\t\t\t\t<\/div>\n\t\t\t\t<\/div>\n\t\t\t\t<div class=\"elementor-element elementor-element-75d277d elementor-widget elementor-widget-text-editor\" data-id=\"75d277d\" data-element_type=\"widget\" data-e-type=\"widget\" data-widget_type=\"text-editor.default\">\n\t\t\t\t<div class=\"elementor-widget-container\">\n\t\t\t\t\t\t\t\t\t<p>Ein Cookie ist eine kleine Information, die an Ihren Computer, Ihr Mobilger\u00e4t oder ein anderes Ger\u00e4t gesendet wird, wenn Sie eine Website besuchen. Cookies werden von einem Webserver an einen Webbrowser gesendet, damit der Server Informationen vom Browser sammeln und Ihr Ger\u00e4t bei zuk\u00fcnftigen Besuchen wiedererkennen kann. <\/p><p>Wenn Sie unsere Website zum ersten Mal besuchen, werden Sie gefragt, ob Sie unsere Cookies akzeptieren. Wir verwenden Cookies, um Ihre aktuelle Einkaufssitzung zu verfolgen, Ihr Erlebnis zu personalisieren, Artikel in Ihrem Warenkorb zu speichern und sicherzustellen, dass die Anzeigen oder Angebote, die Sie online sehen, f\u00fcr Sie relevanter sind. <\/p><p>Wenn Sie auf \u201eCookies akzeptieren\u201c klicken, erm\u00f6glichen Sie es <b>Latin Body<\/b>, Ihre pers\u00f6nlichen Daten f\u00fcr diese Zwecke zu verwenden. Wenn Sie unsere Cookies nicht akzeptieren, ist die Funktionalit\u00e4t unserer Website stark eingeschr\u00e4nkt. Die meisten Browser erm\u00f6glichen es Ihnen, Cookies zu deaktivieren. Wenn Sie wissen m\u00f6chten, wie das geht, schauen Sie im Hilfemen\u00fc Ihres Browsers nach. Wenn Sie jedoch keine Cookies akzeptieren, kann Ihre Benutzererfahrung auf unserer Website beeintr\u00e4chtigt werden und Sie k\u00f6nnen keine Produkte von unserer Website kaufen.    <\/p><p>Cookies lassen sich in vier Typen unterteilen:<\/p><h3>KATEGORIE 1: UNBEDINGT ERFORDERLICHE COOKIES<\/h3><p>Diese Cookies sind unerl\u00e4sslich, damit die Website die von Ihnen angeforderten Dienste bereitstellen kann, z. B. das Speichern der Artikel in Ihrem Warenkorb.<\/p><h3>KATEGORIE 2: LEISTUNGSCOOKIES<\/h3><p>Dieser Typ sammelt anonyme Informationen dar\u00fcber, wie Personen unsere Website nutzen, und die Daten werden mit anderen Benutzern zusammengef\u00fchrt, damit wir die Funktionsweise der Website verbessern k\u00f6nnen. Wir verwenden beispielsweise Google Analytics-Cookies, um zu verstehen, wie Kunden auf unsere Website gelangen, auf unserer Website navigieren oder sie nutzen, und um Bereiche hervorzuheben, in denen wir Verbesserungen vornehmen k\u00f6nnen, z. B. bei der Navigation, dem Einkaufserlebnis und den Marketingkampagnen. Die von diesen Cookies gespeicherten Daten zeigen niemals pers\u00f6nliche Details, anhand derer Ihre individuelle Identit\u00e4t festgestellt werden kann.  <\/p><h3>KATEGORIE 3: FUNKTIONSCOOKIES<\/h3><p>Diese speichern die von Ihnen getroffenen Auswahlen, wie z. B. die Sprache, Suchparameter wie Gr\u00f6\u00dfe, Farbe oder Produktlinie. Diese k\u00f6nnen verwendet werden, um Ihnen ein besseres Erlebnis mit Ihren Auswahlen zu bieten und die Besuche pers\u00f6nlicher und angenehmer zu gestalten. Die Informationen werden auch anonym mit anderen Benutzern zusammengef\u00fchrt, damit wir die Funktionsweise der Website verbessern k\u00f6nnen. Unsere Funktion \u201eGespeicherte Elemente\u201c verwendet beispielsweise ein Cookie, um sich die Produkte zu merken, die Sie w\u00e4hrend des Surfens auf unserer Website speichern m\u00f6chten.   <\/p><h3>KATEGORIE 4: TARGETING- ODER WERBE-COOKIES<\/h3><p>Diese Cookies sammeln Informationen \u00fcber Ihre Surfgewohnheiten, um Werbung zu schalten, die f\u00fcr Sie und Ihre Interessen relevant ist. Sie speichern die Websites, die Sie besucht haben, und diese Informationen werden an andere Parteien weitergegeben, z. B. an Werbetreibende. Wir verwenden beispielsweise Drittanbieter wie Criterio, um Ihnen personalisiertere Anzeigen bereitzustellen, wenn Sie andere Websites besuchen.  <\/p>\t\t\t\t\t\t\t\t<\/div>\n\t\t\t\t<\/div>\n\t\t\t\t\t<\/div>\n\t\t<\/div>\n\t\t\t\t\t<\/div>\n\t\t<\/section>\n\t\t\t\t<\/div>\n\t\t","protected":false},"excerpt":{"rendered":"<p>Cookies Ein Cookie ist eine kleine Information, die an Ihren Computer, Ihr Mobilger\u00e4t oder ein anderes Ger\u00e4t gesendet wird, wenn Sie eine Website besuchen. Cookies werden von einem Webserver an einen Webbrowser gesendet, damit der Server Informationen vom Browser sammeln und Ihr Ger\u00e4t bei zuk\u00fcnftigen Besuchen wiedererkennen kann. Wenn Sie unsere Website zum ersten Mal [&hellip;]<\/p>\n","protected":false},"author":1,"featured_media":0,"parent":0,"menu_order":0,"comment_status":"closed","ping_status":"closed","template":"","meta":{"_joinchat":[],"footnotes":""},"class_list":["post-6059","page","type-page","status-publish","hentry"],"yoast_head":"<!-- This site is optimized with the Yoast SEO plugin v27.5 - https:\/\/yoast.com\/product\/yoast-seo-wordpress\/ -->\n<title>Cookie - LatinBody<\/title>\n<meta name=\"robots\" content=\"index, follow, max-snippet:-1, max-image-preview:large, max-video-preview:-1\" \/>\n<link rel=\"canonical\" href=\"https:\/\/latinbody.ch\/de\/cookie\/\" \/>\n<meta property=\"og:locale\" content=\"de_DE\" \/>\n<meta property=\"og:type\" content=\"article\" \/>\n<meta property=\"og:title\" content=\"Verwendung von Cookies\/LatinBody Schweiz.\" \/>\n<meta property=\"og:description\" content=\"Klare Informationen \u00fcber die Verwendung von Cookies auf unserer Website und wie wir Ihre Daten sch\u00fctzen, w\u00e4hrend Sie bei uns einkaufen.\" \/>\n<meta property=\"og:url\" content=\"https:\/\/latinbody.ch\/de\/cookie\/\" \/>\n<meta property=\"og:site_name\" content=\"LatinBody\" \/>\n<meta property=\"article:publisher\" content=\"https:\/\/www.facebook.com\/latinbody\" \/>\n<meta property=\"article:modified_time\" content=\"2026-03-20T22:55:12+00:00\" \/>\n<meta name=\"twitter:card\" content=\"summary_large_image\" \/>\n<meta name=\"twitter:label1\" content=\"Gesch\u00e4tzte Lesezeit\" \/>\n\t<meta name=\"twitter:data1\" content=\"2\u00a0Minuten\" \/>\n<script type=\"application\/ld+json\" class=\"yoast-schema-graph\">{\"@context\":\"https:\\\/\\\/schema.org\",\"@graph\":[{\"@type\":\"WebPage\",\"@id\":\"https:\\\/\\\/latinbody.ch\\\/de\\\/cookie\\\/\",\"url\":\"https:\\\/\\\/latinbody.ch\\\/de\\\/cookie\\\/\",\"name\":\"Cookie - LatinBody\",\"isPartOf\":{\"@id\":\"https:\\\/\\\/latinbody.ch\\\/de\\\/#website\"},\"datePublished\":\"2023-11-21T20:25:12+00:00\",\"dateModified\":\"2026-03-20T22:55:12+00:00\",\"breadcrumb\":{\"@id\":\"https:\\\/\\\/latinbody.ch\\\/de\\\/cookie\\\/#breadcrumb\"},\"inLanguage\":\"de\",\"potentialAction\":[{\"@type\":\"ReadAction\",\"target\":[\"https:\\\/\\\/latinbody.ch\\\/de\\\/cookie\\\/\"]}]},{\"@type\":\"BreadcrumbList\",\"@id\":\"https:\\\/\\\/latinbody.ch\\\/de\\\/cookie\\\/#breadcrumb\",\"itemListElement\":[{\"@type\":\"ListItem\",\"position\":1,\"name\":\"Portada\",\"item\":\"https:\\\/\\\/latinbody.ch\\\/de\\\/\"},{\"@type\":\"ListItem\",\"position\":2,\"name\":\"Cookie\"}]},{\"@type\":\"WebSite\",\"@id\":\"https:\\\/\\\/latinbody.ch\\\/de\\\/#website\",\"url\":\"https:\\\/\\\/latinbody.ch\\\/de\\\/\",\"name\":\"www.latinbody.ch\",\"description\":\"Fajas Reductoras | Reductora Post-Parto | Reductora Levanta Cola\",\"publisher\":{\"@id\":\"https:\\\/\\\/latinbody.ch\\\/de\\\/#organization\"},\"potentialAction\":[{\"@type\":\"SearchAction\",\"target\":{\"@type\":\"EntryPoint\",\"urlTemplate\":\"https:\\\/\\\/latinbody.ch\\\/de\\\/?s={search_term_string}\"},\"query-input\":{\"@type\":\"PropertyValueSpecification\",\"valueRequired\":true,\"valueName\":\"search_term_string\"}}],\"inLanguage\":\"de\"},{\"@type\":\"Organization\",\"@id\":\"https:\\\/\\\/latinbody.ch\\\/de\\\/#organization\",\"name\":\"latinbody\",\"url\":\"https:\\\/\\\/latinbody.ch\\\/de\\\/\",\"logo\":{\"@type\":\"ImageObject\",\"inLanguage\":\"de\",\"@id\":\"https:\\\/\\\/latinbody.ch\\\/de\\\/#\\\/schema\\\/logo\\\/image\\\/\",\"url\":\"https:\\\/\\\/latinbody.ch\\\/wp-content\\\/uploads\\\/2022\\\/07\\\/logo-latin-body-2022.svg\",\"contentUrl\":\"https:\\\/\\\/latinbody.ch\\\/wp-content\\\/uploads\\\/2022\\\/07\\\/logo-latin-body-2022.svg\",\"width\":625.34,\"height\":146.1,\"caption\":\"latinbody\"},\"image\":{\"@id\":\"https:\\\/\\\/latinbody.ch\\\/de\\\/#\\\/schema\\\/logo\\\/image\\\/\"},\"sameAs\":[\"https:\\\/\\\/www.facebook.com\\\/latinbody\",\"https:\\\/\\\/www.instagram.com\\\/latinbody_official\\\/\"]}]}<\/script>\n<!-- \/ Yoast SEO plugin. -->","yoast_head_json":{"title":"Cookie - LatinBody","robots":{"index":"index","follow":"follow","max-snippet":"max-snippet:-1","max-image-preview":"max-image-preview:large","max-video-preview":"max-video-preview:-1"},"canonical":"https:\/\/latinbody.ch\/de\/cookie\/","og_locale":"de_DE","og_type":"article","og_title":"Verwendung von Cookies\/LatinBody Schweiz.","og_description":"Klare Informationen \u00fcber die Verwendung von Cookies auf unserer Website und wie wir Ihre Daten sch\u00fctzen, w\u00e4hrend Sie bei uns einkaufen.","og_url":"https:\/\/latinbody.ch\/de\/cookie\/","og_site_name":"LatinBody","article_publisher":"https:\/\/www.facebook.com\/latinbody","article_modified_time":"2026-03-20T22:55:12+00:00","twitter_card":"summary_large_image","twitter_misc":{"Gesch\u00e4tzte Lesezeit":"2\u00a0Minuten"},"schema":{"@context":"https:\/\/schema.org","@graph":[{"@type":"WebPage","@id":"https:\/\/latinbody.ch\/de\/cookie\/","url":"https:\/\/latinbody.ch\/de\/cookie\/","name":"Cookie - LatinBody","isPartOf":{"@id":"https:\/\/latinbody.ch\/de\/#website"},"datePublished":"2023-11-21T20:25:12+00:00","dateModified":"2026-03-20T22:55:12+00:00","breadcrumb":{"@id":"https:\/\/latinbody.ch\/de\/cookie\/#breadcrumb"},"inLanguage":"de","potentialAction":[{"@type":"ReadAction","target":["https:\/\/latinbody.ch\/de\/cookie\/"]}]},{"@type":"BreadcrumbList","@id":"https:\/\/latinbody.ch\/de\/cookie\/#breadcrumb","itemListElement":[{"@type":"ListItem","position":1,"name":"Portada","item":"https:\/\/latinbody.ch\/de\/"},{"@type":"ListItem","position":2,"name":"Cookie"}]},{"@type":"WebSite","@id":"https:\/\/latinbody.ch\/de\/#website","url":"https:\/\/latinbody.ch\/de\/","name":"www.latinbody.ch","description":"Fajas Reductoras | Reductora Post-Parto | Reductora Levanta Cola","publisher":{"@id":"https:\/\/latinbody.ch\/de\/#organization"},"potentialAction":[{"@type":"SearchAction","target":{"@type":"EntryPoint","urlTemplate":"https:\/\/latinbody.ch\/de\/?s={search_term_string}"},"query-input":{"@type":"PropertyValueSpecification","valueRequired":true,"valueName":"search_term_string"}}],"inLanguage":"de"},{"@type":"Organization","@id":"https:\/\/latinbody.ch\/de\/#organization","name":"latinbody","url":"https:\/\/latinbody.ch\/de\/","logo":{"@type":"ImageObject","inLanguage":"de","@id":"https:\/\/latinbody.ch\/de\/#\/schema\/logo\/image\/","url":"https:\/\/latinbody.ch\/wp-content\/uploads\/2022\/07\/logo-latin-body-2022.svg","contentUrl":"https:\/\/latinbody.ch\/wp-content\/uploads\/2022\/07\/logo-latin-body-2022.svg","width":625.34,"height":146.1,"caption":"latinbody"},"image":{"@id":"https:\/\/latinbody.ch\/de\/#\/schema\/logo\/image\/"},"sameAs":["https:\/\/www.facebook.com\/latinbody","https:\/\/www.instagram.com\/latinbody_official\/"]}]}},"_links":{"self":[{"href":"https:\/\/latinbody.ch\/de\/wp-json\/wp\/v2\/pages\/6059","targetHints":{"allow":["GET"]}}],"collection":[{"href":"https:\/\/latinbody.ch\/de\/wp-json\/wp\/v2\/pages"}],"about":[{"href":"https:\/\/latinbody.ch\/de\/wp-json\/wp\/v2\/types\/page"}],"author":[{"embeddable":true,"href":"https:\/\/latinbody.ch\/de\/wp-json\/wp\/v2\/users\/1"}],"replies":[{"embeddable":true,"href":"https:\/\/latinbody.ch\/de\/wp-json\/wp\/v2\/comments?post=6059"}],"version-history":[{"count":1,"href":"https:\/\/latinbody.ch\/de\/wp-json\/wp\/v2\/pages\/6059\/revisions"}],"predecessor-version":[{"id":8483,"href":"https:\/\/latinbody.ch\/de\/wp-json\/wp\/v2\/pages\/6059\/revisions\/8483"}],"wp:attachment":[{"href":"https:\/\/latinbody.ch\/de\/wp-json\/wp\/v2\/media?parent=6059"}],"curies":[{"name":"wp","href":"https:\/\/api.w.org\/{rel}","templated":true}]}}