{"id":6060,"date":"2024-09-25T03:12:20","date_gmt":"2024-09-25T01:12:20","guid":{"rendered":"https:\/\/latinbody.ch\/groessentabelle-fuer-herren-2\/"},"modified":"2025-12-10T01:15:06","modified_gmt":"2025-12-10T00:15:06","slug":"groessentabelle-fuer-herren-2","status":"publish","type":"page","link":"https:\/\/latinbody.ch\/de\/groessentabelle-fuer-herren-2\/","title":{"rendered":"Gr\u00f6\u00dfentabelle f\u00fcr Herren"},"content":{"rendered":"\t\t<div data-elementor-type=\"wp-page\" data-elementor-id=\"6060\" class=\"elementor elementor-6060 elementor-4983\" data-elementor-post-type=\"page\">\n\t\t\t\t<div class=\"elementor-element elementor-element-026dc66 e-flex e-con-boxed e-con e-parent\" data-id=\"026dc66\" data-element_type=\"container\" data-e-type=\"container\" data-settings=\"{&quot;jet_parallax_layout_list&quot;:[]}\">\n\t\t\t\t\t<div class=\"e-con-inner\">\n\t\t\t\t<div class=\"elementor-element elementor-element-b46c542 elementor-widget elementor-widget-heading\" data-id=\"b46c542\" data-element_type=\"widget\" data-e-type=\"widget\" data-widget_type=\"heading.default\">\n\t\t\t\t<div class=\"elementor-widget-container\">\n\t\t\t\t\t<h2 class=\"elementor-heading-title elementor-size-default\">Gr\u00f6\u00dfentabelle f\u00fcr Herren<\/h2>\t\t\t\t<\/div>\n\t\t\t\t<\/div>\n\t\t\t\t<div class=\"elementor-element elementor-element-5387d9c elementor-widget-divider--view-line elementor-widget elementor-widget-divider\" data-id=\"5387d9c\" data-element_type=\"widget\" data-e-type=\"widget\" data-widget_type=\"divider.default\">\n\t\t\t\t<div class=\"elementor-widget-container\">\n\t\t\t\t\t\t\t<div class=\"elementor-divider\">\n\t\t\t<span class=\"elementor-divider-separator\">\n\t\t\t\t\t\t<\/span>\n\t\t<\/div>\n\t\t\t\t\t\t<\/div>\n\t\t\t\t<\/div>\n\t\t\t\t<div class=\"elementor-element elementor-element-9c8d48f elementor-widget elementor-widget-text-editor\" data-id=\"9c8d48f\" data-element_type=\"widget\" data-e-type=\"widget\" data-widget_type=\"text-editor.default\">\n\t\t\t\t<div class=\"elementor-widget-container\">\n\t\t\t\t\t\t\t\t\t<p>Wenn Sie zwischen zwei Gr\u00f6\u00dfen liegen, sollten Sie aufgrund der hohen Kompression der Kleidungsst\u00fccke die gr\u00f6\u00dfere Gr\u00f6\u00dfe w\u00e4hlen.<\/p><p>Die Bestimmung der richtigen Gr\u00f6\u00dfe ist sehr wichtig, um sich rundum wohlzuf\u00fchlen. Ber\u00fccksichtigen Sie Ihr Gewicht, um die ideale Gr\u00f6\u00dfe f\u00fcr sich zu w\u00e4hlen. <\/p><p>Denken Sie daran, progressive Anpassungsphasen einzulegen.<\/p><p>Konsultieren Sie vor der Verwendung eines unserer Produkte Ihren Arzt.<\/p>\t\t\t\t\t\t\t\t<\/div>\n\t\t\t\t<\/div>\n\t\t<div class=\"elementor-element elementor-element-d4329e3 e-con-full e-flex e-con e-child\" data-id=\"d4329e3\" data-element_type=\"container\" data-e-type=\"container\" data-settings=\"{&quot;jet_parallax_layout_list&quot;:[]}\">\n\t\t<div class=\"elementor-element elementor-element-985815a e-con-full e-flex e-con e-child\" data-id=\"985815a\" data-element_type=\"container\" data-e-type=\"container\" data-settings=\"{&quot;jet_parallax_layout_list&quot;:[]}\">\n\t\t\t\t<div class=\"elementor-element elementor-element-9ac581a elementor-widget elementor-widget-image\" data-id=\"9ac581a\" data-element_type=\"widget\" data-e-type=\"widget\" data-widget_type=\"image.default\">\n\t\t\t\t<div class=\"elementor-widget-container\">\n\t\t\t\t\t\t\t\t\t\t\t\t\t\t\t<img fetchpriority=\"high\" decoding=\"async\" width=\"679\" height=\"717\" src=\"https:\/\/latinbody.ch\/wp-content\/uploads\/2024\/09\/Tabla-3.svg\" class=\"attachment-large size-large wp-image-6061\" alt=\"\" \/>\t\t\t\t\t\t\t\t\t\t\t\t\t\t\t<\/div>\n\t\t\t\t<\/div>\n\t\t\t\t<\/div>\n\t\t<div class=\"elementor-element elementor-element-a666f74 e-con-full e-flex e-con e-child\" data-id=\"a666f74\" data-element_type=\"container\" data-e-type=\"container\" data-settings=\"{&quot;jet_parallax_layout_list&quot;:[]}\">\n\t\t\t\t<div class=\"elementor-element elementor-element-948ddf5 elementor-widget elementor-widget-image\" data-id=\"948ddf5\" data-element_type=\"widget\" data-e-type=\"widget\" data-widget_type=\"image.default\">\n\t\t\t\t<div class=\"elementor-widget-container\">\n\t\t\t\t\t\t\t\t\t\t\t\t\t\t\t<img decoding=\"async\" width=\"800\" height=\"975\" src=\"https:\/\/latinbody.ch\/wp-content\/uploads\/2024\/09\/TABLA-DE-MEDIDAS-model3.jpg\" class=\"attachment-large size-large wp-image-6062\" alt=\"\" srcset=\"https:\/\/latinbody.ch\/wp-content\/uploads\/2024\/09\/TABLA-DE-MEDIDAS-model3.jpg 800w, https:\/\/latinbody.ch\/wp-content\/uploads\/2024\/09\/TABLA-DE-MEDIDAS-model3-246x300.jpg 246w, https:\/\/latinbody.ch\/wp-content\/uploads\/2024\/09\/TABLA-DE-MEDIDAS-model3-768x936.jpg 768w, https:\/\/latinbody.ch\/wp-content\/uploads\/2024\/09\/TABLA-DE-MEDIDAS-model3-600x731.jpg 600w, https:\/\/latinbody.ch\/wp-content\/uploads\/2024\/09\/TABLA-DE-MEDIDAS-model3-64x78.jpg 64w\" sizes=\"(max-width: 800px) 100vw, 800px\" \/>\t\t\t\t\t\t\t\t\t\t\t\t\t\t\t<\/div>\n\t\t\t\t<\/div>\n\t\t\t\t<\/div>\n\t\t\t\t<\/div>\n\t\t\t\t\t<\/div>\n\t\t\t\t<\/div>\n\t\t\t\t<\/div>\n\t\t","protected":false},"excerpt":{"rendered":"<p>Gr\u00f6\u00dfentabelle f\u00fcr Herren Wenn Sie zwischen zwei Gr\u00f6\u00dfen liegen, sollten Sie aufgrund der hohen Kompression der Kleidungsst\u00fccke die gr\u00f6\u00dfere Gr\u00f6\u00dfe w\u00e4hlen. Die Bestimmung der richtigen Gr\u00f6\u00dfe ist sehr wichtig, um sich rundum wohlzuf\u00fchlen. Ber\u00fccksichtigen Sie Ihr Gewicht, um die ideale Gr\u00f6\u00dfe f\u00fcr sich zu w\u00e4hlen. Denken Sie daran, progressive Anpassungsphasen einzulegen. Konsultieren Sie vor der [&hellip;]<\/p>\n","protected":false},"author":2,"featured_media":0,"parent":0,"menu_order":0,"comment_status":"closed","ping_status":"closed","template":"elementor_header_footer","meta":{"_joinchat":[],"footnotes":""},"class_list":["post-6060","page","type-page","status-publish","hentry"],"yoast_head":"<!-- This site is optimized with the Yoast SEO plugin v27.5 - https:\/\/yoast.com\/product\/yoast-seo-wordpress\/ -->\n<title>Gr\u00f6\u00dfentabelle f\u00fcr Herren - LatinBody<\/title>\n<meta name=\"robots\" content=\"index, follow, max-snippet:-1, max-image-preview:large, max-video-preview:-1\" \/>\n<link rel=\"canonical\" href=\"https:\/\/latinbody.ch\/de\/groessentabelle-fuer-herren-2\/\" \/>\n<meta property=\"og:locale\" content=\"de_DE\" \/>\n<meta property=\"og:type\" content=\"article\" \/>\n<meta property=\"og:title\" content=\"Gr\u00f6\u00dfentabelle f\u00fcr Herren - LatinBody\" \/>\n<meta property=\"og:description\" content=\"Gr\u00f6\u00dfentabelle f\u00fcr Herren Wenn Sie zwischen zwei Gr\u00f6\u00dfen liegen, sollten Sie aufgrund der hohen Kompression der Kleidungsst\u00fccke die gr\u00f6\u00dfere Gr\u00f6\u00dfe w\u00e4hlen. Die Bestimmung der richtigen Gr\u00f6\u00dfe ist sehr wichtig, um sich rundum wohlzuf\u00fchlen. Ber\u00fccksichtigen Sie Ihr Gewicht, um die ideale Gr\u00f6\u00dfe f\u00fcr sich zu w\u00e4hlen. Denken Sie daran, progressive Anpassungsphasen einzulegen. Konsultieren Sie vor der [&hellip;]\" \/>\n<meta property=\"og:url\" content=\"https:\/\/latinbody.ch\/de\/groessentabelle-fuer-herren-2\/\" \/>\n<meta property=\"og:site_name\" content=\"LatinBody\" \/>\n<meta property=\"article:publisher\" content=\"https:\/\/www.facebook.com\/latinbody\" \/>\n<meta property=\"article:modified_time\" content=\"2025-12-10T00:15:06+00:00\" \/>\n<meta property=\"og:image\" content=\"https:\/\/latinbody.ch\/wp-content\/uploads\/2024\/09\/Tabla-3.svg\" \/>\n<meta name=\"twitter:card\" content=\"summary_large_image\" \/>\n<script type=\"application\/ld+json\" class=\"yoast-schema-graph\">{\"@context\":\"https:\\\/\\\/schema.org\",\"@graph\":[{\"@type\":\"WebPage\",\"@id\":\"https:\\\/\\\/latinbody.ch\\\/de\\\/groessentabelle-fuer-herren-2\\\/\",\"url\":\"https:\\\/\\\/latinbody.ch\\\/de\\\/groessentabelle-fuer-herren-2\\\/\",\"name\":\"Gr\u00f6\u00dfentabelle f\u00fcr Herren - LatinBody\",\"isPartOf\":{\"@id\":\"https:\\\/\\\/latinbody.ch\\\/de\\\/#website\"},\"primaryImageOfPage\":{\"@id\":\"https:\\\/\\\/latinbody.ch\\\/de\\\/groessentabelle-fuer-herren-2\\\/#primaryimage\"},\"image\":{\"@id\":\"https:\\\/\\\/latinbody.ch\\\/de\\\/groessentabelle-fuer-herren-2\\\/#primaryimage\"},\"thumbnailUrl\":\"https:\\\/\\\/latinbody.ch\\\/wp-content\\\/uploads\\\/2024\\\/09\\\/Tabla-3.svg\",\"datePublished\":\"2024-09-25T01:12:20+00:00\",\"dateModified\":\"2025-12-10T00:15:06+00:00\",\"breadcrumb\":{\"@id\":\"https:\\\/\\\/latinbody.ch\\\/de\\\/groessentabelle-fuer-herren-2\\\/#breadcrumb\"},\"inLanguage\":\"de\",\"potentialAction\":[{\"@type\":\"ReadAction\",\"target\":[\"https:\\\/\\\/latinbody.ch\\\/de\\\/groessentabelle-fuer-herren-2\\\/\"]}]},{\"@type\":\"ImageObject\",\"inLanguage\":\"de\",\"@id\":\"https:\\\/\\\/latinbody.ch\\\/de\\\/groessentabelle-fuer-herren-2\\\/#primaryimage\",\"url\":\"https:\\\/\\\/latinbody.ch\\\/wp-content\\\/uploads\\\/2024\\\/09\\\/Tabla-3.svg\",\"contentUrl\":\"https:\\\/\\\/latinbody.ch\\\/wp-content\\\/uploads\\\/2024\\\/09\\\/Tabla-3.svg\"},{\"@type\":\"BreadcrumbList\",\"@id\":\"https:\\\/\\\/latinbody.ch\\\/de\\\/groessentabelle-fuer-herren-2\\\/#breadcrumb\",\"itemListElement\":[{\"@type\":\"ListItem\",\"position\":1,\"name\":\"Portada\",\"item\":\"https:\\\/\\\/latinbody.ch\\\/de\\\/\"},{\"@type\":\"ListItem\",\"position\":2,\"name\":\"Gr\u00f6\u00dfentabelle f\u00fcr Herren\"}]},{\"@type\":\"WebSite\",\"@id\":\"https:\\\/\\\/latinbody.ch\\\/de\\\/#website\",\"url\":\"https:\\\/\\\/latinbody.ch\\\/de\\\/\",\"name\":\"www.latinbody.ch\",\"description\":\"Fajas Reductoras | Reductora Post-Parto | Reductora Levanta Cola\",\"publisher\":{\"@id\":\"https:\\\/\\\/latinbody.ch\\\/de\\\/#organization\"},\"potentialAction\":[{\"@type\":\"SearchAction\",\"target\":{\"@type\":\"EntryPoint\",\"urlTemplate\":\"https:\\\/\\\/latinbody.ch\\\/de\\\/?s={search_term_string}\"},\"query-input\":{\"@type\":\"PropertyValueSpecification\",\"valueRequired\":true,\"valueName\":\"search_term_string\"}}],\"inLanguage\":\"de\"},{\"@type\":\"Organization\",\"@id\":\"https:\\\/\\\/latinbody.ch\\\/de\\\/#organization\",\"name\":\"latinbody\",\"url\":\"https:\\\/\\\/latinbody.ch\\\/de\\\/\",\"logo\":{\"@type\":\"ImageObject\",\"inLanguage\":\"de\",\"@id\":\"https:\\\/\\\/latinbody.ch\\\/de\\\/#\\\/schema\\\/logo\\\/image\\\/\",\"url\":\"https:\\\/\\\/latinbody.ch\\\/wp-content\\\/uploads\\\/2022\\\/07\\\/logo-latin-body-2022.svg\",\"contentUrl\":\"https:\\\/\\\/latinbody.ch\\\/wp-content\\\/uploads\\\/2022\\\/07\\\/logo-latin-body-2022.svg\",\"width\":625.34,\"height\":146.1,\"caption\":\"latinbody\"},\"image\":{\"@id\":\"https:\\\/\\\/latinbody.ch\\\/de\\\/#\\\/schema\\\/logo\\\/image\\\/\"},\"sameAs\":[\"https:\\\/\\\/www.facebook.com\\\/latinbody\",\"https:\\\/\\\/www.instagram.com\\\/latinbody_official\\\/\"]}]}<\/script>\n<!-- \/ Yoast SEO plugin. -->","yoast_head_json":{"title":"Gr\u00f6\u00dfentabelle f\u00fcr Herren - LatinBody","robots":{"index":"index","follow":"follow","max-snippet":"max-snippet:-1","max-image-preview":"max-image-preview:large","max-video-preview":"max-video-preview:-1"},"canonical":"https:\/\/latinbody.ch\/de\/groessentabelle-fuer-herren-2\/","og_locale":"de_DE","og_type":"article","og_title":"Gr\u00f6\u00dfentabelle f\u00fcr Herren - LatinBody","og_description":"Gr\u00f6\u00dfentabelle f\u00fcr Herren Wenn Sie zwischen zwei Gr\u00f6\u00dfen liegen, sollten Sie aufgrund der hohen Kompression der Kleidungsst\u00fccke die gr\u00f6\u00dfere Gr\u00f6\u00dfe w\u00e4hlen. Die Bestimmung der richtigen Gr\u00f6\u00dfe ist sehr wichtig, um sich rundum wohlzuf\u00fchlen. Ber\u00fccksichtigen Sie Ihr Gewicht, um die ideale Gr\u00f6\u00dfe f\u00fcr sich zu w\u00e4hlen. Denken Sie daran, progressive Anpassungsphasen einzulegen. Konsultieren Sie vor der [&hellip;]","og_url":"https:\/\/latinbody.ch\/de\/groessentabelle-fuer-herren-2\/","og_site_name":"LatinBody","article_publisher":"https:\/\/www.facebook.com\/latinbody","article_modified_time":"2025-12-10T00:15:06+00:00","og_image":[{"url":"https:\/\/latinbody.ch\/wp-content\/uploads\/2024\/09\/Tabla-3.svg","type":"","width":"","height":""}],"twitter_card":"summary_large_image","schema":{"@context":"https:\/\/schema.org","@graph":[{"@type":"WebPage","@id":"https:\/\/latinbody.ch\/de\/groessentabelle-fuer-herren-2\/","url":"https:\/\/latinbody.ch\/de\/groessentabelle-fuer-herren-2\/","name":"Gr\u00f6\u00dfentabelle f\u00fcr Herren - LatinBody","isPartOf":{"@id":"https:\/\/latinbody.ch\/de\/#website"},"primaryImageOfPage":{"@id":"https:\/\/latinbody.ch\/de\/groessentabelle-fuer-herren-2\/#primaryimage"},"image":{"@id":"https:\/\/latinbody.ch\/de\/groessentabelle-fuer-herren-2\/#primaryimage"},"thumbnailUrl":"https:\/\/latinbody.ch\/wp-content\/uploads\/2024\/09\/Tabla-3.svg","datePublished":"2024-09-25T01:12:20+00:00","dateModified":"2025-12-10T00:15:06+00:00","breadcrumb":{"@id":"https:\/\/latinbody.ch\/de\/groessentabelle-fuer-herren-2\/#breadcrumb"},"inLanguage":"de","potentialAction":[{"@type":"ReadAction","target":["https:\/\/latinbody.ch\/de\/groessentabelle-fuer-herren-2\/"]}]},{"@type":"ImageObject","inLanguage":"de","@id":"https:\/\/latinbody.ch\/de\/groessentabelle-fuer-herren-2\/#primaryimage","url":"https:\/\/latinbody.ch\/wp-content\/uploads\/2024\/09\/Tabla-3.svg","contentUrl":"https:\/\/latinbody.ch\/wp-content\/uploads\/2024\/09\/Tabla-3.svg"},{"@type":"BreadcrumbList","@id":"https:\/\/latinbody.ch\/de\/groessentabelle-fuer-herren-2\/#breadcrumb","itemListElement":[{"@type":"ListItem","position":1,"name":"Portada","item":"https:\/\/latinbody.ch\/de\/"},{"@type":"ListItem","position":2,"name":"Gr\u00f6\u00dfentabelle f\u00fcr Herren"}]},{"@type":"WebSite","@id":"https:\/\/latinbody.ch\/de\/#website","url":"https:\/\/latinbody.ch\/de\/","name":"www.latinbody.ch","description":"Fajas Reductoras | Reductora Post-Parto | Reductora Levanta Cola","publisher":{"@id":"https:\/\/latinbody.ch\/de\/#organization"},"potentialAction":[{"@type":"SearchAction","target":{"@type":"EntryPoint","urlTemplate":"https:\/\/latinbody.ch\/de\/?s={search_term_string}"},"query-input":{"@type":"PropertyValueSpecification","valueRequired":true,"valueName":"search_term_string"}}],"inLanguage":"de"},{"@type":"Organization","@id":"https:\/\/latinbody.ch\/de\/#organization","name":"latinbody","url":"https:\/\/latinbody.ch\/de\/","logo":{"@type":"ImageObject","inLanguage":"de","@id":"https:\/\/latinbody.ch\/de\/#\/schema\/logo\/image\/","url":"https:\/\/latinbody.ch\/wp-content\/uploads\/2022\/07\/logo-latin-body-2022.svg","contentUrl":"https:\/\/latinbody.ch\/wp-content\/uploads\/2022\/07\/logo-latin-body-2022.svg","width":625.34,"height":146.1,"caption":"latinbody"},"image":{"@id":"https:\/\/latinbody.ch\/de\/#\/schema\/logo\/image\/"},"sameAs":["https:\/\/www.facebook.com\/latinbody","https:\/\/www.instagram.com\/latinbody_official\/"]}]}},"_links":{"self":[{"href":"https:\/\/latinbody.ch\/de\/wp-json\/wp\/v2\/pages\/6060","targetHints":{"allow":["GET"]}}],"collection":[{"href":"https:\/\/latinbody.ch\/de\/wp-json\/wp\/v2\/pages"}],"about":[{"href":"https:\/\/latinbody.ch\/de\/wp-json\/wp\/v2\/types\/page"}],"author":[{"embeddable":true,"href":"https:\/\/latinbody.ch\/de\/wp-json\/wp\/v2\/users\/2"}],"replies":[{"embeddable":true,"href":"https:\/\/latinbody.ch\/de\/wp-json\/wp\/v2\/comments?post=6060"}],"version-history":[{"count":0,"href":"https:\/\/latinbody.ch\/de\/wp-json\/wp\/v2\/pages\/6060\/revisions"}],"wp:attachment":[{"href":"https:\/\/latinbody.ch\/de\/wp-json\/wp\/v2\/media?parent=6060"}],"curies":[{"name":"wp","href":"https:\/\/api.w.org\/{rel}","templated":true}]}}