{"id":6069,"date":"2024-09-25T03:06:25","date_gmt":"2024-09-25T01:06:25","guid":{"rendered":"https:\/\/latinbody.ch\/groessentabelle-bhs\/"},"modified":"2025-12-10T01:15:06","modified_gmt":"2025-12-10T00:15:06","slug":"groessentabelle-bhs","status":"publish","type":"page","link":"https:\/\/latinbody.ch\/de\/groessentabelle-bhs\/","title":{"rendered":"Gr\u00f6\u00dfentabelle BHs"},"content":{"rendered":"\t\t<div data-elementor-type=\"wp-page\" data-elementor-id=\"6069\" class=\"elementor elementor-6069 elementor-4964\" data-elementor-post-type=\"page\">\n\t\t\t\t<div class=\"elementor-element elementor-element-7fd2408 e-flex e-con-boxed e-con e-parent\" data-id=\"7fd2408\" data-element_type=\"container\" data-e-type=\"container\" data-settings=\"{&quot;jet_parallax_layout_list&quot;:[]}\">\n\t\t\t\t\t<div class=\"e-con-inner\">\n\t\t\t\t<div class=\"elementor-element elementor-element-ce03bc8 elementor-widget elementor-widget-heading\" data-id=\"ce03bc8\" data-element_type=\"widget\" data-e-type=\"widget\" data-widget_type=\"heading.default\">\n\t\t\t\t<div class=\"elementor-widget-container\">\n\t\t\t\t\t<h2 class=\"elementor-heading-title elementor-size-default\">Gr\u00f6\u00dfentabelle BHs<\/h2>\t\t\t\t<\/div>\n\t\t\t\t<\/div>\n\t\t\t\t<div class=\"elementor-element elementor-element-88f6127 elementor-widget-divider--view-line elementor-widget elementor-widget-divider\" data-id=\"88f6127\" data-element_type=\"widget\" data-e-type=\"widget\" data-widget_type=\"divider.default\">\n\t\t\t\t<div class=\"elementor-widget-container\">\n\t\t\t\t\t\t\t<div class=\"elementor-divider\">\n\t\t\t<span class=\"elementor-divider-separator\">\n\t\t\t\t\t\t<\/span>\n\t\t<\/div>\n\t\t\t\t\t\t<\/div>\n\t\t\t\t<\/div>\n\t\t\t\t<div class=\"elementor-element elementor-element-13559aa elementor-widget elementor-widget-text-editor\" data-id=\"13559aa\" data-element_type=\"widget\" data-e-type=\"widget\" data-widget_type=\"text-editor.default\">\n\t\t\t\t<div class=\"elementor-widget-container\">\n\t\t\t\t\t\t\t\t\t<p>Um die richtige BH-Gr\u00f6\u00dfe zu w\u00e4hlen, befolgen Sie diese Empfehlungen:<\/p><p><strong>Oberer Umfang<\/strong><\/p><p>Umfassen Sie mit Hilfe eines Ma\u00dfbandes Ihre Brust und Ihren R\u00fccken und messen Sie auf gleicher H\u00f6he direkt \u00fcber Ihrer Brust, oberhalb Ihrer Brustwarze.<\/p><p><strong>Unterer Umfang<\/strong><\/p><p>Senken Sie das Ma\u00dfband ab und messen Sie direkt unterhalb Ihrer Brust, wie in der Bildlinie angegeben.<\/p><p>*\u00dcberpr\u00fcfen Sie die von Ihnen vorgenommenen Messungen und vergleichen Sie die Werte. W\u00e4hlen Sie die Gr\u00f6\u00dfe entsprechend den in der Tabelle angegebenen Ma\u00dfen. <\/p><p>*Es ist sehr wichtig, die richtige Gr\u00f6\u00dfe zu w\u00e4hlen, damit der BH ideal f\u00fcr Sie ist und zuk\u00fcnftige Beschwerden vermieden werden.<br>Wenn Sie zwischen zwei Gr\u00f6\u00dfen liegen, sollten Sie die gr\u00f6\u00dfere Gr\u00f6\u00dfe w\u00e4hlen.<\/p><p>*Bevor Sie eines unserer Produkte verwenden, konsultieren Sie Ihren Arzt.<\/p>\t\t\t\t\t\t\t\t<\/div>\n\t\t\t\t<\/div>\n\t\t<div class=\"elementor-element elementor-element-e546d4f e-con-full e-flex e-con e-child\" data-id=\"e546d4f\" data-element_type=\"container\" data-e-type=\"container\" data-settings=\"{&quot;jet_parallax_layout_list&quot;:[]}\">\n\t\t<div class=\"elementor-element elementor-element-bb5c709 e-con-full e-flex e-con e-child\" data-id=\"bb5c709\" data-element_type=\"container\" data-e-type=\"container\" data-settings=\"{&quot;jet_parallax_layout_list&quot;:[]}\">\n\t\t\t\t<div class=\"elementor-element elementor-element-6b84006 elementor-widget elementor-widget-image\" data-id=\"6b84006\" data-element_type=\"widget\" data-e-type=\"widget\" data-widget_type=\"image.default\">\n\t\t\t\t<div class=\"elementor-widget-container\">\n\t\t\t\t\t\t\t\t\t\t\t\t\t\t\t<img fetchpriority=\"high\" decoding=\"async\" width=\"693\" height=\"713\" src=\"https:\/\/latinbody.ch\/wp-content\/uploads\/2024\/09\/Tabla-2.svg\" class=\"attachment-large size-large wp-image-6070\" alt=\"\" \/>\t\t\t\t\t\t\t\t\t\t\t\t\t\t\t<\/div>\n\t\t\t\t<\/div>\n\t\t\t\t<\/div>\n\t\t<div class=\"elementor-element elementor-element-1585378 e-con-full e-flex e-con e-child\" data-id=\"1585378\" data-element_type=\"container\" data-e-type=\"container\" data-settings=\"{&quot;jet_parallax_layout_list&quot;:[]}\">\n\t\t\t\t<div class=\"elementor-element elementor-element-e9d2b32 elementor-widget elementor-widget-image\" data-id=\"e9d2b32\" data-element_type=\"widget\" data-e-type=\"widget\" data-widget_type=\"image.default\">\n\t\t\t\t<div class=\"elementor-widget-container\">\n\t\t\t\t\t\t\t\t\t\t\t\t\t\t\t<img decoding=\"async\" width=\"800\" height=\"967\" src=\"https:\/\/latinbody.ch\/wp-content\/uploads\/2024\/09\/TABLA-DE-MEDIDAS-model2.jpg\" class=\"attachment-large size-large wp-image-6071\" alt=\"\" srcset=\"https:\/\/latinbody.ch\/wp-content\/uploads\/2024\/09\/TABLA-DE-MEDIDAS-model2.jpg 800w, https:\/\/latinbody.ch\/wp-content\/uploads\/2024\/09\/TABLA-DE-MEDIDAS-model2-248x300.jpg 248w, https:\/\/latinbody.ch\/wp-content\/uploads\/2024\/09\/TABLA-DE-MEDIDAS-model2-768x928.jpg 768w, https:\/\/latinbody.ch\/wp-content\/uploads\/2024\/09\/TABLA-DE-MEDIDAS-model2-600x725.jpg 600w, https:\/\/latinbody.ch\/wp-content\/uploads\/2024\/09\/TABLA-DE-MEDIDAS-model2-64x77.jpg 64w\" sizes=\"(max-width: 800px) 100vw, 800px\" \/>\t\t\t\t\t\t\t\t\t\t\t\t\t\t\t<\/div>\n\t\t\t\t<\/div>\n\t\t\t\t<\/div>\n\t\t\t\t<\/div>\n\t\t\t\t\t<\/div>\n\t\t\t\t<\/div>\n\t\t\t\t<\/div>\n\t\t","protected":false},"excerpt":{"rendered":"<p>Gr\u00f6\u00dfentabelle BHs Um die richtige BH-Gr\u00f6\u00dfe zu w\u00e4hlen, befolgen Sie diese Empfehlungen: Oberer Umfang Umfassen Sie mit Hilfe eines Ma\u00dfbandes Ihre Brust und Ihren R\u00fccken und messen Sie auf gleicher H\u00f6he direkt \u00fcber Ihrer Brust, oberhalb Ihrer Brustwarze. Unterer Umfang Senken Sie das Ma\u00dfband ab und messen Sie direkt unterhalb Ihrer Brust, wie in der [&hellip;]<\/p>\n","protected":false},"author":2,"featured_media":0,"parent":0,"menu_order":0,"comment_status":"closed","ping_status":"closed","template":"elementor_header_footer","meta":{"_joinchat":[],"footnotes":""},"class_list":["post-6069","page","type-page","status-publish","hentry"],"yoast_head":"<!-- This site is optimized with the Yoast SEO plugin v27.5 - https:\/\/yoast.com\/product\/yoast-seo-wordpress\/ -->\n<title>Gr\u00f6\u00dfentabelle BHs - LatinBody<\/title>\n<meta name=\"robots\" content=\"index, follow, max-snippet:-1, max-image-preview:large, max-video-preview:-1\" \/>\n<link rel=\"canonical\" href=\"https:\/\/latinbody.ch\/de\/groessentabelle-bhs\/\" \/>\n<meta property=\"og:locale\" content=\"de_DE\" \/>\n<meta property=\"og:type\" content=\"article\" \/>\n<meta property=\"og:title\" content=\"Gr\u00f6\u00dfentabelle BHs - LatinBody\" \/>\n<meta property=\"og:description\" content=\"Gr\u00f6\u00dfentabelle BHs Um die richtige BH-Gr\u00f6\u00dfe zu w\u00e4hlen, befolgen Sie diese Empfehlungen: Oberer Umfang Umfassen Sie mit Hilfe eines Ma\u00dfbandes Ihre Brust und Ihren R\u00fccken und messen Sie auf gleicher H\u00f6he direkt \u00fcber Ihrer Brust, oberhalb Ihrer Brustwarze. Unterer Umfang Senken Sie das Ma\u00dfband ab und messen Sie direkt unterhalb Ihrer Brust, wie in der [&hellip;]\" \/>\n<meta property=\"og:url\" content=\"https:\/\/latinbody.ch\/de\/groessentabelle-bhs\/\" \/>\n<meta property=\"og:site_name\" content=\"LatinBody\" \/>\n<meta property=\"article:publisher\" content=\"https:\/\/www.facebook.com\/latinbody\" \/>\n<meta property=\"article:modified_time\" content=\"2025-12-10T00:15:06+00:00\" \/>\n<meta property=\"og:image\" content=\"https:\/\/latinbody.ch\/wp-content\/uploads\/2024\/09\/Tabla-2.svg\" \/>\n<meta name=\"twitter:card\" content=\"summary_large_image\" \/>\n<meta name=\"twitter:label1\" content=\"Gesch\u00e4tzte Lesezeit\" \/>\n\t<meta name=\"twitter:data1\" content=\"1\u00a0Minute\" \/>\n<script type=\"application\/ld+json\" class=\"yoast-schema-graph\">{\"@context\":\"https:\\\/\\\/schema.org\",\"@graph\":[{\"@type\":\"WebPage\",\"@id\":\"https:\\\/\\\/latinbody.ch\\\/de\\\/groessentabelle-bhs\\\/\",\"url\":\"https:\\\/\\\/latinbody.ch\\\/de\\\/groessentabelle-bhs\\\/\",\"name\":\"Gr\u00f6\u00dfentabelle BHs - LatinBody\",\"isPartOf\":{\"@id\":\"https:\\\/\\\/latinbody.ch\\\/de\\\/#website\"},\"primaryImageOfPage\":{\"@id\":\"https:\\\/\\\/latinbody.ch\\\/de\\\/groessentabelle-bhs\\\/#primaryimage\"},\"image\":{\"@id\":\"https:\\\/\\\/latinbody.ch\\\/de\\\/groessentabelle-bhs\\\/#primaryimage\"},\"thumbnailUrl\":\"https:\\\/\\\/latinbody.ch\\\/wp-content\\\/uploads\\\/2024\\\/09\\\/Tabla-2.svg\",\"datePublished\":\"2024-09-25T01:06:25+00:00\",\"dateModified\":\"2025-12-10T00:15:06+00:00\",\"breadcrumb\":{\"@id\":\"https:\\\/\\\/latinbody.ch\\\/de\\\/groessentabelle-bhs\\\/#breadcrumb\"},\"inLanguage\":\"de\",\"potentialAction\":[{\"@type\":\"ReadAction\",\"target\":[\"https:\\\/\\\/latinbody.ch\\\/de\\\/groessentabelle-bhs\\\/\"]}]},{\"@type\":\"ImageObject\",\"inLanguage\":\"de\",\"@id\":\"https:\\\/\\\/latinbody.ch\\\/de\\\/groessentabelle-bhs\\\/#primaryimage\",\"url\":\"https:\\\/\\\/latinbody.ch\\\/wp-content\\\/uploads\\\/2024\\\/09\\\/Tabla-2.svg\",\"contentUrl\":\"https:\\\/\\\/latinbody.ch\\\/wp-content\\\/uploads\\\/2024\\\/09\\\/Tabla-2.svg\"},{\"@type\":\"BreadcrumbList\",\"@id\":\"https:\\\/\\\/latinbody.ch\\\/de\\\/groessentabelle-bhs\\\/#breadcrumb\",\"itemListElement\":[{\"@type\":\"ListItem\",\"position\":1,\"name\":\"Portada\",\"item\":\"https:\\\/\\\/latinbody.ch\\\/de\\\/\"},{\"@type\":\"ListItem\",\"position\":2,\"name\":\"Gr\u00f6\u00dfentabelle BHs\"}]},{\"@type\":\"WebSite\",\"@id\":\"https:\\\/\\\/latinbody.ch\\\/de\\\/#website\",\"url\":\"https:\\\/\\\/latinbody.ch\\\/de\\\/\",\"name\":\"www.latinbody.ch\",\"description\":\"Fajas Reductoras | Reductora Post-Parto | Reductora Levanta Cola\",\"publisher\":{\"@id\":\"https:\\\/\\\/latinbody.ch\\\/de\\\/#organization\"},\"potentialAction\":[{\"@type\":\"SearchAction\",\"target\":{\"@type\":\"EntryPoint\",\"urlTemplate\":\"https:\\\/\\\/latinbody.ch\\\/de\\\/?s={search_term_string}\"},\"query-input\":{\"@type\":\"PropertyValueSpecification\",\"valueRequired\":true,\"valueName\":\"search_term_string\"}}],\"inLanguage\":\"de\"},{\"@type\":\"Organization\",\"@id\":\"https:\\\/\\\/latinbody.ch\\\/de\\\/#organization\",\"name\":\"latinbody\",\"url\":\"https:\\\/\\\/latinbody.ch\\\/de\\\/\",\"logo\":{\"@type\":\"ImageObject\",\"inLanguage\":\"de\",\"@id\":\"https:\\\/\\\/latinbody.ch\\\/de\\\/#\\\/schema\\\/logo\\\/image\\\/\",\"url\":\"https:\\\/\\\/latinbody.ch\\\/wp-content\\\/uploads\\\/2022\\\/07\\\/logo-latin-body-2022.svg\",\"contentUrl\":\"https:\\\/\\\/latinbody.ch\\\/wp-content\\\/uploads\\\/2022\\\/07\\\/logo-latin-body-2022.svg\",\"width\":625.34,\"height\":146.1,\"caption\":\"latinbody\"},\"image\":{\"@id\":\"https:\\\/\\\/latinbody.ch\\\/de\\\/#\\\/schema\\\/logo\\\/image\\\/\"},\"sameAs\":[\"https:\\\/\\\/www.facebook.com\\\/latinbody\",\"https:\\\/\\\/www.instagram.com\\\/latinbody_official\\\/\"]}]}<\/script>\n<!-- \/ Yoast SEO plugin. -->","yoast_head_json":{"title":"Gr\u00f6\u00dfentabelle BHs - LatinBody","robots":{"index":"index","follow":"follow","max-snippet":"max-snippet:-1","max-image-preview":"max-image-preview:large","max-video-preview":"max-video-preview:-1"},"canonical":"https:\/\/latinbody.ch\/de\/groessentabelle-bhs\/","og_locale":"de_DE","og_type":"article","og_title":"Gr\u00f6\u00dfentabelle BHs - LatinBody","og_description":"Gr\u00f6\u00dfentabelle BHs Um die richtige BH-Gr\u00f6\u00dfe zu w\u00e4hlen, befolgen Sie diese Empfehlungen: Oberer Umfang Umfassen Sie mit Hilfe eines Ma\u00dfbandes Ihre Brust und Ihren R\u00fccken und messen Sie auf gleicher H\u00f6he direkt \u00fcber Ihrer Brust, oberhalb Ihrer Brustwarze. Unterer Umfang Senken Sie das Ma\u00dfband ab und messen Sie direkt unterhalb Ihrer Brust, wie in der [&hellip;]","og_url":"https:\/\/latinbody.ch\/de\/groessentabelle-bhs\/","og_site_name":"LatinBody","article_publisher":"https:\/\/www.facebook.com\/latinbody","article_modified_time":"2025-12-10T00:15:06+00:00","og_image":[{"url":"https:\/\/latinbody.ch\/wp-content\/uploads\/2024\/09\/Tabla-2.svg","type":"","width":"","height":""}],"twitter_card":"summary_large_image","twitter_misc":{"Gesch\u00e4tzte Lesezeit":"1\u00a0Minute"},"schema":{"@context":"https:\/\/schema.org","@graph":[{"@type":"WebPage","@id":"https:\/\/latinbody.ch\/de\/groessentabelle-bhs\/","url":"https:\/\/latinbody.ch\/de\/groessentabelle-bhs\/","name":"Gr\u00f6\u00dfentabelle BHs - LatinBody","isPartOf":{"@id":"https:\/\/latinbody.ch\/de\/#website"},"primaryImageOfPage":{"@id":"https:\/\/latinbody.ch\/de\/groessentabelle-bhs\/#primaryimage"},"image":{"@id":"https:\/\/latinbody.ch\/de\/groessentabelle-bhs\/#primaryimage"},"thumbnailUrl":"https:\/\/latinbody.ch\/wp-content\/uploads\/2024\/09\/Tabla-2.svg","datePublished":"2024-09-25T01:06:25+00:00","dateModified":"2025-12-10T00:15:06+00:00","breadcrumb":{"@id":"https:\/\/latinbody.ch\/de\/groessentabelle-bhs\/#breadcrumb"},"inLanguage":"de","potentialAction":[{"@type":"ReadAction","target":["https:\/\/latinbody.ch\/de\/groessentabelle-bhs\/"]}]},{"@type":"ImageObject","inLanguage":"de","@id":"https:\/\/latinbody.ch\/de\/groessentabelle-bhs\/#primaryimage","url":"https:\/\/latinbody.ch\/wp-content\/uploads\/2024\/09\/Tabla-2.svg","contentUrl":"https:\/\/latinbody.ch\/wp-content\/uploads\/2024\/09\/Tabla-2.svg"},{"@type":"BreadcrumbList","@id":"https:\/\/latinbody.ch\/de\/groessentabelle-bhs\/#breadcrumb","itemListElement":[{"@type":"ListItem","position":1,"name":"Portada","item":"https:\/\/latinbody.ch\/de\/"},{"@type":"ListItem","position":2,"name":"Gr\u00f6\u00dfentabelle BHs"}]},{"@type":"WebSite","@id":"https:\/\/latinbody.ch\/de\/#website","url":"https:\/\/latinbody.ch\/de\/","name":"www.latinbody.ch","description":"Fajas Reductoras | Reductora Post-Parto | Reductora Levanta Cola","publisher":{"@id":"https:\/\/latinbody.ch\/de\/#organization"},"potentialAction":[{"@type":"SearchAction","target":{"@type":"EntryPoint","urlTemplate":"https:\/\/latinbody.ch\/de\/?s={search_term_string}"},"query-input":{"@type":"PropertyValueSpecification","valueRequired":true,"valueName":"search_term_string"}}],"inLanguage":"de"},{"@type":"Organization","@id":"https:\/\/latinbody.ch\/de\/#organization","name":"latinbody","url":"https:\/\/latinbody.ch\/de\/","logo":{"@type":"ImageObject","inLanguage":"de","@id":"https:\/\/latinbody.ch\/de\/#\/schema\/logo\/image\/","url":"https:\/\/latinbody.ch\/wp-content\/uploads\/2022\/07\/logo-latin-body-2022.svg","contentUrl":"https:\/\/latinbody.ch\/wp-content\/uploads\/2022\/07\/logo-latin-body-2022.svg","width":625.34,"height":146.1,"caption":"latinbody"},"image":{"@id":"https:\/\/latinbody.ch\/de\/#\/schema\/logo\/image\/"},"sameAs":["https:\/\/www.facebook.com\/latinbody","https:\/\/www.instagram.com\/latinbody_official\/"]}]}},"_links":{"self":[{"href":"https:\/\/latinbody.ch\/de\/wp-json\/wp\/v2\/pages\/6069","targetHints":{"allow":["GET"]}}],"collection":[{"href":"https:\/\/latinbody.ch\/de\/wp-json\/wp\/v2\/pages"}],"about":[{"href":"https:\/\/latinbody.ch\/de\/wp-json\/wp\/v2\/types\/page"}],"author":[{"embeddable":true,"href":"https:\/\/latinbody.ch\/de\/wp-json\/wp\/v2\/users\/2"}],"replies":[{"embeddable":true,"href":"https:\/\/latinbody.ch\/de\/wp-json\/wp\/v2\/comments?post=6069"}],"version-history":[{"count":0,"href":"https:\/\/latinbody.ch\/de\/wp-json\/wp\/v2\/pages\/6069\/revisions"}],"wp:attachment":[{"href":"https:\/\/latinbody.ch\/de\/wp-json\/wp\/v2\/media?parent=6069"}],"curies":[{"name":"wp","href":"https:\/\/api.w.org\/{rel}","templated":true}]}}