{"id":6074,"date":"2024-09-25T03:02:17","date_gmt":"2024-09-25T01:02:17","guid":{"rendered":"https:\/\/latinbody.ch\/groessentabelle-fuer-fajas\/"},"modified":"2025-12-10T01:15:06","modified_gmt":"2025-12-10T00:15:06","slug":"groessentabelle-fuer-fajas","status":"publish","type":"page","link":"https:\/\/latinbody.ch\/de\/groessentabelle-fuer-fajas\/","title":{"rendered":"Gr\u00f6\u00dfentabelle f\u00fcr Fajas"},"content":{"rendered":"\t\t<div data-elementor-type=\"wp-page\" data-elementor-id=\"6074\" class=\"elementor elementor-6074 elementor-4956\" data-elementor-post-type=\"page\">\n\t\t\t\t<div class=\"elementor-element elementor-element-0056caa e-flex e-con-boxed e-con e-parent\" data-id=\"0056caa\" data-element_type=\"container\" data-e-type=\"container\" data-settings=\"{&quot;jet_parallax_layout_list&quot;:[]}\">\n\t\t\t\t\t<div class=\"e-con-inner\">\n\t\t\t\t<div class=\"elementor-element elementor-element-eb56976 elementor-widget elementor-widget-heading\" data-id=\"eb56976\" data-element_type=\"widget\" data-e-type=\"widget\" data-widget_type=\"heading.default\">\n\t\t\t\t<div class=\"elementor-widget-container\">\n\t\t\t\t\t<h2 class=\"elementor-heading-title elementor-size-default\">Gr\u00f6\u00dfentabelle f\u00fcr Fajas<\/h2>\t\t\t\t<\/div>\n\t\t\t\t<\/div>\n\t\t\t\t<div class=\"elementor-element elementor-element-afcd194 elementor-widget-divider--view-line elementor-widget elementor-widget-divider\" data-id=\"afcd194\" data-element_type=\"widget\" data-e-type=\"widget\" data-widget_type=\"divider.default\">\n\t\t\t\t<div class=\"elementor-widget-container\">\n\t\t\t\t\t\t\t<div class=\"elementor-divider\">\n\t\t\t<span class=\"elementor-divider-separator\">\n\t\t\t\t\t\t<\/span>\n\t\t<\/div>\n\t\t\t\t\t\t<\/div>\n\t\t\t\t<\/div>\n\t\t\t\t<div class=\"elementor-element elementor-element-dc6fb52 elementor-widget elementor-widget-text-editor\" data-id=\"dc6fb52\" data-element_type=\"widget\" data-e-type=\"widget\" data-widget_type=\"text-editor.default\">\n\t\t\t\t<div class=\"elementor-widget-container\">\n\t\t\t\t\t\t\t\t\t<p>Wenn Sie zwischen zwei Gr\u00f6\u00dfen liegen, sollten Sie aufgrund der hohen Kompression der Kleidungsst\u00fccke die gr\u00f6\u00dfere Gr\u00f6\u00dfe w\u00e4hlen.<\/p><p><strong>Taille<\/strong><\/p><p>Am Ende des Rippenbereichs, etwas oberhalb des Bauchnabels, befindet sich die schmalste Stelle unseres K\u00f6rpers.<\/p><p><strong>H\u00fcfte<\/strong><\/p><p>Dies ist der breiteste Teil unseres K\u00f6rpers. Die Beine sollten geschlossen sein, ohne Druck aufeinander auszu\u00fcben.<br>*Die Bestimmung der richtigen Gr\u00f6\u00dfe ist sehr wichtig, um vollen Komfort zu gew\u00e4hrleisten. Nehmen Sie Ihre Taillen- und H\u00fcftma\u00dfe,<br>suchen Sie diese in der Gr\u00f6\u00dfentabelle, um die f\u00fcr Sie passende Gr\u00f6\u00dfe auszuw\u00e4hlen.<br>*Denken Sie daran, progressive Anpassungsphasen einzulegen.<br>*Konsultieren Sie vor der Verwendung unserer Produkte Ihren Arzt.<\/p>\t\t\t\t\t\t\t\t<\/div>\n\t\t\t\t<\/div>\n\t\t<div class=\"elementor-element elementor-element-ecda4f8 e-con-full e-flex e-con e-child\" data-id=\"ecda4f8\" data-element_type=\"container\" data-e-type=\"container\" data-settings=\"{&quot;jet_parallax_layout_list&quot;:[]}\">\n\t\t<div class=\"elementor-element elementor-element-4071980 e-con-full e-flex e-con e-child\" data-id=\"4071980\" data-element_type=\"container\" data-e-type=\"container\" data-settings=\"{&quot;jet_parallax_layout_list&quot;:[]}\">\n\t\t\t\t<div class=\"elementor-element elementor-element-0a2fc32 elementor-widget elementor-widget-image\" data-id=\"0a2fc32\" data-element_type=\"widget\" data-e-type=\"widget\" data-widget_type=\"image.default\">\n\t\t\t\t<div class=\"elementor-widget-container\">\n\t\t\t\t\t\t\t\t\t\t\t\t\t\t\t<img fetchpriority=\"high\" decoding=\"async\" width=\"800\" height=\"657\" src=\"https:\/\/latinbody.ch\/wp-content\/uploads\/2024\/09\/Tabla-1.svg\" class=\"attachment-large size-large wp-image-6056\" alt=\"\" \/>\t\t\t\t\t\t\t\t\t\t\t\t\t\t\t<\/div>\n\t\t\t\t<\/div>\n\t\t\t\t<\/div>\n\t\t<div class=\"elementor-element elementor-element-abb3918 e-con-full e-flex e-con e-child\" data-id=\"abb3918\" data-element_type=\"container\" data-e-type=\"container\" data-settings=\"{&quot;jet_parallax_layout_list&quot;:[]}\">\n\t\t\t\t<div class=\"elementor-element elementor-element-e105fbc elementor-widget elementor-widget-image\" data-id=\"e105fbc\" data-element_type=\"widget\" data-e-type=\"widget\" data-widget_type=\"image.default\">\n\t\t\t\t<div class=\"elementor-widget-container\">\n\t\t\t\t\t\t\t\t\t\t\t\t\t\t\t<img decoding=\"async\" width=\"697\" height=\"1024\" src=\"https:\/\/latinbody.ch\/wp-content\/uploads\/2024\/09\/TABLA-DE-MEDIDAS-model1-697x1024.jpg\" class=\"attachment-large size-large wp-image-6055\" alt=\"\" srcset=\"https:\/\/latinbody.ch\/wp-content\/uploads\/2024\/09\/TABLA-DE-MEDIDAS-model1-697x1024.jpg 697w, https:\/\/latinbody.ch\/wp-content\/uploads\/2024\/09\/TABLA-DE-MEDIDAS-model1-204x300.jpg 204w, https:\/\/latinbody.ch\/wp-content\/uploads\/2024\/09\/TABLA-DE-MEDIDAS-model1-768x1129.jpg 768w, https:\/\/latinbody.ch\/wp-content\/uploads\/2024\/09\/TABLA-DE-MEDIDAS-model1-600x882.jpg 600w, https:\/\/latinbody.ch\/wp-content\/uploads\/2024\/09\/TABLA-DE-MEDIDAS-model1-64x94.jpg 64w, https:\/\/latinbody.ch\/wp-content\/uploads\/2024\/09\/TABLA-DE-MEDIDAS-model1.jpg 800w\" sizes=\"(max-width: 697px) 100vw, 697px\" \/>\t\t\t\t\t\t\t\t\t\t\t\t\t\t\t<\/div>\n\t\t\t\t<\/div>\n\t\t\t\t<\/div>\n\t\t\t\t<\/div>\n\t\t\t\t\t<\/div>\n\t\t\t\t<\/div>\n\t\t\t\t<\/div>\n\t\t","protected":false},"excerpt":{"rendered":"<p>Gr\u00f6\u00dfentabelle f\u00fcr Fajas Wenn Sie zwischen zwei Gr\u00f6\u00dfen liegen, sollten Sie aufgrund der hohen Kompression der Kleidungsst\u00fccke die gr\u00f6\u00dfere Gr\u00f6\u00dfe w\u00e4hlen. Taille Am Ende des Rippenbereichs, etwas oberhalb des Bauchnabels, befindet sich die schmalste Stelle unseres K\u00f6rpers. H\u00fcfte Dies ist der breiteste Teil unseres K\u00f6rpers. Die Beine sollten geschlossen sein, ohne Druck aufeinander auszu\u00fcben.*Die Bestimmung [&hellip;]<\/p>\n","protected":false},"author":2,"featured_media":0,"parent":0,"menu_order":0,"comment_status":"closed","ping_status":"closed","template":"elementor_header_footer","meta":{"_joinchat":[],"footnotes":""},"class_list":["post-6074","page","type-page","status-publish","hentry"],"yoast_head":"<!-- This site is optimized with the Yoast SEO plugin v27.5 - https:\/\/yoast.com\/product\/yoast-seo-wordpress\/ -->\n<title>Gr\u00f6\u00dfentabelle f\u00fcr Fajas - LatinBody<\/title>\n<meta name=\"robots\" content=\"index, follow, max-snippet:-1, max-image-preview:large, max-video-preview:-1\" \/>\n<link rel=\"canonical\" href=\"https:\/\/latinbody.ch\/de\/groessentabelle-fuer-fajas\/\" \/>\n<meta property=\"og:locale\" content=\"de_DE\" \/>\n<meta property=\"og:type\" content=\"article\" \/>\n<meta property=\"og:title\" content=\"Gr\u00f6\u00dfentabelle f\u00fcr Fajas - LatinBody\" \/>\n<meta property=\"og:description\" content=\"Gr\u00f6\u00dfentabelle f\u00fcr Fajas Wenn Sie zwischen zwei Gr\u00f6\u00dfen liegen, sollten Sie aufgrund der hohen Kompression der Kleidungsst\u00fccke die gr\u00f6\u00dfere Gr\u00f6\u00dfe w\u00e4hlen. Taille Am Ende des Rippenbereichs, etwas oberhalb des Bauchnabels, befindet sich die schmalste Stelle unseres K\u00f6rpers. H\u00fcfte Dies ist der breiteste Teil unseres K\u00f6rpers. Die Beine sollten geschlossen sein, ohne Druck aufeinander auszu\u00fcben.*Die Bestimmung [&hellip;]\" \/>\n<meta property=\"og:url\" content=\"https:\/\/latinbody.ch\/de\/groessentabelle-fuer-fajas\/\" \/>\n<meta property=\"og:site_name\" content=\"LatinBody\" \/>\n<meta property=\"article:publisher\" content=\"https:\/\/www.facebook.com\/latinbody\" \/>\n<meta property=\"article:modified_time\" content=\"2025-12-10T00:15:06+00:00\" \/>\n<meta property=\"og:image\" content=\"https:\/\/latinbody.ch\/wp-content\/uploads\/2024\/09\/Tabla-1.svg\" \/>\n<meta name=\"twitter:card\" content=\"summary_large_image\" \/>\n<meta name=\"twitter:label1\" content=\"Gesch\u00e4tzte Lesezeit\" \/>\n\t<meta name=\"twitter:data1\" content=\"1\u00a0Minute\" \/>\n<script type=\"application\/ld+json\" class=\"yoast-schema-graph\">{\"@context\":\"https:\\\/\\\/schema.org\",\"@graph\":[{\"@type\":\"WebPage\",\"@id\":\"https:\\\/\\\/latinbody.ch\\\/de\\\/groessentabelle-fuer-fajas\\\/\",\"url\":\"https:\\\/\\\/latinbody.ch\\\/de\\\/groessentabelle-fuer-fajas\\\/\",\"name\":\"Gr\u00f6\u00dfentabelle f\u00fcr Fajas - LatinBody\",\"isPartOf\":{\"@id\":\"https:\\\/\\\/latinbody.ch\\\/de\\\/#website\"},\"primaryImageOfPage\":{\"@id\":\"https:\\\/\\\/latinbody.ch\\\/de\\\/groessentabelle-fuer-fajas\\\/#primaryimage\"},\"image\":{\"@id\":\"https:\\\/\\\/latinbody.ch\\\/de\\\/groessentabelle-fuer-fajas\\\/#primaryimage\"},\"thumbnailUrl\":\"https:\\\/\\\/latinbody.ch\\\/wp-content\\\/uploads\\\/2024\\\/09\\\/Tabla-1.svg\",\"datePublished\":\"2024-09-25T01:02:17+00:00\",\"dateModified\":\"2025-12-10T00:15:06+00:00\",\"breadcrumb\":{\"@id\":\"https:\\\/\\\/latinbody.ch\\\/de\\\/groessentabelle-fuer-fajas\\\/#breadcrumb\"},\"inLanguage\":\"de\",\"potentialAction\":[{\"@type\":\"ReadAction\",\"target\":[\"https:\\\/\\\/latinbody.ch\\\/de\\\/groessentabelle-fuer-fajas\\\/\"]}]},{\"@type\":\"ImageObject\",\"inLanguage\":\"de\",\"@id\":\"https:\\\/\\\/latinbody.ch\\\/de\\\/groessentabelle-fuer-fajas\\\/#primaryimage\",\"url\":\"https:\\\/\\\/latinbody.ch\\\/wp-content\\\/uploads\\\/2024\\\/09\\\/Tabla-1.svg\",\"contentUrl\":\"https:\\\/\\\/latinbody.ch\\\/wp-content\\\/uploads\\\/2024\\\/09\\\/Tabla-1.svg\"},{\"@type\":\"BreadcrumbList\",\"@id\":\"https:\\\/\\\/latinbody.ch\\\/de\\\/groessentabelle-fuer-fajas\\\/#breadcrumb\",\"itemListElement\":[{\"@type\":\"ListItem\",\"position\":1,\"name\":\"Portada\",\"item\":\"https:\\\/\\\/latinbody.ch\\\/de\\\/\"},{\"@type\":\"ListItem\",\"position\":2,\"name\":\"Gr\u00f6\u00dfentabelle f\u00fcr Fajas\"}]},{\"@type\":\"WebSite\",\"@id\":\"https:\\\/\\\/latinbody.ch\\\/de\\\/#website\",\"url\":\"https:\\\/\\\/latinbody.ch\\\/de\\\/\",\"name\":\"www.latinbody.ch\",\"description\":\"Fajas Reductoras | Reductora Post-Parto | Reductora Levanta Cola\",\"publisher\":{\"@id\":\"https:\\\/\\\/latinbody.ch\\\/de\\\/#organization\"},\"potentialAction\":[{\"@type\":\"SearchAction\",\"target\":{\"@type\":\"EntryPoint\",\"urlTemplate\":\"https:\\\/\\\/latinbody.ch\\\/de\\\/?s={search_term_string}\"},\"query-input\":{\"@type\":\"PropertyValueSpecification\",\"valueRequired\":true,\"valueName\":\"search_term_string\"}}],\"inLanguage\":\"de\"},{\"@type\":\"Organization\",\"@id\":\"https:\\\/\\\/latinbody.ch\\\/de\\\/#organization\",\"name\":\"latinbody\",\"url\":\"https:\\\/\\\/latinbody.ch\\\/de\\\/\",\"logo\":{\"@type\":\"ImageObject\",\"inLanguage\":\"de\",\"@id\":\"https:\\\/\\\/latinbody.ch\\\/de\\\/#\\\/schema\\\/logo\\\/image\\\/\",\"url\":\"https:\\\/\\\/latinbody.ch\\\/wp-content\\\/uploads\\\/2022\\\/07\\\/logo-latin-body-2022.svg\",\"contentUrl\":\"https:\\\/\\\/latinbody.ch\\\/wp-content\\\/uploads\\\/2022\\\/07\\\/logo-latin-body-2022.svg\",\"width\":625.34,\"height\":146.1,\"caption\":\"latinbody\"},\"image\":{\"@id\":\"https:\\\/\\\/latinbody.ch\\\/de\\\/#\\\/schema\\\/logo\\\/image\\\/\"},\"sameAs\":[\"https:\\\/\\\/www.facebook.com\\\/latinbody\",\"https:\\\/\\\/www.instagram.com\\\/latinbody_official\\\/\"]}]}<\/script>\n<!-- \/ Yoast SEO plugin. -->","yoast_head_json":{"title":"Gr\u00f6\u00dfentabelle f\u00fcr Fajas - LatinBody","robots":{"index":"index","follow":"follow","max-snippet":"max-snippet:-1","max-image-preview":"max-image-preview:large","max-video-preview":"max-video-preview:-1"},"canonical":"https:\/\/latinbody.ch\/de\/groessentabelle-fuer-fajas\/","og_locale":"de_DE","og_type":"article","og_title":"Gr\u00f6\u00dfentabelle f\u00fcr Fajas - LatinBody","og_description":"Gr\u00f6\u00dfentabelle f\u00fcr Fajas Wenn Sie zwischen zwei Gr\u00f6\u00dfen liegen, sollten Sie aufgrund der hohen Kompression der Kleidungsst\u00fccke die gr\u00f6\u00dfere Gr\u00f6\u00dfe w\u00e4hlen. Taille Am Ende des Rippenbereichs, etwas oberhalb des Bauchnabels, befindet sich die schmalste Stelle unseres K\u00f6rpers. H\u00fcfte Dies ist der breiteste Teil unseres K\u00f6rpers. Die Beine sollten geschlossen sein, ohne Druck aufeinander auszu\u00fcben.*Die Bestimmung [&hellip;]","og_url":"https:\/\/latinbody.ch\/de\/groessentabelle-fuer-fajas\/","og_site_name":"LatinBody","article_publisher":"https:\/\/www.facebook.com\/latinbody","article_modified_time":"2025-12-10T00:15:06+00:00","og_image":[{"url":"https:\/\/latinbody.ch\/wp-content\/uploads\/2024\/09\/Tabla-1.svg","type":"","width":"","height":""}],"twitter_card":"summary_large_image","twitter_misc":{"Gesch\u00e4tzte Lesezeit":"1\u00a0Minute"},"schema":{"@context":"https:\/\/schema.org","@graph":[{"@type":"WebPage","@id":"https:\/\/latinbody.ch\/de\/groessentabelle-fuer-fajas\/","url":"https:\/\/latinbody.ch\/de\/groessentabelle-fuer-fajas\/","name":"Gr\u00f6\u00dfentabelle f\u00fcr Fajas - LatinBody","isPartOf":{"@id":"https:\/\/latinbody.ch\/de\/#website"},"primaryImageOfPage":{"@id":"https:\/\/latinbody.ch\/de\/groessentabelle-fuer-fajas\/#primaryimage"},"image":{"@id":"https:\/\/latinbody.ch\/de\/groessentabelle-fuer-fajas\/#primaryimage"},"thumbnailUrl":"https:\/\/latinbody.ch\/wp-content\/uploads\/2024\/09\/Tabla-1.svg","datePublished":"2024-09-25T01:02:17+00:00","dateModified":"2025-12-10T00:15:06+00:00","breadcrumb":{"@id":"https:\/\/latinbody.ch\/de\/groessentabelle-fuer-fajas\/#breadcrumb"},"inLanguage":"de","potentialAction":[{"@type":"ReadAction","target":["https:\/\/latinbody.ch\/de\/groessentabelle-fuer-fajas\/"]}]},{"@type":"ImageObject","inLanguage":"de","@id":"https:\/\/latinbody.ch\/de\/groessentabelle-fuer-fajas\/#primaryimage","url":"https:\/\/latinbody.ch\/wp-content\/uploads\/2024\/09\/Tabla-1.svg","contentUrl":"https:\/\/latinbody.ch\/wp-content\/uploads\/2024\/09\/Tabla-1.svg"},{"@type":"BreadcrumbList","@id":"https:\/\/latinbody.ch\/de\/groessentabelle-fuer-fajas\/#breadcrumb","itemListElement":[{"@type":"ListItem","position":1,"name":"Portada","item":"https:\/\/latinbody.ch\/de\/"},{"@type":"ListItem","position":2,"name":"Gr\u00f6\u00dfentabelle f\u00fcr Fajas"}]},{"@type":"WebSite","@id":"https:\/\/latinbody.ch\/de\/#website","url":"https:\/\/latinbody.ch\/de\/","name":"www.latinbody.ch","description":"Fajas Reductoras | Reductora Post-Parto | Reductora Levanta Cola","publisher":{"@id":"https:\/\/latinbody.ch\/de\/#organization"},"potentialAction":[{"@type":"SearchAction","target":{"@type":"EntryPoint","urlTemplate":"https:\/\/latinbody.ch\/de\/?s={search_term_string}"},"query-input":{"@type":"PropertyValueSpecification","valueRequired":true,"valueName":"search_term_string"}}],"inLanguage":"de"},{"@type":"Organization","@id":"https:\/\/latinbody.ch\/de\/#organization","name":"latinbody","url":"https:\/\/latinbody.ch\/de\/","logo":{"@type":"ImageObject","inLanguage":"de","@id":"https:\/\/latinbody.ch\/de\/#\/schema\/logo\/image\/","url":"https:\/\/latinbody.ch\/wp-content\/uploads\/2022\/07\/logo-latin-body-2022.svg","contentUrl":"https:\/\/latinbody.ch\/wp-content\/uploads\/2022\/07\/logo-latin-body-2022.svg","width":625.34,"height":146.1,"caption":"latinbody"},"image":{"@id":"https:\/\/latinbody.ch\/de\/#\/schema\/logo\/image\/"},"sameAs":["https:\/\/www.facebook.com\/latinbody","https:\/\/www.instagram.com\/latinbody_official\/"]}]}},"_links":{"self":[{"href":"https:\/\/latinbody.ch\/de\/wp-json\/wp\/v2\/pages\/6074","targetHints":{"allow":["GET"]}}],"collection":[{"href":"https:\/\/latinbody.ch\/de\/wp-json\/wp\/v2\/pages"}],"about":[{"href":"https:\/\/latinbody.ch\/de\/wp-json\/wp\/v2\/types\/page"}],"author":[{"embeddable":true,"href":"https:\/\/latinbody.ch\/de\/wp-json\/wp\/v2\/users\/2"}],"replies":[{"embeddable":true,"href":"https:\/\/latinbody.ch\/de\/wp-json\/wp\/v2\/comments?post=6074"}],"version-history":[{"count":0,"href":"https:\/\/latinbody.ch\/de\/wp-json\/wp\/v2\/pages\/6074\/revisions"}],"wp:attachment":[{"href":"https:\/\/latinbody.ch\/de\/wp-json\/wp\/v2\/media?parent=6074"}],"curies":[{"name":"wp","href":"https:\/\/api.w.org\/{rel}","templated":true}]}}