{"id":6094,"date":"2023-10-02T21:50:58","date_gmt":"2023-10-02T19:50:58","guid":{"rendered":"https:\/\/latinbody.ch\/allgemeine-geschaeftsbedingungen\/"},"modified":"2025-12-10T01:15:14","modified_gmt":"2025-12-10T00:15:14","slug":"allgemeine-geschaeftsbedingungen","status":"publish","type":"page","link":"https:\/\/latinbody.ch\/de\/allgemeine-geschaeftsbedingungen\/","title":{"rendered":"Allgemeine Gesch\u00e4ftsbedingungen"},"content":{"rendered":"\t\t<div data-elementor-type=\"wp-page\" data-elementor-id=\"6094\" class=\"elementor elementor-6094 elementor-2983\" data-elementor-post-type=\"page\">\n\t\t\t\t\t\t<section class=\"elementor-section elementor-top-section elementor-element elementor-element-59b25f5 elementor-section-boxed elementor-section-height-default elementor-section-height-default\" data-id=\"59b25f5\" data-element_type=\"section\" data-e-type=\"section\" data-settings=\"{&quot;jet_parallax_layout_list&quot;:[{&quot;jet_parallax_layout_image&quot;:{&quot;url&quot;:&quot;&quot;,&quot;id&quot;:&quot;&quot;,&quot;size&quot;:&quot;&quot;},&quot;_id&quot;:&quot;2755008&quot;,&quot;jet_parallax_layout_image_tablet&quot;:{&quot;url&quot;:&quot;&quot;,&quot;id&quot;:&quot;&quot;,&quot;size&quot;:&quot;&quot;},&quot;jet_parallax_layout_image_mobile&quot;:{&quot;url&quot;:&quot;&quot;,&quot;id&quot;:&quot;&quot;,&quot;size&quot;:&quot;&quot;},&quot;jet_parallax_layout_speed&quot;:{&quot;unit&quot;:&quot;%&quot;,&quot;size&quot;:50,&quot;sizes&quot;:[]},&quot;jet_parallax_layout_type&quot;:&quot;scroll&quot;,&quot;jet_parallax_layout_direction&quot;:&quot;1&quot;,&quot;jet_parallax_layout_fx_direction&quot;:null,&quot;jet_parallax_layout_z_index&quot;:&quot;&quot;,&quot;jet_parallax_layout_bg_x&quot;:50,&quot;jet_parallax_layout_bg_x_tablet&quot;:&quot;&quot;,&quot;jet_parallax_layout_bg_x_mobile&quot;:&quot;&quot;,&quot;jet_parallax_layout_bg_y&quot;:50,&quot;jet_parallax_layout_bg_y_tablet&quot;:&quot;&quot;,&quot;jet_parallax_layout_bg_y_mobile&quot;:&quot;&quot;,&quot;jet_parallax_layout_bg_size&quot;:&quot;auto&quot;,&quot;jet_parallax_layout_bg_size_tablet&quot;:&quot;&quot;,&quot;jet_parallax_layout_bg_size_mobile&quot;:&quot;&quot;,&quot;jet_parallax_layout_animation_prop&quot;:&quot;transform&quot;,&quot;jet_parallax_layout_on&quot;:[&quot;desktop&quot;,&quot;tablet&quot;]}]}\">\n\t\t\t\t\t\t<div class=\"elementor-container elementor-column-gap-default\">\n\t\t\t\t\t<div class=\"elementor-column elementor-col-100 elementor-top-column elementor-element elementor-element-fd02fb4\" data-id=\"fd02fb4\" data-element_type=\"column\" data-e-type=\"column\">\n\t\t\t<div class=\"elementor-widget-wrap elementor-element-populated\">\n\t\t\t\t\t\t<div class=\"elementor-element elementor-element-be0cc3f elementor-widget elementor-widget-text-editor\" data-id=\"be0cc3f\" data-element_type=\"widget\" data-e-type=\"widget\" data-widget_type=\"text-editor.default\">\n\t\t\t\t<div class=\"elementor-widget-container\">\n\t\t\t\t\t\t\t\t\t<p>Z\u00fcrich, 30. September 2023<\/p><p><strong>ANWENDUNG DER ALLGEMEINEN GESCH\u00c4FTSBEDINGUNGEN<\/strong><br>Mit der Aufgabe einer Bestellung erkl\u00e4rt sich der Kunde ausdr\u00fccklich mit diesen Allgemeinen Gesch\u00e4ftsbedingungen einverstanden.<\/p><p>Liefertermine sind nicht verbindlich.<\/p><p>LATINBODY beh\u00e4lt sich das Recht vor, die Allgemeinen Gesch\u00e4ftsbedingungen zu \u00e4ndern. Ma\u00dfgebend ist die zum Zeitpunkt der Bestellung g\u00fcltige Fassung der Allgemeinen Gesch\u00e4ftsbedingungen, die f\u00fcr diese Bestellung nicht einseitig ge\u00e4ndert werden kann. <\/p><p><strong>ANGEBOT<\/strong><\/p><p>Das Angebot gilt, solange es im Online-Shop sichtbar ist und\/oder solange der Vorrat reicht. Die in Werbung, Prospekten, Online-Shop usw. gezeigten Bilder dienen der Illustration und sind nicht verbindlich. <\/p><p><strong>EINE BESTELLUNG<\/strong><br>Bei einer Online-Bestellung ben\u00f6tigt LATINBODY Informationen \u00fcber den Benutzer (Name, Adresse, E-Mail-Adresse usw.). Diese Informationen werden verwendet, um die Gesch\u00e4ftsbeziehung zwischen dem Kunden und LATINBODY aufzubauen und abzuwickeln. Wenn es Probleme bei der Bearbeitung einer Bestellung gibt, werden diese Informationen verwendet, um den Kunden zu kontaktieren.  <\/p><p>Die Pr\u00e4sentation der Produkte im Online-Shop stellt keine rechtlich bindende Aufforderung dar, sondern lediglich einen unverbindlichen Online-Katalog bzw. eine unverbindliche Aufforderung an den Kunden, das Produkt im Online-Shop zu bestellen.<\/p><p>Eine Bestellung gilt als Angebot an den Online-Shop zum Abschluss eines Vertrages.<\/p><p>Nach dem Absenden der Bestellung erh\u00e4lt der Kunde automatisch eine Empfangsbest\u00e4tigung, die dokumentiert, dass die Bestellung vom Online-Shop empfangen wurde.<\/p><p>Der Online-Shop steht es frei, Bestellungen ganz oder teilweise ohne Angabe von Gr\u00fcnden abzulehnen. In diesem Fall wird der Kunde informiert und bereits geleistete Zahlungen werden zur\u00fcckerstattet. Weitere Anspr\u00fcche sind ausgeschlossen.  <\/p><p><strong>VERTRAGSABSCHLUSS<\/strong><br>Ein Vertrag kommt erst zustande, wenn die bestellten Produkte versandt werden.<\/p><p><strong>LIEFERUNG<\/strong><br>Wir liefern in die ganze Schweiz. Die Versandkosten gehen zu Lasten des Kunden. Lieferungen sind nur an Lieferadressen innerhalb der Schweiz m\u00f6glich.  <\/p><p>Lieferungen erfolgen nur an Endkunden. Wir behalten uns das Recht vor, die Mengen zu begrenzen. <\/p><p>Wenn einer der von Ihnen bestellten Artikel nicht auf Lager ist, wird die Lieferung der \u00fcbrigen Artikel davon nicht beeintr\u00e4chtigt. Fehlende Artikel werden Ihnen so schnell wie m\u00f6glich nachgeliefert. <\/p><p>Es ist m\u00f6glich, dass einige Angebote nur in begrenzten Mengen verf\u00fcgbar sind. Aufgrund der hohen Nachfrage k\u00f6nnen Produkte schnell ausverkauft sein. LATINBODY ist nicht verantwortlich f\u00fcr nicht verf\u00fcgbare Produkte oder falsche Preisangaben. Modell\u00e4nderungen behalten wir uns vor. Alle Preise sind netto, inklusive Mehrwertsteuer, in Schweizer Franken (CHF). Geplante Angebote sind nur f\u00fcr den angegebenen Zeitraum g\u00fcltig.     <\/p><p>LATINBODY beh\u00e4lt sich das Recht vor, Kunden zu sperren, wenn sie die Annahme verweigern.<\/p><p>Wenn die Lieferung erneut erfolgt oder die Adresse falsch ist, tr\u00e4gt der Empf\u00e4nger alle entstandenen Versandkosten.<\/p><p><strong>PREISE<\/strong><br>Da wir Ihnen immer den bestm\u00f6glichen Preis f\u00fcr unsere Produkte anbieten m\u00f6chten, k\u00f6nnen sich die Preise f\u00fcr einzelne Produkte \u00e4ndern. Im Allgemeinen gilt: Es wird der Preis berechnet, den Sie zum Zeitpunkt der Bestellung vereinbart haben. <\/p><p>Eine Lieferverz\u00f6gerung stellt niemals eine Preisminderung dar.<\/p><p>Trotz gr\u00f6sster Sorgfalt k\u00f6nnen fehlerhafte Angaben nicht vollst\u00e4ndig ausgeschlossen werden. Alle Preisangaben sind unverbindlich. <\/p><p><strong>PREIS- UND SORTIMENTS\u00c4NDERUNGEN<\/strong><br>Preis- und Sortiments\u00e4nderungen sowie technische \u00c4nderungen bleiben vorbehalten. Alle Angebote sind freibleibend. Falsche Angaben und Druckfehler vorbehalten.  <\/p><p><strong>ZAHLUNG<\/strong><br>Um mit Kreditkarte zu bezahlen, muss der Kunde mindestens 18 Jahre alt sein.<\/p><p><strong>UMTAUSCH\/FALSCHLIEFERUNG<\/strong><br>D Wenn Ihnen bei der Ausf\u00fchrung der von Ihnen bestellten Waren ein Fehler unterlaufen ist, k\u00f6nnen Sie von Ihrem Widerrufsrecht Gebrauch machen. Da es sich bei diesen Produkten aus unserem Sortiment um Produkte mit hygienischen Anforderungen handelt, gelten strenge Richtlinien.<br>Wir k\u00f6nnen R\u00fccksendungen nur akzeptieren, wenn:<br>\u2022 Die Produkte unbenutzt sind.<br>\u2022 Die Originalverpackung vollst\u00e4ndig ist.<br>Wir m\u00f6chten insbesondere darauf hinweisen, dass wir gebrauchte Artikel nicht weiterverkaufen k\u00f6nnen und daher die Rechnung auch bei R\u00fccksendung nicht stornieren k\u00f6nnen. Nur so k\u00f6nnen wir gew\u00e4hrleisten, dass die von Ihnen bestellten Artikel nicht verwendet werden.  <\/p><p><strong>M\u00c4NGELR\u00dcGEN<\/strong><br>Kann innerhalb von 14 Tagen nach Erhalt der Ware schriftlich erfolgen.<\/p><p><strong>DATENSCHUTZ<\/strong><br>Die f\u00fcr die Gesch\u00e4ftsabwicklung notwendigen Daten werden gespeichert und, falls erforderlich, im Rahmen der Auftragsabwicklung an das mit dem Versand beauftragte Unternehmen weitergegeben. Alle pers\u00f6nlichen Daten werden vertraulich behandelt. Detaillierte Informationen finden Sie in der Datenschutzerkl\u00e4rung.  <\/p><p><strong>INFORMATIONEN \u00dcBER UNSERE ANGEBOTE UND DIENSTLEISTUNGEN<\/strong><br>Wir m\u00f6chten Sie gelegentlich \u00fcber unsere Angebote und Dienstleistungen sowie die unserer Partner informieren und Ihre pers\u00f6nlichen Daten f\u00fcr diesen Zweck verwenden. Wenn Sie dies nicht w\u00fcnschen, k\u00f6nnen Sie LATINBODY per E-Mail kontaktieren. <\/p>\t\t\t\t\t\t\t\t<\/div>\n\t\t\t\t<\/div>\n\t\t\t\t\t<\/div>\n\t\t<\/div>\n\t\t\t\t\t<\/div>\n\t\t<\/section>\n\t\t\t\t<\/div>\n\t\t","protected":false},"excerpt":{"rendered":"<p>Z\u00fcrich, 30. September 2023 ANWENDUNG DER ALLGEMEINEN GESCH\u00c4FTSBEDINGUNGENMit der Aufgabe einer Bestellung erkl\u00e4rt sich der Kunde ausdr\u00fccklich mit diesen Allgemeinen Gesch\u00e4ftsbedingungen einverstanden. Liefertermine sind nicht verbindlich. LATINBODY beh\u00e4lt sich das Recht vor, die Allgemeinen Gesch\u00e4ftsbedingungen zu \u00e4ndern. Ma\u00dfgebend ist die zum Zeitpunkt der Bestellung g\u00fcltige Fassung der Allgemeinen Gesch\u00e4ftsbedingungen, die f\u00fcr diese Bestellung nicht einseitig [&hellip;]<\/p>\n","protected":false},"author":1,"featured_media":0,"parent":0,"menu_order":0,"comment_status":"closed","ping_status":"closed","template":"","meta":{"_joinchat":[],"footnotes":""},"class_list":["post-6094","page","type-page","status-publish","hentry"],"yoast_head":"<!-- This site is optimized with the Yoast SEO plugin v27.5 - https:\/\/yoast.com\/product\/yoast-seo-wordpress\/ -->\n<title>Allgemeine Gesch\u00e4ftsbedingungen - LatinBody<\/title>\n<meta name=\"robots\" content=\"index, follow, max-snippet:-1, max-image-preview:large, max-video-preview:-1\" \/>\n<link rel=\"canonical\" href=\"https:\/\/latinbody.ch\/de\/allgemeine-geschaeftsbedingungen\/\" \/>\n<meta property=\"og:locale\" content=\"de_DE\" \/>\n<meta property=\"og:type\" content=\"article\" \/>\n<meta property=\"og:title\" content=\"Allgemeine Gesch\u00e4ftsbedingungen - LatinBody\" \/>\n<meta property=\"og:description\" content=\"Z\u00fcrich, 30. September 2023 ANWENDUNG DER ALLGEMEINEN GESCH\u00c4FTSBEDINGUNGENMit der Aufgabe einer Bestellung erkl\u00e4rt sich der Kunde ausdr\u00fccklich mit diesen Allgemeinen Gesch\u00e4ftsbedingungen einverstanden. Liefertermine sind nicht verbindlich. LATINBODY beh\u00e4lt sich das Recht vor, die Allgemeinen Gesch\u00e4ftsbedingungen zu \u00e4ndern. Ma\u00dfgebend ist die zum Zeitpunkt der Bestellung g\u00fcltige Fassung der Allgemeinen Gesch\u00e4ftsbedingungen, die f\u00fcr diese Bestellung nicht einseitig [&hellip;]\" \/>\n<meta property=\"og:url\" content=\"https:\/\/latinbody.ch\/de\/allgemeine-geschaeftsbedingungen\/\" \/>\n<meta property=\"og:site_name\" content=\"LatinBody\" \/>\n<meta property=\"article:publisher\" content=\"https:\/\/www.facebook.com\/latinbody\" \/>\n<meta property=\"article:modified_time\" content=\"2025-12-10T00:15:14+00:00\" \/>\n<meta name=\"twitter:card\" content=\"summary_large_image\" \/>\n<meta name=\"twitter:label1\" content=\"Gesch\u00e4tzte Lesezeit\" \/>\n\t<meta name=\"twitter:data1\" content=\"4\u00a0Minuten\" \/>\n<script type=\"application\/ld+json\" class=\"yoast-schema-graph\">{\"@context\":\"https:\\\/\\\/schema.org\",\"@graph\":[{\"@type\":\"WebPage\",\"@id\":\"https:\\\/\\\/latinbody.ch\\\/de\\\/allgemeine-geschaeftsbedingungen\\\/\",\"url\":\"https:\\\/\\\/latinbody.ch\\\/de\\\/allgemeine-geschaeftsbedingungen\\\/\",\"name\":\"Allgemeine Gesch\u00e4ftsbedingungen - LatinBody\",\"isPartOf\":{\"@id\":\"https:\\\/\\\/latinbody.ch\\\/de\\\/#website\"},\"datePublished\":\"2023-10-02T19:50:58+00:00\",\"dateModified\":\"2025-12-10T00:15:14+00:00\",\"breadcrumb\":{\"@id\":\"https:\\\/\\\/latinbody.ch\\\/de\\\/allgemeine-geschaeftsbedingungen\\\/#breadcrumb\"},\"inLanguage\":\"de\",\"potentialAction\":[{\"@type\":\"ReadAction\",\"target\":[\"https:\\\/\\\/latinbody.ch\\\/de\\\/allgemeine-geschaeftsbedingungen\\\/\"]}]},{\"@type\":\"BreadcrumbList\",\"@id\":\"https:\\\/\\\/latinbody.ch\\\/de\\\/allgemeine-geschaeftsbedingungen\\\/#breadcrumb\",\"itemListElement\":[{\"@type\":\"ListItem\",\"position\":1,\"name\":\"Portada\",\"item\":\"https:\\\/\\\/latinbody.ch\\\/de\\\/\"},{\"@type\":\"ListItem\",\"position\":2,\"name\":\"Allgemeine Gesch\u00e4ftsbedingungen\"}]},{\"@type\":\"WebSite\",\"@id\":\"https:\\\/\\\/latinbody.ch\\\/de\\\/#website\",\"url\":\"https:\\\/\\\/latinbody.ch\\\/de\\\/\",\"name\":\"www.latinbody.ch\",\"description\":\"Fajas Reductoras | Reductora Post-Parto | Reductora Levanta Cola\",\"publisher\":{\"@id\":\"https:\\\/\\\/latinbody.ch\\\/de\\\/#organization\"},\"potentialAction\":[{\"@type\":\"SearchAction\",\"target\":{\"@type\":\"EntryPoint\",\"urlTemplate\":\"https:\\\/\\\/latinbody.ch\\\/de\\\/?s={search_term_string}\"},\"query-input\":{\"@type\":\"PropertyValueSpecification\",\"valueRequired\":true,\"valueName\":\"search_term_string\"}}],\"inLanguage\":\"de\"},{\"@type\":\"Organization\",\"@id\":\"https:\\\/\\\/latinbody.ch\\\/de\\\/#organization\",\"name\":\"latinbody\",\"url\":\"https:\\\/\\\/latinbody.ch\\\/de\\\/\",\"logo\":{\"@type\":\"ImageObject\",\"inLanguage\":\"de\",\"@id\":\"https:\\\/\\\/latinbody.ch\\\/de\\\/#\\\/schema\\\/logo\\\/image\\\/\",\"url\":\"https:\\\/\\\/latinbody.ch\\\/wp-content\\\/uploads\\\/2022\\\/07\\\/logo-latin-body-2022.svg\",\"contentUrl\":\"https:\\\/\\\/latinbody.ch\\\/wp-content\\\/uploads\\\/2022\\\/07\\\/logo-latin-body-2022.svg\",\"width\":625.34,\"height\":146.1,\"caption\":\"latinbody\"},\"image\":{\"@id\":\"https:\\\/\\\/latinbody.ch\\\/de\\\/#\\\/schema\\\/logo\\\/image\\\/\"},\"sameAs\":[\"https:\\\/\\\/www.facebook.com\\\/latinbody\",\"https:\\\/\\\/www.instagram.com\\\/latinbody_official\\\/\"]}]}<\/script>\n<!-- \/ Yoast SEO plugin. -->","yoast_head_json":{"title":"Allgemeine Gesch\u00e4ftsbedingungen - LatinBody","robots":{"index":"index","follow":"follow","max-snippet":"max-snippet:-1","max-image-preview":"max-image-preview:large","max-video-preview":"max-video-preview:-1"},"canonical":"https:\/\/latinbody.ch\/de\/allgemeine-geschaeftsbedingungen\/","og_locale":"de_DE","og_type":"article","og_title":"Allgemeine Gesch\u00e4ftsbedingungen - LatinBody","og_description":"Z\u00fcrich, 30. September 2023 ANWENDUNG DER ALLGEMEINEN GESCH\u00c4FTSBEDINGUNGENMit der Aufgabe einer Bestellung erkl\u00e4rt sich der Kunde ausdr\u00fccklich mit diesen Allgemeinen Gesch\u00e4ftsbedingungen einverstanden. Liefertermine sind nicht verbindlich. LATINBODY beh\u00e4lt sich das Recht vor, die Allgemeinen Gesch\u00e4ftsbedingungen zu \u00e4ndern. Ma\u00dfgebend ist die zum Zeitpunkt der Bestellung g\u00fcltige Fassung der Allgemeinen Gesch\u00e4ftsbedingungen, die f\u00fcr diese Bestellung nicht einseitig [&hellip;]","og_url":"https:\/\/latinbody.ch\/de\/allgemeine-geschaeftsbedingungen\/","og_site_name":"LatinBody","article_publisher":"https:\/\/www.facebook.com\/latinbody","article_modified_time":"2025-12-10T00:15:14+00:00","twitter_card":"summary_large_image","twitter_misc":{"Gesch\u00e4tzte Lesezeit":"4\u00a0Minuten"},"schema":{"@context":"https:\/\/schema.org","@graph":[{"@type":"WebPage","@id":"https:\/\/latinbody.ch\/de\/allgemeine-geschaeftsbedingungen\/","url":"https:\/\/latinbody.ch\/de\/allgemeine-geschaeftsbedingungen\/","name":"Allgemeine Gesch\u00e4ftsbedingungen - LatinBody","isPartOf":{"@id":"https:\/\/latinbody.ch\/de\/#website"},"datePublished":"2023-10-02T19:50:58+00:00","dateModified":"2025-12-10T00:15:14+00:00","breadcrumb":{"@id":"https:\/\/latinbody.ch\/de\/allgemeine-geschaeftsbedingungen\/#breadcrumb"},"inLanguage":"de","potentialAction":[{"@type":"ReadAction","target":["https:\/\/latinbody.ch\/de\/allgemeine-geschaeftsbedingungen\/"]}]},{"@type":"BreadcrumbList","@id":"https:\/\/latinbody.ch\/de\/allgemeine-geschaeftsbedingungen\/#breadcrumb","itemListElement":[{"@type":"ListItem","position":1,"name":"Portada","item":"https:\/\/latinbody.ch\/de\/"},{"@type":"ListItem","position":2,"name":"Allgemeine Gesch\u00e4ftsbedingungen"}]},{"@type":"WebSite","@id":"https:\/\/latinbody.ch\/de\/#website","url":"https:\/\/latinbody.ch\/de\/","name":"www.latinbody.ch","description":"Fajas Reductoras | Reductora Post-Parto | Reductora Levanta Cola","publisher":{"@id":"https:\/\/latinbody.ch\/de\/#organization"},"potentialAction":[{"@type":"SearchAction","target":{"@type":"EntryPoint","urlTemplate":"https:\/\/latinbody.ch\/de\/?s={search_term_string}"},"query-input":{"@type":"PropertyValueSpecification","valueRequired":true,"valueName":"search_term_string"}}],"inLanguage":"de"},{"@type":"Organization","@id":"https:\/\/latinbody.ch\/de\/#organization","name":"latinbody","url":"https:\/\/latinbody.ch\/de\/","logo":{"@type":"ImageObject","inLanguage":"de","@id":"https:\/\/latinbody.ch\/de\/#\/schema\/logo\/image\/","url":"https:\/\/latinbody.ch\/wp-content\/uploads\/2022\/07\/logo-latin-body-2022.svg","contentUrl":"https:\/\/latinbody.ch\/wp-content\/uploads\/2022\/07\/logo-latin-body-2022.svg","width":625.34,"height":146.1,"caption":"latinbody"},"image":{"@id":"https:\/\/latinbody.ch\/de\/#\/schema\/logo\/image\/"},"sameAs":["https:\/\/www.facebook.com\/latinbody","https:\/\/www.instagram.com\/latinbody_official\/"]}]}},"_links":{"self":[{"href":"https:\/\/latinbody.ch\/de\/wp-json\/wp\/v2\/pages\/6094","targetHints":{"allow":["GET"]}}],"collection":[{"href":"https:\/\/latinbody.ch\/de\/wp-json\/wp\/v2\/pages"}],"about":[{"href":"https:\/\/latinbody.ch\/de\/wp-json\/wp\/v2\/types\/page"}],"author":[{"embeddable":true,"href":"https:\/\/latinbody.ch\/de\/wp-json\/wp\/v2\/users\/1"}],"replies":[{"embeddable":true,"href":"https:\/\/latinbody.ch\/de\/wp-json\/wp\/v2\/comments?post=6094"}],"version-history":[{"count":0,"href":"https:\/\/latinbody.ch\/de\/wp-json\/wp\/v2\/pages\/6094\/revisions"}],"wp:attachment":[{"href":"https:\/\/latinbody.ch\/de\/wp-json\/wp\/v2\/media?parent=6094"}],"curies":[{"name":"wp","href":"https:\/\/api.w.org\/{rel}","templated":true}]}}