{"id":6102,"date":"2020-05-20T19:05:57","date_gmt":"2020-05-20T17:05:57","guid":{"rendered":"https:\/\/latinbody.ch\/datenschutz\/"},"modified":"2025-12-10T01:15:19","modified_gmt":"2025-12-10T00:15:19","slug":"datenschutz","status":"publish","type":"page","link":"https:\/\/latinbody.ch\/de\/datenschutz\/","title":{"rendered":"Datenschutz"},"content":{"rendered":"\t\t<div data-elementor-type=\"wp-page\" data-elementor-id=\"6102\" class=\"elementor elementor-6102 elementor-1341\" data-elementor-post-type=\"page\">\n\t\t\t\t\t\t<section class=\"elementor-section elementor-top-section elementor-element elementor-element-97dbf99 elementor-section-boxed elementor-section-height-default elementor-section-height-default\" data-id=\"97dbf99\" data-element_type=\"section\" data-e-type=\"section\" data-settings=\"{&quot;jet_parallax_layout_list&quot;:[{&quot;jet_parallax_layout_image&quot;:{&quot;url&quot;:&quot;&quot;,&quot;id&quot;:&quot;&quot;,&quot;size&quot;:&quot;&quot;},&quot;_id&quot;:&quot;2755008&quot;,&quot;jet_parallax_layout_image_tablet&quot;:{&quot;url&quot;:&quot;&quot;,&quot;id&quot;:&quot;&quot;,&quot;size&quot;:&quot;&quot;},&quot;jet_parallax_layout_image_mobile&quot;:{&quot;url&quot;:&quot;&quot;,&quot;id&quot;:&quot;&quot;,&quot;size&quot;:&quot;&quot;},&quot;jet_parallax_layout_speed&quot;:{&quot;unit&quot;:&quot;%&quot;,&quot;size&quot;:50,&quot;sizes&quot;:[]},&quot;jet_parallax_layout_type&quot;:&quot;scroll&quot;,&quot;jet_parallax_layout_direction&quot;:&quot;1&quot;,&quot;jet_parallax_layout_fx_direction&quot;:null,&quot;jet_parallax_layout_z_index&quot;:&quot;&quot;,&quot;jet_parallax_layout_bg_x&quot;:50,&quot;jet_parallax_layout_bg_x_tablet&quot;:&quot;&quot;,&quot;jet_parallax_layout_bg_x_mobile&quot;:&quot;&quot;,&quot;jet_parallax_layout_bg_y&quot;:50,&quot;jet_parallax_layout_bg_y_tablet&quot;:&quot;&quot;,&quot;jet_parallax_layout_bg_y_mobile&quot;:&quot;&quot;,&quot;jet_parallax_layout_bg_size&quot;:&quot;auto&quot;,&quot;jet_parallax_layout_bg_size_tablet&quot;:&quot;&quot;,&quot;jet_parallax_layout_bg_size_mobile&quot;:&quot;&quot;,&quot;jet_parallax_layout_animation_prop&quot;:&quot;transform&quot;,&quot;jet_parallax_layout_on&quot;:[&quot;desktop&quot;,&quot;tablet&quot;]}]}\">\n\t\t\t\t\t\t<div class=\"elementor-container elementor-column-gap-default\">\n\t\t\t\t\t<div class=\"elementor-column elementor-col-100 elementor-top-column elementor-element elementor-element-c04454e\" data-id=\"c04454e\" data-element_type=\"column\" data-e-type=\"column\">\n\t\t\t<div class=\"elementor-widget-wrap elementor-element-populated\">\n\t\t\t\t\t\t<div class=\"elementor-element elementor-element-115070d elementor-widget elementor-widget-text-editor\" data-id=\"115070d\" data-element_type=\"widget\" data-e-type=\"widget\" data-widget_type=\"text-editor.default\">\n\t\t\t\t<div class=\"elementor-widget-container\">\n\t\t\t\t\t\t\t\t\t<p><strong>Willkommen bei Latinbody CH<\/strong><\/p>\n<p>Latinbody<br>Patricia Jacober<br>Wehntalerstrasse 602<br>CH-8046 Z\u00fcrich<br>Schweiz<\/p>\n<p>Ihre Privatsph\u00e4re und Ihr Vertrauen sind uns sehr wichtig, und wir m\u00f6chten Ihnen als Kunden versichern, dass wir Ihre pers\u00f6nlichen Daten niemals an Dritte verkaufen werden. Ihre Daten sind in unserem E-Commerce-Onlineshop hochgradig gesichert. Wir halten uns an hohe Sicherheitsstandards und bieten Ihnen gleichzeitig ein sicheres und angenehmes Online-Einkaufserlebnis. Alle Kundendaten, die wir erfassen, werden verwendet, um Ihnen einen besseren Service zu bieten.   <\/p>\n<p><strong>WAS MACHEN WIR MIT IHREN DATEN?<\/strong><\/p>\n<p>Wenn Sie in unserem Shop etwas kaufen, erfassen wir im Rahmen des Kauf- und Verkaufsprozesses die pers\u00f6nlichen Daten, die Sie uns zur Verf\u00fcgung stellen, wie z. B. Ihren Namen, Ihre Adresse und Ihre E-Mail-Adresse. Wenn Sie in unserem Shop st\u00f6bern, erhalten wir auch automatisch die Internetprotokoll-Adresse (IP-Adresse) Ihres Computers, um uns Informationen zukommen zu lassen, die uns helfen, Ihren Browser und Ihr Betriebssystem kennenzulernen. E-Mail-Marketing (falls zutreffend): Mit Ihrer Erlaubnis k\u00f6nnen wir Ihnen E-Mails \u00fcber unseren Shop, neue Produkte und andere Aktualisierungen senden.  <\/p>\n<p><strong>EINWILLIGUNG<\/strong><\/p>\n<p>Wie erhalten Sie meine Einwilligung?<\/p>\n<p>Wenn Sie uns pers\u00f6nliche Daten zur Verf\u00fcgung stellen, um eine Transaktion abzuschlie\u00dfen, Ihre Kreditkarte zu verifizieren, eine Bestellung aufzugeben, eine Lieferung zu arrangieren oder einen Kauf zur\u00fcckzusenden, gehen wir davon aus, dass Sie damit einverstanden sind, dass wir diese Daten erfassen und nur f\u00fcr diesen bestimmten Zweck verwenden. Wenn wir Sie aus einem sekund\u00e4ren Grund, wie z. B. Marketing, um Ihre pers\u00f6nlichen Daten bitten, werden wir Sie entweder direkt um Ihre ausdr\u00fcckliche Zustimmung bitten oder Ihnen die M\u00f6glichkeit geben, Nein zu sagen. <\/p>\n<p>Wie kann ich meine Einwilligung widerrufen?<\/p>\n<p>Wenn Sie, nachdem Sie sich f\u00fcr etwas entschieden haben, Ihre Meinung \u00e4ndern, k\u00f6nnen Sie Ihre Einwilligung, dass wir Sie kontaktieren, f\u00fcr die fortgesetzte Erfassung, Nutzung oder Weitergabe Ihrer Daten jederzeit widerrufen, indem Sie uns unter w kontaktieren.<\/p>\n<p><strong>OFFENLEGUNG<\/strong><\/p>\n<p>Wir k\u00f6nnen Ihre pers\u00f6nlichen Daten offenlegen, wenn wir gesetzlich dazu verpflichtet sind oder wenn Sie gegen unsere Nutzungsbedingungen versto\u00dfen.<\/p>\n<p><strong>WordPress<\/strong><\/p>\n<p>Unser Shop wird auf WordPress gehostet. Sie stellen uns die Online-E-Commerce-Plattform zur Verf\u00fcgung, die es uns erm\u00f6glicht, unsere Produkte und Dienstleistungen an Sie zu verkaufen. Ihre Daten werden \u00fcber die Datenspeicherung von WordPress, die Datenbanken und die allgemeine WordPress-Anwendung gespeichert. Sie speichern Ihre Daten auf einem sicheren Server hinter einer Firewall.   <\/p>\n<p>Die Bezahlung:<\/p>\n<p>Wenn Sie ein direktes Zahlungs-Gateway w\u00e4hlen, um Ihren Kauf abzuschlie\u00dfen, dann speichert WordPress Ihre Kreditkartendaten. Diese werden \u00fcber den Payment Card Industry Data Security Standard (PCI-DSS) verschl\u00fcsselt. Ihre Kauftransaktionsdaten werden nur so lange gespeichert, wie es f\u00fcr den Abschluss Ihrer Kauftransaktion erforderlich ist. Danach werden Ihre Kauftransaktionsdaten gel\u00f6scht.   <\/p>\n<p>Alle Direct-Payment-Gateways halten sich an die vom PCI-DSS festgelegten Standards, die vom PCI Security Standards Council verwaltet werden, einer gemeinsamen Initiative von Marken wie Visa, Mastercard, American Express und Discover. Die PCI-DSS-Anforderungen tragen dazu bei, den sicheren Umgang mit Kreditkartendaten durch unseren Shop und seine Dienstleister zu gew\u00e4hrleisten. <\/p>\n<p><strong>DIENSTLEISTUNGEN DRITTER<\/strong><\/p>\n<p>Google Analytics:<\/p>\n<p>Unser Shop verwendet Google Analytics, um zu erfahren, wer unsere Website besucht und welche Seiten aufgerufen werden.<\/p>\n<p><b>SICHERHEIT<\/b><\/p>\n<p>Um Ihre pers\u00f6nlichen Daten zu sch\u00fctzen, treffen wir angemessene Vorkehrungen und befolgen die besten Praktiken der Branche, um sicherzustellen, dass sie nicht unangemessen verloren gehen, missbraucht, abgerufen, offengelegt, ver\u00e4ndert oder zerst\u00f6rt werden.<\/p>\n<p>Wenn Sie uns Ihre Kreditkartendaten zur Verf\u00fcgung stellen, werden die Daten mit der Secure Socket Layer (SSL)-Technologie verschl\u00fcsselt und mit einer AES-256-Verschl\u00fcsselung gespeichert. Obwohl keine Methode der \u00dcbertragung \u00fcber das Internet oder der elektronischen Speicherung 100 % sicher ist, befolgen wir alle PCI-DSS-Anforderungen und implementieren zus\u00e4tzliche, allgemein anerkannte Industriestandards. <\/p>\n<p><b>ALTER DER ZUSTIMMUNG<\/b><\/p>\n<p>Mit der Nutzung dieser Website erkl\u00e4ren Sie, dass Sie in Ihrem Bundesstaat oder Ihrer Provinz, in der Sie wohnen, mindestens vollj\u00e4hrig sind oder dass Sie in Ihrem Bundesstaat oder Ihrer Provinz, in der Sie wohnen, vollj\u00e4hrig sind und uns Ihre Zustimmung gegeben haben, dass Ihre minderj\u00e4hrigen Angeh\u00f6rigen diese Website nutzen d\u00fcrfen.<\/p>\n<p><b>\u00c4NDERUNGEN AN DIESER DATENSCHUTZERKL\u00c4RUNG<\/b><\/p>\n<p>Wir behalten uns das Recht vor, diese Datenschutzerkl\u00e4rung jederzeit zu \u00e4ndern, daher \u00fcberpr\u00fcfen Sie sie bitte regelm\u00e4\u00dfig. \u00c4nderungen und Klarstellungen werden sofort nach ihrer Ver\u00f6ffentlichung auf der Website wirksam. Wenn wir wesentliche \u00c4nderungen an dieser Richtlinie vornehmen, werden wir Sie hier dar\u00fcber informieren, dass sie aktualisiert wurde, damit Sie wissen, welche Informationen wir sammeln, wie wir sie verwenden und unter welchen Umst\u00e4nden wir sie gegebenenfalls verwenden und\/oder offenlegen.  <\/p>\n<p>Wenn unser Shop \u00fcbernommen oder mit einem anderen Unternehmen zusammengelegt wird, k\u00f6nnen Ihre Daten an die neuen Eigent\u00fcmer \u00fcbertragen werden, damit wir Ihnen weiterhin Produkte verkaufen k\u00f6nnen.<\/p>\n<p><b>FRAGEN UND KONTAKTINFORMATIONEN<\/b><\/p>\n<p>Wenn Sie: auf pers\u00f6nliche Daten, die wir \u00fcber Sie haben, zugreifen, diese korrigieren, \u00e4ndern oder l\u00f6schen m\u00f6chten, eine Beschwerde einreichen oder einfach nur weitere Informationen w\u00fcnschen, wenden Sie sich bitte an unseren Datenschutzbeauftragten unter paty_selection@hotmail.com.<\/p>\t\t\t\t\t\t\t\t<\/div>\n\t\t\t\t<\/div>\n\t\t\t\t\t<\/div>\n\t\t<\/div>\n\t\t\t\t\t<\/div>\n\t\t<\/section>\n\t\t\t\t<\/div>\n\t\t","protected":false},"excerpt":{"rendered":"<p>Willkommen bei Latinbody CH LatinbodyPatricia JacoberWehntalerstrasse 602CH-8046 Z\u00fcrichSchweiz Ihre Privatsph\u00e4re und Ihr Vertrauen sind uns sehr wichtig, und wir m\u00f6chten Ihnen als Kunden versichern, dass wir Ihre pers\u00f6nlichen Daten niemals an Dritte verkaufen werden. Ihre Daten sind in unserem E-Commerce-Onlineshop hochgradig gesichert. Wir halten uns an hohe Sicherheitsstandards und bieten Ihnen gleichzeitig ein sicheres und [&hellip;]<\/p>\n","protected":false},"author":1,"featured_media":0,"parent":0,"menu_order":0,"comment_status":"closed","ping_status":"closed","template":"","meta":{"_joinchat":[],"footnotes":""},"class_list":["post-6102","page","type-page","status-publish","hentry"],"yoast_head":"<!-- This site is optimized with the Yoast SEO plugin v27.5 - https:\/\/yoast.com\/product\/yoast-seo-wordpress\/ -->\n<title>Datenschutz - LatinBody<\/title>\n<meta name=\"robots\" content=\"index, follow, max-snippet:-1, max-image-preview:large, max-video-preview:-1\" \/>\n<link rel=\"canonical\" href=\"https:\/\/latinbody.ch\/de\/datenschutz\/\" \/>\n<meta property=\"og:locale\" content=\"de_DE\" \/>\n<meta property=\"og:type\" content=\"article\" \/>\n<meta property=\"og:title\" content=\"Datenschutz - LatinBody\" \/>\n<meta property=\"og:description\" content=\"Willkommen bei Latinbody CH LatinbodyPatricia JacoberWehntalerstrasse 602CH-8046 Z\u00fcrichSchweiz Ihre Privatsph\u00e4re und Ihr Vertrauen sind uns sehr wichtig, und wir m\u00f6chten Ihnen als Kunden versichern, dass wir Ihre pers\u00f6nlichen Daten niemals an Dritte verkaufen werden. Ihre Daten sind in unserem E-Commerce-Onlineshop hochgradig gesichert. Wir halten uns an hohe Sicherheitsstandards und bieten Ihnen gleichzeitig ein sicheres und [&hellip;]\" \/>\n<meta property=\"og:url\" content=\"https:\/\/latinbody.ch\/de\/datenschutz\/\" \/>\n<meta property=\"og:site_name\" content=\"LatinBody\" \/>\n<meta property=\"article:publisher\" content=\"https:\/\/www.facebook.com\/latinbody\" \/>\n<meta property=\"article:modified_time\" content=\"2025-12-10T00:15:19+00:00\" \/>\n<meta name=\"twitter:card\" content=\"summary_large_image\" \/>\n<meta name=\"twitter:label1\" content=\"Gesch\u00e4tzte Lesezeit\" \/>\n\t<meta name=\"twitter:data1\" content=\"4\u00a0Minuten\" \/>\n<script type=\"application\/ld+json\" class=\"yoast-schema-graph\">{\"@context\":\"https:\\\/\\\/schema.org\",\"@graph\":[{\"@type\":\"WebPage\",\"@id\":\"https:\\\/\\\/latinbody.ch\\\/de\\\/datenschutz\\\/\",\"url\":\"https:\\\/\\\/latinbody.ch\\\/de\\\/datenschutz\\\/\",\"name\":\"Datenschutz - LatinBody\",\"isPartOf\":{\"@id\":\"https:\\\/\\\/latinbody.ch\\\/de\\\/#website\"},\"datePublished\":\"2020-05-20T17:05:57+00:00\",\"dateModified\":\"2025-12-10T00:15:19+00:00\",\"breadcrumb\":{\"@id\":\"https:\\\/\\\/latinbody.ch\\\/de\\\/datenschutz\\\/#breadcrumb\"},\"inLanguage\":\"de\",\"potentialAction\":[{\"@type\":\"ReadAction\",\"target\":[\"https:\\\/\\\/latinbody.ch\\\/de\\\/datenschutz\\\/\"]}]},{\"@type\":\"BreadcrumbList\",\"@id\":\"https:\\\/\\\/latinbody.ch\\\/de\\\/datenschutz\\\/#breadcrumb\",\"itemListElement\":[{\"@type\":\"ListItem\",\"position\":1,\"name\":\"Portada\",\"item\":\"https:\\\/\\\/latinbody.ch\\\/de\\\/\"},{\"@type\":\"ListItem\",\"position\":2,\"name\":\"Datenschutz\"}]},{\"@type\":\"WebSite\",\"@id\":\"https:\\\/\\\/latinbody.ch\\\/de\\\/#website\",\"url\":\"https:\\\/\\\/latinbody.ch\\\/de\\\/\",\"name\":\"www.latinbody.ch\",\"description\":\"Fajas Reductoras | Reductora Post-Parto | Reductora Levanta Cola\",\"publisher\":{\"@id\":\"https:\\\/\\\/latinbody.ch\\\/de\\\/#organization\"},\"potentialAction\":[{\"@type\":\"SearchAction\",\"target\":{\"@type\":\"EntryPoint\",\"urlTemplate\":\"https:\\\/\\\/latinbody.ch\\\/de\\\/?s={search_term_string}\"},\"query-input\":{\"@type\":\"PropertyValueSpecification\",\"valueRequired\":true,\"valueName\":\"search_term_string\"}}],\"inLanguage\":\"de\"},{\"@type\":\"Organization\",\"@id\":\"https:\\\/\\\/latinbody.ch\\\/de\\\/#organization\",\"name\":\"latinbody\",\"url\":\"https:\\\/\\\/latinbody.ch\\\/de\\\/\",\"logo\":{\"@type\":\"ImageObject\",\"inLanguage\":\"de\",\"@id\":\"https:\\\/\\\/latinbody.ch\\\/de\\\/#\\\/schema\\\/logo\\\/image\\\/\",\"url\":\"https:\\\/\\\/latinbody.ch\\\/wp-content\\\/uploads\\\/2022\\\/07\\\/logo-latin-body-2022.svg\",\"contentUrl\":\"https:\\\/\\\/latinbody.ch\\\/wp-content\\\/uploads\\\/2022\\\/07\\\/logo-latin-body-2022.svg\",\"width\":625.34,\"height\":146.1,\"caption\":\"latinbody\"},\"image\":{\"@id\":\"https:\\\/\\\/latinbody.ch\\\/de\\\/#\\\/schema\\\/logo\\\/image\\\/\"},\"sameAs\":[\"https:\\\/\\\/www.facebook.com\\\/latinbody\",\"https:\\\/\\\/www.instagram.com\\\/latinbody_official\\\/\"]}]}<\/script>\n<!-- \/ Yoast SEO plugin. -->","yoast_head_json":{"title":"Datenschutz - LatinBody","robots":{"index":"index","follow":"follow","max-snippet":"max-snippet:-1","max-image-preview":"max-image-preview:large","max-video-preview":"max-video-preview:-1"},"canonical":"https:\/\/latinbody.ch\/de\/datenschutz\/","og_locale":"de_DE","og_type":"article","og_title":"Datenschutz - LatinBody","og_description":"Willkommen bei Latinbody CH LatinbodyPatricia JacoberWehntalerstrasse 602CH-8046 Z\u00fcrichSchweiz Ihre Privatsph\u00e4re und Ihr Vertrauen sind uns sehr wichtig, und wir m\u00f6chten Ihnen als Kunden versichern, dass wir Ihre pers\u00f6nlichen Daten niemals an Dritte verkaufen werden. Ihre Daten sind in unserem E-Commerce-Onlineshop hochgradig gesichert. Wir halten uns an hohe Sicherheitsstandards und bieten Ihnen gleichzeitig ein sicheres und [&hellip;]","og_url":"https:\/\/latinbody.ch\/de\/datenschutz\/","og_site_name":"LatinBody","article_publisher":"https:\/\/www.facebook.com\/latinbody","article_modified_time":"2025-12-10T00:15:19+00:00","twitter_card":"summary_large_image","twitter_misc":{"Gesch\u00e4tzte Lesezeit":"4\u00a0Minuten"},"schema":{"@context":"https:\/\/schema.org","@graph":[{"@type":"WebPage","@id":"https:\/\/latinbody.ch\/de\/datenschutz\/","url":"https:\/\/latinbody.ch\/de\/datenschutz\/","name":"Datenschutz - LatinBody","isPartOf":{"@id":"https:\/\/latinbody.ch\/de\/#website"},"datePublished":"2020-05-20T17:05:57+00:00","dateModified":"2025-12-10T00:15:19+00:00","breadcrumb":{"@id":"https:\/\/latinbody.ch\/de\/datenschutz\/#breadcrumb"},"inLanguage":"de","potentialAction":[{"@type":"ReadAction","target":["https:\/\/latinbody.ch\/de\/datenschutz\/"]}]},{"@type":"BreadcrumbList","@id":"https:\/\/latinbody.ch\/de\/datenschutz\/#breadcrumb","itemListElement":[{"@type":"ListItem","position":1,"name":"Portada","item":"https:\/\/latinbody.ch\/de\/"},{"@type":"ListItem","position":2,"name":"Datenschutz"}]},{"@type":"WebSite","@id":"https:\/\/latinbody.ch\/de\/#website","url":"https:\/\/latinbody.ch\/de\/","name":"www.latinbody.ch","description":"Fajas Reductoras | Reductora Post-Parto | Reductora Levanta Cola","publisher":{"@id":"https:\/\/latinbody.ch\/de\/#organization"},"potentialAction":[{"@type":"SearchAction","target":{"@type":"EntryPoint","urlTemplate":"https:\/\/latinbody.ch\/de\/?s={search_term_string}"},"query-input":{"@type":"PropertyValueSpecification","valueRequired":true,"valueName":"search_term_string"}}],"inLanguage":"de"},{"@type":"Organization","@id":"https:\/\/latinbody.ch\/de\/#organization","name":"latinbody","url":"https:\/\/latinbody.ch\/de\/","logo":{"@type":"ImageObject","inLanguage":"de","@id":"https:\/\/latinbody.ch\/de\/#\/schema\/logo\/image\/","url":"https:\/\/latinbody.ch\/wp-content\/uploads\/2022\/07\/logo-latin-body-2022.svg","contentUrl":"https:\/\/latinbody.ch\/wp-content\/uploads\/2022\/07\/logo-latin-body-2022.svg","width":625.34,"height":146.1,"caption":"latinbody"},"image":{"@id":"https:\/\/latinbody.ch\/de\/#\/schema\/logo\/image\/"},"sameAs":["https:\/\/www.facebook.com\/latinbody","https:\/\/www.instagram.com\/latinbody_official\/"]}]}},"_links":{"self":[{"href":"https:\/\/latinbody.ch\/de\/wp-json\/wp\/v2\/pages\/6102","targetHints":{"allow":["GET"]}}],"collection":[{"href":"https:\/\/latinbody.ch\/de\/wp-json\/wp\/v2\/pages"}],"about":[{"href":"https:\/\/latinbody.ch\/de\/wp-json\/wp\/v2\/types\/page"}],"author":[{"embeddable":true,"href":"https:\/\/latinbody.ch\/de\/wp-json\/wp\/v2\/users\/1"}],"replies":[{"embeddable":true,"href":"https:\/\/latinbody.ch\/de\/wp-json\/wp\/v2\/comments?post=6102"}],"version-history":[{"count":0,"href":"https:\/\/latinbody.ch\/de\/wp-json\/wp\/v2\/pages\/6102\/revisions"}],"wp:attachment":[{"href":"https:\/\/latinbody.ch\/de\/wp-json\/wp\/v2\/media?parent=6102"}],"curies":[{"name":"wp","href":"https:\/\/api.w.org\/{rel}","templated":true}]}}