{"id":6115,"date":"2020-05-20T18:07:13","date_gmt":"2020-05-20T16:07:13","guid":{"rendered":"https:\/\/latinbody.ch\/rueckgabebestimmungen\/"},"modified":"2026-03-22T20:05:18","modified_gmt":"2026-03-22T19:05:18","slug":"rueckgabebestimmungen","status":"publish","type":"page","link":"https:\/\/latinbody.ch\/de\/rueckgabebestimmungen\/","title":{"rendered":"R\u00fcckgabebestimmungen"},"content":{"rendered":"\t\t<div data-elementor-type=\"wp-page\" data-elementor-id=\"6115\" class=\"elementor elementor-6115 elementor-1324\" data-elementor-post-type=\"page\">\n\t\t\t\t\t\t<section class=\"elementor-section elementor-top-section elementor-element elementor-element-03a0241 elementor-section-boxed elementor-section-height-default elementor-section-height-default\" data-id=\"03a0241\" data-element_type=\"section\" data-e-type=\"section\" data-settings=\"{&quot;jet_parallax_layout_list&quot;:[{&quot;jet_parallax_layout_image&quot;:{&quot;url&quot;:&quot;&quot;,&quot;id&quot;:&quot;&quot;,&quot;size&quot;:&quot;&quot;},&quot;_id&quot;:&quot;c1ab6c2&quot;,&quot;jet_parallax_layout_image_tablet&quot;:{&quot;url&quot;:&quot;&quot;,&quot;id&quot;:&quot;&quot;,&quot;size&quot;:&quot;&quot;},&quot;jet_parallax_layout_image_mobile&quot;:{&quot;url&quot;:&quot;&quot;,&quot;id&quot;:&quot;&quot;,&quot;size&quot;:&quot;&quot;},&quot;jet_parallax_layout_speed&quot;:{&quot;unit&quot;:&quot;%&quot;,&quot;size&quot;:50,&quot;sizes&quot;:[]},&quot;jet_parallax_layout_type&quot;:&quot;scroll&quot;,&quot;jet_parallax_layout_direction&quot;:&quot;1&quot;,&quot;jet_parallax_layout_fx_direction&quot;:null,&quot;jet_parallax_layout_z_index&quot;:&quot;&quot;,&quot;jet_parallax_layout_bg_x&quot;:50,&quot;jet_parallax_layout_bg_x_tablet&quot;:&quot;&quot;,&quot;jet_parallax_layout_bg_x_mobile&quot;:&quot;&quot;,&quot;jet_parallax_layout_bg_y&quot;:50,&quot;jet_parallax_layout_bg_y_tablet&quot;:&quot;&quot;,&quot;jet_parallax_layout_bg_y_mobile&quot;:&quot;&quot;,&quot;jet_parallax_layout_bg_size&quot;:&quot;auto&quot;,&quot;jet_parallax_layout_bg_size_tablet&quot;:&quot;&quot;,&quot;jet_parallax_layout_bg_size_mobile&quot;:&quot;&quot;,&quot;jet_parallax_layout_animation_prop&quot;:&quot;transform&quot;,&quot;jet_parallax_layout_on&quot;:[&quot;desktop&quot;,&quot;tablet&quot;]}]}\">\n\t\t\t\t\t\t<div class=\"elementor-container elementor-column-gap-default\">\n\t\t\t\t\t<div class=\"elementor-column elementor-col-100 elementor-top-column elementor-element elementor-element-9a6c84b\" data-id=\"9a6c84b\" data-element_type=\"column\" data-e-type=\"column\">\n\t\t\t<div class=\"elementor-widget-wrap elementor-element-populated\">\n\t\t\t\t\t\t<div class=\"elementor-element elementor-element-a74ffa2 elementor-widget elementor-widget-theme-post-title elementor-page-title elementor-widget-heading\" data-id=\"a74ffa2\" data-element_type=\"widget\" data-e-type=\"widget\" data-widget_type=\"theme-post-title.default\">\n\t\t\t\t<div class=\"elementor-widget-container\">\n\t\t\t\t\t<h3 class=\"elementor-heading-title elementor-size-default\">R\u00fcckgabebestimmungen<\/h3>\t\t\t\t<\/div>\n\t\t\t\t<\/div>\n\t\t\t\t<div class=\"elementor-element elementor-element-e41dd64 elementor-widget elementor-widget-heading\" data-id=\"e41dd64\" data-element_type=\"widget\" data-e-type=\"widget\" data-widget_type=\"heading.default\">\n\t\t\t\t<div class=\"elementor-widget-container\">\n\t\t\t\t\t<h4 class=\"elementor-heading-title elementor-size-default\">Wichtige Informationen<\/h4>\t\t\t\t<\/div>\n\t\t\t\t<\/div>\n\t\t\t\t<div class=\"elementor-element elementor-element-6595afd elementor-widget elementor-widget-text-editor\" data-id=\"6595afd\" data-element_type=\"widget\" data-e-type=\"widget\" data-widget_type=\"text-editor.default\">\n\t\t\t\t<div class=\"elementor-widget-container\">\n\t\t\t\t\t\t\t\t\t<p>Sehr geehrte Kundin, sehr geehrter Kunde<\/p><p>Vielen Dank f\u00fcr Ihre Bestellung. Wir freuen uns, Ihnen die bestellten Produkte zusenden zu k\u00f6nnen und hoffen nat\u00fcrlich, dass Sie vollkommen zufrieden damit sind. <\/p><p>Sollten Sie bei der Ausf\u00fchrung der bestellten Produkte einen Fehler festgestellt haben, k\u00f6nnen Sie von Ihrem R\u00fcckgaberecht Gebrauch machen. Da es sich bei diesen Produkten um Produkte mit hygienischen Anforderungen handelt, gelten strenge Regeln: <\/p><p>Wir k\u00f6nnen R\u00fccksendungen nur akzeptieren, wenn:<\/p><ul><li>Die Produkte nicht benutzt wurden.<\/li><li>Alle Etiketten vollst\u00e4ndig sind und die Originalverpackung vollst\u00e4ndig ist.<\/li><\/ul><p> <\/p><p>Wir weisen insbesondere darauf hin, dass wir gebrauchte Artikel nicht weiterverkaufen k\u00f6nnen und somit keine Rechnungen f\u00fcr R\u00fccksendungen stornieren k\u00f6nnen. Nur so k\u00f6nnen wir gew\u00e4hrleisten, dass die von Ihnen bestellten Artikel in keinem Fall benutzt wurden. <\/p><p>Vielen Dank f\u00fcr Ihr Verst\u00e4ndnis und freundliche Gr\u00fc\u00dfe<\/p><p>Latinbody<\/p>\t\t\t\t\t\t\t\t<\/div>\n\t\t\t\t<\/div>\n\t\t\t\t<section class=\"elementor-section elementor-inner-section elementor-element elementor-element-12a5f58 elementor-section-boxed elementor-section-height-default elementor-section-height-default\" data-id=\"12a5f58\" data-element_type=\"section\" data-e-type=\"section\" data-settings=\"{&quot;jet_parallax_layout_list&quot;:[{&quot;jet_parallax_layout_image&quot;:{&quot;url&quot;:&quot;&quot;,&quot;id&quot;:&quot;&quot;,&quot;size&quot;:&quot;&quot;},&quot;_id&quot;:&quot;216b01f&quot;,&quot;jet_parallax_layout_image_tablet&quot;:{&quot;url&quot;:&quot;&quot;,&quot;id&quot;:&quot;&quot;,&quot;size&quot;:&quot;&quot;},&quot;jet_parallax_layout_image_mobile&quot;:{&quot;url&quot;:&quot;&quot;,&quot;id&quot;:&quot;&quot;,&quot;size&quot;:&quot;&quot;},&quot;jet_parallax_layout_speed&quot;:{&quot;unit&quot;:&quot;%&quot;,&quot;size&quot;:50,&quot;sizes&quot;:[]},&quot;jet_parallax_layout_type&quot;:&quot;scroll&quot;,&quot;jet_parallax_layout_direction&quot;:&quot;1&quot;,&quot;jet_parallax_layout_fx_direction&quot;:null,&quot;jet_parallax_layout_z_index&quot;:&quot;&quot;,&quot;jet_parallax_layout_bg_x&quot;:50,&quot;jet_parallax_layout_bg_x_tablet&quot;:&quot;&quot;,&quot;jet_parallax_layout_bg_x_mobile&quot;:&quot;&quot;,&quot;jet_parallax_layout_bg_y&quot;:50,&quot;jet_parallax_layout_bg_y_tablet&quot;:&quot;&quot;,&quot;jet_parallax_layout_bg_y_mobile&quot;:&quot;&quot;,&quot;jet_parallax_layout_bg_size&quot;:&quot;auto&quot;,&quot;jet_parallax_layout_bg_size_tablet&quot;:&quot;&quot;,&quot;jet_parallax_layout_bg_size_mobile&quot;:&quot;&quot;,&quot;jet_parallax_layout_animation_prop&quot;:&quot;transform&quot;,&quot;jet_parallax_layout_on&quot;:[&quot;desktop&quot;,&quot;tablet&quot;]}]}\">\n\t\t\t\t\t\t<div class=\"elementor-container elementor-column-gap-default\">\n\t\t\t\t\t<div class=\"elementor-column elementor-col-50 elementor-inner-column elementor-element elementor-element-f5cde58\" data-id=\"f5cde58\" data-element_type=\"column\" data-e-type=\"column\">\n\t\t\t<div class=\"elementor-widget-wrap elementor-element-populated\">\n\t\t\t\t\t\t<div class=\"elementor-element elementor-element-9310897 elementor-widget elementor-widget-heading\" data-id=\"9310897\" data-element_type=\"widget\" data-e-type=\"widget\" data-widget_type=\"heading.default\">\n\t\t\t\t<div class=\"elementor-widget-container\">\n\t\t\t\t\t<h4 class=\"elementor-heading-title elementor-size-default\">Ablauf der R\u00fccksendung:<\/h4>\t\t\t\t<\/div>\n\t\t\t\t<\/div>\n\t\t\t\t<div class=\"elementor-element elementor-element-d7f516f elementor-widget elementor-widget-text-editor\" data-id=\"d7f516f\" data-element_type=\"widget\" data-e-type=\"widget\" data-widget_type=\"text-editor.default\">\n\t\t\t\t<div class=\"elementor-widget-container\">\n\t\t\t\t\t\t\t\t\t<p>F\u00fcllen Sie die untenstehenden Informationen in diesem Schreiben aus, legen Sie dieses Schreiben in das Paket mit den zur\u00fcckgesendeten Produkten und senden Sie es sp\u00e4testens 5 Tage nach Erhalt an die unten angegebene Adresse. Das Porto f\u00fcr eine R\u00fccksendung liegt in Ihrer Verantwortung. <\/p><p>Latinbody<br>Patricia Jacober<br>Wehntalerstrasse 602<br>8046 Z\u00fcrich<\/p>\t\t\t\t\t\t\t\t<\/div>\n\t\t\t\t<\/div>\n\t\t\t\t\t<\/div>\n\t\t<\/div>\n\t\t\t\t<div class=\"elementor-column elementor-col-50 elementor-inner-column elementor-element elementor-element-5d489d1\" data-id=\"5d489d1\" data-element_type=\"column\" data-e-type=\"column\">\n\t\t\t<div class=\"elementor-widget-wrap elementor-element-populated\">\n\t\t\t\t\t\t<div class=\"elementor-element elementor-element-02ff803 elementor-button-align-stretch elementor-widget elementor-widget-form\" data-id=\"02ff803\" data-element_type=\"widget\" data-e-type=\"widget\" data-settings=\"{&quot;step_next_label&quot;:&quot;N\\u00e4chste&quot;,&quot;step_previous_label&quot;:&quot;Vorherige&quot;,&quot;button_width&quot;:&quot;100&quot;,&quot;step_type&quot;:&quot;number_text&quot;,&quot;step_icon_shape&quot;:&quot;circle&quot;}\" data-widget_type=\"form.default\">\n\t\t\t\t<div class=\"elementor-widget-container\">\n\t\t\t\t\t\t\t<form class=\"elementor-form\" method=\"post\" name=\"Neues Formular\" aria-label=\"Neues Formular\">\n\t\t\t<input type=\"hidden\" name=\"post_id\" value=\"6115\"\/>\n\t\t\t<input type=\"hidden\" name=\"form_id\" value=\"02ff803\"\/>\n\t\t\t<input type=\"hidden\" name=\"referer_title\" value=\"LatinBody\" \/>\n\n\t\t\t\n\t\t\t<div class=\"elementor-form-fields-wrapper elementor-labels-\">\n\t\t\t\t\t\t\t\t<div class=\"elementor-field-type-text elementor-field-group elementor-column elementor-field-group-name elementor-col-100 elementor-field-required\">\n\t\t\t\t\t\t\t\t\t\t\t\t<label for=\"form-field-name\" class=\"elementor-field-label elementor-screen-only\">\n\t\t\t\t\t\t\t\tName\t\t\t\t\t\t\t<\/label>\n\t\t\t\t\t\t\t\t\t\t\t\t\t\t<input size=\"1\" type=\"text\" name=\"form_fields[name]\" id=\"form-field-name\" class=\"elementor-field elementor-size-sm  elementor-field-textual\" placeholder=\"Name\" required=\"required\">\n\t\t\t\t\t\t\t\t\t\t\t<\/div>\n\t\t\t\t\t\t\t\t<div class=\"elementor-field-type-email elementor-field-group elementor-column elementor-field-group-email elementor-col-100 elementor-field-required\">\n\t\t\t\t\t\t\t\t\t\t\t\t<label for=\"form-field-email\" class=\"elementor-field-label elementor-screen-only\">\n\t\t\t\t\t\t\t\tE-Mail\t\t\t\t\t\t\t<\/label>\n\t\t\t\t\t\t\t\t\t\t\t\t\t\t<input size=\"1\" type=\"email\" name=\"form_fields[email]\" id=\"form-field-email\" class=\"elementor-field elementor-size-sm  elementor-field-textual\" placeholder=\"E-Mail\" required=\"required\">\n\t\t\t\t\t\t\t\t\t\t\t<\/div>\n\t\t\t\t\t\t\t\t<div class=\"elementor-field-type-text elementor-field-group elementor-column elementor-field-group-field_9aa55af elementor-col-100 elementor-field-required\">\n\t\t\t\t\t\t\t\t\t\t\t\t<label for=\"form-field-field_9aa55af\" class=\"elementor-field-label elementor-screen-only\">\n\t\t\t\t\t\t\t\tBestellnummer\t\t\t\t\t\t\t<\/label>\n\t\t\t\t\t\t\t\t\t\t\t\t\t\t<input size=\"1\" type=\"text\" name=\"form_fields[field_9aa55af]\" id=\"form-field-field_9aa55af\" class=\"elementor-field elementor-size-sm  elementor-field-textual\" placeholder=\"Bestellnummer\" required=\"required\">\n\t\t\t\t\t\t\t\t\t\t\t<\/div>\n\t\t\t\t\t\t\t\t<div class=\"elementor-field-type-textarea elementor-field-group elementor-column elementor-field-group-message elementor-col-100 elementor-field-required\">\n\t\t\t\t\t\t\t\t\t\t\t\t<label for=\"form-field-message\" class=\"elementor-field-label elementor-screen-only\">\n\t\t\t\t\t\t\t\tGrund f\u00fcr die R\u00fccksendung:\t\t\t\t\t\t\t<\/label>\n\t\t\t\t\t\t<textarea class=\"elementor-field-textual elementor-field  elementor-size-sm\" name=\"form_fields[message]\" id=\"form-field-message\" rows=\"4\" placeholder=\"Grund f\u00fcr die R\u00fccksendung:\" required=\"required\"><\/textarea>\t\t\t\t<\/div>\n\t\t\t\t\t\t\t\t<div class=\"elementor-field-group elementor-column elementor-field-type-submit elementor-col-100 e-form__buttons\">\n\t\t\t\t\t<button class=\"elementor-button elementor-size-sm\" type=\"submit\">\n\t\t\t\t\t\t<span class=\"elementor-button-content-wrapper\">\n\t\t\t\t\t\t\t\t\t\t\t\t\t\t\t\t\t\t\t\t\t\t<span class=\"elementor-button-text\">Senden<\/span>\n\t\t\t\t\t\t\t\t\t\t\t\t\t<\/span>\n\t\t\t\t\t<\/button>\n\t\t\t\t<\/div>\n\t\t\t<\/div>\n\t\t<\/form>\n\t\t\t\t\t\t<\/div>\n\t\t\t\t<\/div>\n\t\t\t\t\t<\/div>\n\t\t<\/div>\n\t\t\t\t\t<\/div>\n\t\t<\/section>\n\t\t\t\t\t<\/div>\n\t\t<\/div>\n\t\t\t\t\t<\/div>\n\t\t<\/section>\n\t\t\t\t<\/div>\n\t\t","protected":false},"excerpt":{"rendered":"<p>Wichtige Informationen Sehr geehrte Kundin, sehr geehrter Kunde Vielen Dank f\u00fcr Ihre Bestellung. Wir freuen uns, Ihnen die bestellten Produkte zusenden zu k\u00f6nnen und hoffen nat\u00fcrlich, dass Sie vollkommen zufrieden damit sind. Sollten Sie bei der Ausf\u00fchrung der bestellten Produkte einen Fehler festgestellt haben, k\u00f6nnen Sie von Ihrem R\u00fcckgaberecht Gebrauch machen. Da es sich bei [&hellip;]<\/p>\n","protected":false},"author":1,"featured_media":0,"parent":0,"menu_order":0,"comment_status":"closed","ping_status":"closed","template":"","meta":{"_joinchat":[],"footnotes":""},"class_list":["post-6115","page","type-page","status-publish","hentry"],"yoast_head":"<!-- This site is optimized with the Yoast SEO plugin v27.5 - https:\/\/yoast.com\/product\/yoast-seo-wordpress\/ -->\n<title>R\u00fcckgabebestimmungen - LatinBody<\/title>\n<meta name=\"robots\" content=\"index, follow, max-snippet:-1, max-image-preview:large, max-video-preview:-1\" \/>\n<link rel=\"canonical\" href=\"https:\/\/latinbody.ch\/de\/rueckgabebestimmungen\/\" \/>\n<meta property=\"og:locale\" content=\"de_DE\" \/>\n<meta property=\"og:type\" content=\"article\" \/>\n<meta property=\"og:title\" content=\"R\u00fcckgabebestimmungen - LatinBody\" \/>\n<meta property=\"og:description\" content=\"Wichtige Informationen Sehr geehrte Kundin, sehr geehrter Kunde Vielen Dank f\u00fcr Ihre Bestellung. Wir freuen uns, Ihnen die bestellten Produkte zusenden zu k\u00f6nnen und hoffen nat\u00fcrlich, dass Sie vollkommen zufrieden damit sind. Sollten Sie bei der Ausf\u00fchrung der bestellten Produkte einen Fehler festgestellt haben, k\u00f6nnen Sie von Ihrem R\u00fcckgaberecht Gebrauch machen. Da es sich bei [&hellip;]\" \/>\n<meta property=\"og:url\" content=\"https:\/\/latinbody.ch\/de\/rueckgabebestimmungen\/\" \/>\n<meta property=\"og:site_name\" content=\"LatinBody\" \/>\n<meta property=\"article:publisher\" content=\"https:\/\/www.facebook.com\/latinbody\" \/>\n<meta property=\"article:modified_time\" content=\"2026-03-22T19:05:18+00:00\" \/>\n<meta property=\"og:image\" content=\"https:\/\/latinbody.ch\/wp-content\/uploads\/2025\/11\/LATIN-BODY-LOGOS-09-Editado.png\" \/>\n<meta name=\"twitter:card\" content=\"summary_large_image\" \/>\n<meta name=\"twitter:label1\" content=\"Gesch\u00e4tzte Lesezeit\" \/>\n\t<meta name=\"twitter:data1\" content=\"1\u00a0Minute\" \/>\n<script type=\"application\/ld+json\" class=\"yoast-schema-graph\">{\"@context\":\"https:\\\/\\\/schema.org\",\"@graph\":[{\"@type\":\"WebPage\",\"@id\":\"https:\\\/\\\/latinbody.ch\\\/de\\\/rueckgabebestimmungen\\\/\",\"url\":\"https:\\\/\\\/latinbody.ch\\\/de\\\/rueckgabebestimmungen\\\/\",\"name\":\"R\u00fcckgabebestimmungen - LatinBody\",\"isPartOf\":{\"@id\":\"https:\\\/\\\/latinbody.ch\\\/de\\\/#website\"},\"datePublished\":\"2020-05-20T16:07:13+00:00\",\"dateModified\":\"2026-03-22T19:05:18+00:00\",\"breadcrumb\":{\"@id\":\"https:\\\/\\\/latinbody.ch\\\/de\\\/rueckgabebestimmungen\\\/#breadcrumb\"},\"inLanguage\":\"de\",\"potentialAction\":[{\"@type\":\"ReadAction\",\"target\":[\"https:\\\/\\\/latinbody.ch\\\/de\\\/rueckgabebestimmungen\\\/\"]}]},{\"@type\":\"BreadcrumbList\",\"@id\":\"https:\\\/\\\/latinbody.ch\\\/de\\\/rueckgabebestimmungen\\\/#breadcrumb\",\"itemListElement\":[{\"@type\":\"ListItem\",\"position\":1,\"name\":\"Portada\",\"item\":\"https:\\\/\\\/latinbody.ch\\\/de\\\/\"},{\"@type\":\"ListItem\",\"position\":2,\"name\":\"R\u00fcckgabebestimmungen\"}]},{\"@type\":\"WebSite\",\"@id\":\"https:\\\/\\\/latinbody.ch\\\/de\\\/#website\",\"url\":\"https:\\\/\\\/latinbody.ch\\\/de\\\/\",\"name\":\"www.latinbody.ch\",\"description\":\"Fajas Reductoras | Reductora Post-Parto | Reductora Levanta Cola\",\"publisher\":{\"@id\":\"https:\\\/\\\/latinbody.ch\\\/de\\\/#organization\"},\"potentialAction\":[{\"@type\":\"SearchAction\",\"target\":{\"@type\":\"EntryPoint\",\"urlTemplate\":\"https:\\\/\\\/latinbody.ch\\\/de\\\/?s={search_term_string}\"},\"query-input\":{\"@type\":\"PropertyValueSpecification\",\"valueRequired\":true,\"valueName\":\"search_term_string\"}}],\"inLanguage\":\"de\"},{\"@type\":\"Organization\",\"@id\":\"https:\\\/\\\/latinbody.ch\\\/de\\\/#organization\",\"name\":\"latinbody\",\"url\":\"https:\\\/\\\/latinbody.ch\\\/de\\\/\",\"logo\":{\"@type\":\"ImageObject\",\"inLanguage\":\"de\",\"@id\":\"https:\\\/\\\/latinbody.ch\\\/de\\\/#\\\/schema\\\/logo\\\/image\\\/\",\"url\":\"https:\\\/\\\/latinbody.ch\\\/wp-content\\\/uploads\\\/2022\\\/07\\\/logo-latin-body-2022.svg\",\"contentUrl\":\"https:\\\/\\\/latinbody.ch\\\/wp-content\\\/uploads\\\/2022\\\/07\\\/logo-latin-body-2022.svg\",\"width\":625.34,\"height\":146.1,\"caption\":\"latinbody\"},\"image\":{\"@id\":\"https:\\\/\\\/latinbody.ch\\\/de\\\/#\\\/schema\\\/logo\\\/image\\\/\"},\"sameAs\":[\"https:\\\/\\\/www.facebook.com\\\/latinbody\",\"https:\\\/\\\/www.instagram.com\\\/latinbody_official\\\/\"]}]}<\/script>\n<!-- \/ Yoast SEO plugin. -->","yoast_head_json":{"title":"R\u00fcckgabebestimmungen - LatinBody","robots":{"index":"index","follow":"follow","max-snippet":"max-snippet:-1","max-image-preview":"max-image-preview:large","max-video-preview":"max-video-preview:-1"},"canonical":"https:\/\/latinbody.ch\/de\/rueckgabebestimmungen\/","og_locale":"de_DE","og_type":"article","og_title":"R\u00fcckgabebestimmungen - LatinBody","og_description":"Wichtige Informationen Sehr geehrte Kundin, sehr geehrter Kunde Vielen Dank f\u00fcr Ihre Bestellung. Wir freuen uns, Ihnen die bestellten Produkte zusenden zu k\u00f6nnen und hoffen nat\u00fcrlich, dass Sie vollkommen zufrieden damit sind. Sollten Sie bei der Ausf\u00fchrung der bestellten Produkte einen Fehler festgestellt haben, k\u00f6nnen Sie von Ihrem R\u00fcckgaberecht Gebrauch machen. Da es sich bei [&hellip;]","og_url":"https:\/\/latinbody.ch\/de\/rueckgabebestimmungen\/","og_site_name":"LatinBody","article_publisher":"https:\/\/www.facebook.com\/latinbody","article_modified_time":"2026-03-22T19:05:18+00:00","og_image":[{"url":"https:\/\/latinbody.ch\/wp-content\/uploads\/2025\/11\/LATIN-BODY-LOGOS-09-Editado.png","type":"","width":"","height":""}],"twitter_card":"summary_large_image","twitter_misc":{"Gesch\u00e4tzte Lesezeit":"1\u00a0Minute"},"schema":{"@context":"https:\/\/schema.org","@graph":[{"@type":"WebPage","@id":"https:\/\/latinbody.ch\/de\/rueckgabebestimmungen\/","url":"https:\/\/latinbody.ch\/de\/rueckgabebestimmungen\/","name":"R\u00fcckgabebestimmungen - LatinBody","isPartOf":{"@id":"https:\/\/latinbody.ch\/de\/#website"},"datePublished":"2020-05-20T16:07:13+00:00","dateModified":"2026-03-22T19:05:18+00:00","breadcrumb":{"@id":"https:\/\/latinbody.ch\/de\/rueckgabebestimmungen\/#breadcrumb"},"inLanguage":"de","potentialAction":[{"@type":"ReadAction","target":["https:\/\/latinbody.ch\/de\/rueckgabebestimmungen\/"]}]},{"@type":"BreadcrumbList","@id":"https:\/\/latinbody.ch\/de\/rueckgabebestimmungen\/#breadcrumb","itemListElement":[{"@type":"ListItem","position":1,"name":"Portada","item":"https:\/\/latinbody.ch\/de\/"},{"@type":"ListItem","position":2,"name":"R\u00fcckgabebestimmungen"}]},{"@type":"WebSite","@id":"https:\/\/latinbody.ch\/de\/#website","url":"https:\/\/latinbody.ch\/de\/","name":"www.latinbody.ch","description":"Fajas Reductoras | Reductora Post-Parto | Reductora Levanta Cola","publisher":{"@id":"https:\/\/latinbody.ch\/de\/#organization"},"potentialAction":[{"@type":"SearchAction","target":{"@type":"EntryPoint","urlTemplate":"https:\/\/latinbody.ch\/de\/?s={search_term_string}"},"query-input":{"@type":"PropertyValueSpecification","valueRequired":true,"valueName":"search_term_string"}}],"inLanguage":"de"},{"@type":"Organization","@id":"https:\/\/latinbody.ch\/de\/#organization","name":"latinbody","url":"https:\/\/latinbody.ch\/de\/","logo":{"@type":"ImageObject","inLanguage":"de","@id":"https:\/\/latinbody.ch\/de\/#\/schema\/logo\/image\/","url":"https:\/\/latinbody.ch\/wp-content\/uploads\/2022\/07\/logo-latin-body-2022.svg","contentUrl":"https:\/\/latinbody.ch\/wp-content\/uploads\/2022\/07\/logo-latin-body-2022.svg","width":625.34,"height":146.1,"caption":"latinbody"},"image":{"@id":"https:\/\/latinbody.ch\/de\/#\/schema\/logo\/image\/"},"sameAs":["https:\/\/www.facebook.com\/latinbody","https:\/\/www.instagram.com\/latinbody_official\/"]}]}},"_links":{"self":[{"href":"https:\/\/latinbody.ch\/de\/wp-json\/wp\/v2\/pages\/6115","targetHints":{"allow":["GET"]}}],"collection":[{"href":"https:\/\/latinbody.ch\/de\/wp-json\/wp\/v2\/pages"}],"about":[{"href":"https:\/\/latinbody.ch\/de\/wp-json\/wp\/v2\/types\/page"}],"author":[{"embeddable":true,"href":"https:\/\/latinbody.ch\/de\/wp-json\/wp\/v2\/users\/1"}],"replies":[{"embeddable":true,"href":"https:\/\/latinbody.ch\/de\/wp-json\/wp\/v2\/comments?post=6115"}],"version-history":[{"count":1,"href":"https:\/\/latinbody.ch\/de\/wp-json\/wp\/v2\/pages\/6115\/revisions"}],"predecessor-version":[{"id":8533,"href":"https:\/\/latinbody.ch\/de\/wp-json\/wp\/v2\/pages\/6115\/revisions\/8533"}],"wp:attachment":[{"href":"https:\/\/latinbody.ch\/de\/wp-json\/wp\/v2\/media?parent=6115"}],"curies":[{"name":"wp","href":"https:\/\/api.w.org\/{rel}","templated":true}]}}