{"id":6296,"date":"2020-05-25T04:04:22","date_gmt":"2020-05-25T02:04:22","guid":{"rendered":"https:\/\/latinbody.ch\/tienda\/unkategorisiert\/body-cachetero-espalda-alta-ref-0413\/"},"modified":"2020-05-25T04:04:22","modified_gmt":"2020-05-25T02:04:22","slug":"body-cachetero-espalda-alta-ref-0413","status":"publish","type":"product","link":"https:\/\/latinbody.ch\/de\/tienda\/fajas-es\/fajas-body-es\/body-cachetero-espalda-alta-ref-0413\/","title":{"rendered":"BODY CACHETERO ESPALDA ALTA REF 0413"},"content":{"rendered":"<ul>\n<li>Hergestellt aus Powernet \/ Made with Powernet<\/li>\n<li>Gef\u00fcttert mit hypoallergenem Stoff \/ Antiallergenic cotton lining material<\/li>\n<li>Freie Brust \/ Topless<\/li>\n<li>Po-Verst\u00e4rkung \/ Gluteos enhancement<\/li>\n<\/ul>\n<p>Entdecken Sie diese fabelhaften Fajas, die f\u00fcr Frauen entwickelt wurden, die Gr\u00f6\u00dfen reduzieren und ihre Figur formen m\u00fcssen!<\/p>\n","protected":false},"excerpt":{"rendered":"<ul>\n<li>Body Cachetero mit hohem R\u00fcckenteil und Silikonspitze<\/li>\n<li>Hergestellt aus Powernet<\/li>\n<li>Gef\u00fcttert mit hypoallergenem Stoff<\/li>\n<li>Freie Brust<\/li>\n<li>Po-Verst\u00e4rkung<\/li>\n<\/ul>\n","protected":false},"featured_media":6298,"comment_status":"open","ping_status":"closed","template":"","meta":{"_joinchat":[]},"product_brand":[],"product_cat":[1441,49],"product_tag":[],"class_list":{"0":"post-6296","1":"product","2":"type-product","3":"status-publish","4":"has-post-thumbnail","6":"product_cat-fajas-body-es","7":"product_cat-fajas-es","9":"first","10":"instock","11":"shipping-taxable","12":"purchasable","13":"product-type-variable"},"yoast_head":"<!-- This site is optimized with the Yoast SEO plugin v27.5 - https:\/\/yoast.com\/product\/yoast-seo-wordpress\/ -->\n<title>BODY CACHETERO ESPALDA ALTA REF 0413 - LatinBody<\/title>\n<meta name=\"description\" content=\"Unser Body 413 bietet Kompression f\u00fcr eine bessere Kontrolle in der Taille und im gesamten R\u00fcckenbereich. Sie komprimieren den Bereich unter den Achseln und erm\u00f6glichen es, die kleinen R\u00f6llchen zu formen.\" \/>\n<meta name=\"robots\" content=\"index, follow, max-snippet:-1, max-image-preview:large, max-video-preview:-1\" \/>\n<link rel=\"canonical\" href=\"https:\/\/latinbody.ch\/de\/tienda\/fajas-es\/fajas-body-es\/body-cachetero-espalda-alta-ref-0413\/\" \/>\n<meta property=\"og:locale\" content=\"de_DE\" \/>\n<meta property=\"og:type\" content=\"article\" \/>\n<meta property=\"og:title\" content=\"BODY CACHETERO ESPALDA ALTA REF 0413 - LatinBody\" \/>\n<meta property=\"og:description\" content=\"Unser Body 413 bietet Kompression f\u00fcr eine bessere Kontrolle in der Taille und im gesamten R\u00fcckenbereich. Sie komprimieren den Bereich unter den Achseln und erm\u00f6glichen es, die kleinen R\u00f6llchen zu formen.\" \/>\n<meta property=\"og:url\" content=\"https:\/\/latinbody.ch\/de\/tienda\/fajas-es\/fajas-body-es\/body-cachetero-espalda-alta-ref-0413\/\" \/>\n<meta property=\"og:site_name\" content=\"LatinBody\" \/>\n<meta property=\"article:publisher\" content=\"https:\/\/www.facebook.com\/latinbody\" \/>\n<meta property=\"og:image\" content=\"https:\/\/latinbody.ch\/wp-content\/uploads\/2020\/05\/413-3.jpg\" \/>\n\t<meta property=\"og:image:width\" content=\"1000\" \/>\n\t<meta property=\"og:image:height\" content=\"1000\" \/>\n\t<meta property=\"og:image:type\" content=\"image\/jpeg\" \/>\n<meta name=\"twitter:card\" content=\"summary_large_image\" \/>\n<script type=\"application\/ld+json\" class=\"yoast-schema-graph\">{\"@context\":\"https:\\\/\\\/schema.org\",\"@graph\":[{\"@type\":\"WebPage\",\"@id\":\"https:\\\/\\\/latinbody.ch\\\/de\\\/tienda\\\/fajas-es\\\/fajas-body-es\\\/body-cachetero-espalda-alta-ref-0413\\\/\",\"url\":\"https:\\\/\\\/latinbody.ch\\\/de\\\/tienda\\\/fajas-es\\\/fajas-body-es\\\/body-cachetero-espalda-alta-ref-0413\\\/\",\"name\":\"BODY CACHETERO ESPALDA ALTA REF 0413 - LatinBody\",\"isPartOf\":{\"@id\":\"https:\\\/\\\/latinbody.ch\\\/de\\\/#website\"},\"primaryImageOfPage\":{\"@id\":\"https:\\\/\\\/latinbody.ch\\\/de\\\/tienda\\\/fajas-es\\\/fajas-body-es\\\/body-cachetero-espalda-alta-ref-0413\\\/#primaryimage\"},\"image\":{\"@id\":\"https:\\\/\\\/latinbody.ch\\\/de\\\/tienda\\\/fajas-es\\\/fajas-body-es\\\/body-cachetero-espalda-alta-ref-0413\\\/#primaryimage\"},\"thumbnailUrl\":\"https:\\\/\\\/latinbody.ch\\\/wp-content\\\/uploads\\\/2020\\\/05\\\/413-3.jpg\",\"datePublished\":\"2020-05-25T02:04:22+00:00\",\"description\":\"Unser Body 413 bietet Kompression f\u00fcr eine bessere Kontrolle in der Taille und im gesamten R\u00fcckenbereich. Sie komprimieren den Bereich unter den Achseln und erm\u00f6glichen es, die kleinen R\u00f6llchen zu formen.\",\"breadcrumb\":{\"@id\":\"https:\\\/\\\/latinbody.ch\\\/de\\\/tienda\\\/fajas-es\\\/fajas-body-es\\\/body-cachetero-espalda-alta-ref-0413\\\/#breadcrumb\"},\"inLanguage\":\"de\",\"potentialAction\":[{\"@type\":\"ReadAction\",\"target\":[\"https:\\\/\\\/latinbody.ch\\\/de\\\/tienda\\\/fajas-es\\\/fajas-body-es\\\/body-cachetero-espalda-alta-ref-0413\\\/\"]}]},{\"@type\":\"ImageObject\",\"inLanguage\":\"de\",\"@id\":\"https:\\\/\\\/latinbody.ch\\\/de\\\/tienda\\\/fajas-es\\\/fajas-body-es\\\/body-cachetero-espalda-alta-ref-0413\\\/#primaryimage\",\"url\":\"https:\\\/\\\/latinbody.ch\\\/wp-content\\\/uploads\\\/2020\\\/05\\\/413-3.jpg\",\"contentUrl\":\"https:\\\/\\\/latinbody.ch\\\/wp-content\\\/uploads\\\/2020\\\/05\\\/413-3.jpg\",\"width\":1000,\"height\":1000},{\"@type\":\"BreadcrumbList\",\"@id\":\"https:\\\/\\\/latinbody.ch\\\/de\\\/tienda\\\/fajas-es\\\/fajas-body-es\\\/body-cachetero-espalda-alta-ref-0413\\\/#breadcrumb\",\"itemListElement\":[{\"@type\":\"ListItem\",\"position\":1,\"name\":\"Portada\",\"item\":\"https:\\\/\\\/latinbody.ch\\\/de\\\/\"},{\"@type\":\"ListItem\",\"position\":2,\"name\":\"Shop\",\"item\":\"https:\\\/\\\/latinbody.ch\\\/tienda\\\/\"},{\"@type\":\"ListItem\",\"position\":3,\"name\":\"BODY CACHETERO ESPALDA ALTA REF 0413\"}]},{\"@type\":\"WebSite\",\"@id\":\"https:\\\/\\\/latinbody.ch\\\/de\\\/#website\",\"url\":\"https:\\\/\\\/latinbody.ch\\\/de\\\/\",\"name\":\"www.latinbody.ch\",\"description\":\"Fajas Reductoras | Reductora Post-Parto | Reductora Levanta Cola\",\"publisher\":{\"@id\":\"https:\\\/\\\/latinbody.ch\\\/de\\\/#organization\"},\"potentialAction\":[{\"@type\":\"SearchAction\",\"target\":{\"@type\":\"EntryPoint\",\"urlTemplate\":\"https:\\\/\\\/latinbody.ch\\\/de\\\/?s={search_term_string}\"},\"query-input\":{\"@type\":\"PropertyValueSpecification\",\"valueRequired\":true,\"valueName\":\"search_term_string\"}}],\"inLanguage\":\"de\"},{\"@type\":\"Organization\",\"@id\":\"https:\\\/\\\/latinbody.ch\\\/de\\\/#organization\",\"name\":\"latinbody\",\"url\":\"https:\\\/\\\/latinbody.ch\\\/de\\\/\",\"logo\":{\"@type\":\"ImageObject\",\"inLanguage\":\"de\",\"@id\":\"https:\\\/\\\/latinbody.ch\\\/de\\\/#\\\/schema\\\/logo\\\/image\\\/\",\"url\":\"https:\\\/\\\/latinbody.ch\\\/wp-content\\\/uploads\\\/2022\\\/07\\\/logo-latin-body-2022.svg\",\"contentUrl\":\"https:\\\/\\\/latinbody.ch\\\/wp-content\\\/uploads\\\/2022\\\/07\\\/logo-latin-body-2022.svg\",\"width\":625.34,\"height\":146.1,\"caption\":\"latinbody\"},\"image\":{\"@id\":\"https:\\\/\\\/latinbody.ch\\\/de\\\/#\\\/schema\\\/logo\\\/image\\\/\"},\"sameAs\":[\"https:\\\/\\\/www.facebook.com\\\/latinbody\",\"https:\\\/\\\/www.instagram.com\\\/latinbody_official\\\/\"]}]}<\/script>\n<!-- \/ Yoast SEO plugin. -->","yoast_head_json":{"title":"BODY CACHETERO ESPALDA ALTA REF 0413 - LatinBody","description":"Unser Body 413 bietet Kompression f\u00fcr eine bessere Kontrolle in der Taille und im gesamten R\u00fcckenbereich. Sie komprimieren den Bereich unter den Achseln und erm\u00f6glichen es, die kleinen R\u00f6llchen zu formen.","robots":{"index":"index","follow":"follow","max-snippet":"max-snippet:-1","max-image-preview":"max-image-preview:large","max-video-preview":"max-video-preview:-1"},"canonical":"https:\/\/latinbody.ch\/de\/tienda\/fajas-es\/fajas-body-es\/body-cachetero-espalda-alta-ref-0413\/","og_locale":"de_DE","og_type":"article","og_title":"BODY CACHETERO ESPALDA ALTA REF 0413 - LatinBody","og_description":"Unser Body 413 bietet Kompression f\u00fcr eine bessere Kontrolle in der Taille und im gesamten R\u00fcckenbereich. Sie komprimieren den Bereich unter den Achseln und erm\u00f6glichen es, die kleinen R\u00f6llchen zu formen.","og_url":"https:\/\/latinbody.ch\/de\/tienda\/fajas-es\/fajas-body-es\/body-cachetero-espalda-alta-ref-0413\/","og_site_name":"LatinBody","article_publisher":"https:\/\/www.facebook.com\/latinbody","og_image":[{"width":1000,"height":1000,"url":"https:\/\/latinbody.ch\/wp-content\/uploads\/2020\/05\/413-3.jpg","type":"image\/jpeg"}],"twitter_card":"summary_large_image","schema":{"@context":"https:\/\/schema.org","@graph":[{"@type":"WebPage","@id":"https:\/\/latinbody.ch\/de\/tienda\/fajas-es\/fajas-body-es\/body-cachetero-espalda-alta-ref-0413\/","url":"https:\/\/latinbody.ch\/de\/tienda\/fajas-es\/fajas-body-es\/body-cachetero-espalda-alta-ref-0413\/","name":"BODY CACHETERO ESPALDA ALTA REF 0413 - LatinBody","isPartOf":{"@id":"https:\/\/latinbody.ch\/de\/#website"},"primaryImageOfPage":{"@id":"https:\/\/latinbody.ch\/de\/tienda\/fajas-es\/fajas-body-es\/body-cachetero-espalda-alta-ref-0413\/#primaryimage"},"image":{"@id":"https:\/\/latinbody.ch\/de\/tienda\/fajas-es\/fajas-body-es\/body-cachetero-espalda-alta-ref-0413\/#primaryimage"},"thumbnailUrl":"https:\/\/latinbody.ch\/wp-content\/uploads\/2020\/05\/413-3.jpg","datePublished":"2020-05-25T02:04:22+00:00","description":"Unser Body 413 bietet Kompression f\u00fcr eine bessere Kontrolle in der Taille und im gesamten R\u00fcckenbereich. Sie komprimieren den Bereich unter den Achseln und erm\u00f6glichen es, die kleinen R\u00f6llchen zu formen.","breadcrumb":{"@id":"https:\/\/latinbody.ch\/de\/tienda\/fajas-es\/fajas-body-es\/body-cachetero-espalda-alta-ref-0413\/#breadcrumb"},"inLanguage":"de","potentialAction":[{"@type":"ReadAction","target":["https:\/\/latinbody.ch\/de\/tienda\/fajas-es\/fajas-body-es\/body-cachetero-espalda-alta-ref-0413\/"]}]},{"@type":"ImageObject","inLanguage":"de","@id":"https:\/\/latinbody.ch\/de\/tienda\/fajas-es\/fajas-body-es\/body-cachetero-espalda-alta-ref-0413\/#primaryimage","url":"https:\/\/latinbody.ch\/wp-content\/uploads\/2020\/05\/413-3.jpg","contentUrl":"https:\/\/latinbody.ch\/wp-content\/uploads\/2020\/05\/413-3.jpg","width":1000,"height":1000},{"@type":"BreadcrumbList","@id":"https:\/\/latinbody.ch\/de\/tienda\/fajas-es\/fajas-body-es\/body-cachetero-espalda-alta-ref-0413\/#breadcrumb","itemListElement":[{"@type":"ListItem","position":1,"name":"Portada","item":"https:\/\/latinbody.ch\/de\/"},{"@type":"ListItem","position":2,"name":"Shop","item":"https:\/\/latinbody.ch\/tienda\/"},{"@type":"ListItem","position":3,"name":"BODY CACHETERO ESPALDA ALTA REF 0413"}]},{"@type":"WebSite","@id":"https:\/\/latinbody.ch\/de\/#website","url":"https:\/\/latinbody.ch\/de\/","name":"www.latinbody.ch","description":"Fajas Reductoras | Reductora Post-Parto | Reductora Levanta Cola","publisher":{"@id":"https:\/\/latinbody.ch\/de\/#organization"},"potentialAction":[{"@type":"SearchAction","target":{"@type":"EntryPoint","urlTemplate":"https:\/\/latinbody.ch\/de\/?s={search_term_string}"},"query-input":{"@type":"PropertyValueSpecification","valueRequired":true,"valueName":"search_term_string"}}],"inLanguage":"de"},{"@type":"Organization","@id":"https:\/\/latinbody.ch\/de\/#organization","name":"latinbody","url":"https:\/\/latinbody.ch\/de\/","logo":{"@type":"ImageObject","inLanguage":"de","@id":"https:\/\/latinbody.ch\/de\/#\/schema\/logo\/image\/","url":"https:\/\/latinbody.ch\/wp-content\/uploads\/2022\/07\/logo-latin-body-2022.svg","contentUrl":"https:\/\/latinbody.ch\/wp-content\/uploads\/2022\/07\/logo-latin-body-2022.svg","width":625.34,"height":146.1,"caption":"latinbody"},"image":{"@id":"https:\/\/latinbody.ch\/de\/#\/schema\/logo\/image\/"},"sameAs":["https:\/\/www.facebook.com\/latinbody","https:\/\/www.instagram.com\/latinbody_official\/"]}]}},"_links":{"self":[{"href":"https:\/\/latinbody.ch\/de\/wp-json\/wp\/v2\/product\/6296","targetHints":{"allow":["GET"]}}],"collection":[{"href":"https:\/\/latinbody.ch\/de\/wp-json\/wp\/v2\/product"}],"about":[{"href":"https:\/\/latinbody.ch\/de\/wp-json\/wp\/v2\/types\/product"}],"replies":[{"embeddable":true,"href":"https:\/\/latinbody.ch\/de\/wp-json\/wp\/v2\/comments?post=6296"}],"wp:featuredmedia":[{"embeddable":true,"href":"https:\/\/latinbody.ch\/de\/wp-json\/wp\/v2\/media\/6298"}],"wp:attachment":[{"href":"https:\/\/latinbody.ch\/de\/wp-json\/wp\/v2\/media?parent=6296"}],"wp:term":[{"taxonomy":"product_brand","embeddable":true,"href":"https:\/\/latinbody.ch\/de\/wp-json\/wp\/v2\/product_brand?post=6296"},{"taxonomy":"product_cat","embeddable":true,"href":"https:\/\/latinbody.ch\/de\/wp-json\/wp\/v2\/product_cat?post=6296"},{"taxonomy":"product_tag","embeddable":true,"href":"https:\/\/latinbody.ch\/de\/wp-json\/wp\/v2\/product_tag?post=6296"}],"curies":[{"name":"wp","href":"https:\/\/api.w.org\/{rel}","templated":true}]}}