{"id":6552,"date":"2020-02-22T10:21:02","date_gmt":"2020-02-22T09:21:02","guid":{"rendered":"https:\/\/latinbody.ch\/tienda\/unkategorisiert\/postquirurgische-lipoesculptura-aermel-mit-achse-der-den-po-hebt-ref-0520\/"},"modified":"2020-02-22T10:21:02","modified_gmt":"2020-02-22T09:21:02","slug":"postquirurgische-lipoesculptura-aermel-mit-achse-der-den-po-hebt-ref-0520","status":"publish","type":"product","link":"https:\/\/latinbody.ch\/de\/tienda\/formwaesche\/alltagsgebrauch\/postquirurgische-lipoesculptura-aermel-mit-achse-der-den-po-hebt-ref-0520\/","title":{"rendered":"POSTQUIRURGISCHE LIPOESCULPTURA \u00c4RMEL MIT ACHSE, DER DEN PO HEBT REF 0520"},"content":{"rendered":"<ul>\n<li>Hergestellt aus Powernet \/ Made with Powernet<\/li>\n<li>Gef\u00fcttert mit hypoallergenem Stoff \/ Antiallergenic cotton lining material<\/li>\n<li>Freie Brust \/ Topless<\/li>\n<li>Po-Verst\u00e4rkung \/ Gluteos enhancement<\/li>\n<\/ul>\n","protected":false},"excerpt":{"rendered":"<ul>\n<li>Mit verstellbaren Tr\u00e4gern an den Schultern<\/li>\n<li>Freie Brust<\/li>\n<li>Interne Haken und flacher Verschluss<\/li>\n<li>Po in Powernet<\/li>\n<li>Perineal\u00f6ffnung<\/li>\n<li>Gef\u00fcttert mit hypoallergenem Stoff<\/li>\n<li>Hohe Kompression<\/li>\n<\/ul>\n","protected":false},"featured_media":6553,"comment_status":"open","ping_status":"closed","template":"","meta":{"_joinchat":[]},"product_brand":[],"product_cat":[170,1445,1635,1651,1431],"product_tag":[1649,1654,1656,1653,1639],"class_list":{"0":"post-6552","1":"product","2":"type-product","3":"status-publish","4":"has-post-thumbnail","6":"product_cat-alltagsgebrauch","7":"product_cat-formwaesche","8":"product_cat-po-hebende-faja","9":"product_cat-postoperativ","10":"product_cat-reduzierbodys","11":"product_tag-po-hebende-faja","12":"product_tag-postoperativ","13":"product_tag-postoperative-lipoescultura-aermel-siza-hebt-po-an","14":"product_tag-reduzierende-fajas","15":"product_tag-taeglicher-gebrauch","17":"first","18":"instock","19":"shipping-taxable","20":"purchasable","21":"product-type-variable"},"yoast_head":"<!-- This site is optimized with the Yoast SEO plugin v27.5 - https:\/\/yoast.com\/product\/yoast-seo-wordpress\/ -->\n<title>POSTQUIRURGISCHE LIPOESCULPTURA \u00c4RMEL MIT ACHSE, DER DEN PO HEBT REF 0520 - LatinBody<\/title>\n<meta name=\"robots\" content=\"index, follow, max-snippet:-1, max-image-preview:large, max-video-preview:-1\" \/>\n<link rel=\"canonical\" href=\"https:\/\/latinbody.ch\/de\/tienda\/formwaesche\/alltagsgebrauch\/postquirurgische-lipoesculptura-aermel-mit-achse-der-den-po-hebt-ref-0520\/\" \/>\n<meta property=\"og:locale\" content=\"de_DE\" \/>\n<meta property=\"og:type\" content=\"article\" \/>\n<meta property=\"og:title\" content=\"POSTQUIRURGISCHE LIPOESCULPTURA \u00c4RMEL MIT ACHSE, DER DEN PO HEBT REF 0520 - LatinBody\" \/>\n<meta property=\"og:description\" content=\"Mit verstellbaren Tr\u00e4gern an den Schultern  Freie Brust  Interne Haken und flacher Verschluss  Po in Powernet  Perineal\u00f6ffnung  Gef\u00fcttert mit hypoallergenem Stoff  Hohe Kompression\" \/>\n<meta property=\"og:url\" content=\"https:\/\/latinbody.ch\/de\/tienda\/formwaesche\/alltagsgebrauch\/postquirurgische-lipoesculptura-aermel-mit-achse-der-den-po-hebt-ref-0520\/\" \/>\n<meta property=\"og:site_name\" content=\"LatinBody\" \/>\n<meta property=\"article:publisher\" content=\"https:\/\/www.facebook.com\/latinbody\" \/>\n<meta property=\"og:image\" content=\"https:\/\/latinbody.ch\/wp-content\/uploads\/2020\/02\/0520-postquirurgica-lipoescultura-manga-sisa-levanta-cola-8.jpg\" \/>\n\t<meta property=\"og:image:width\" content=\"700\" \/>\n\t<meta property=\"og:image:height\" content=\"823\" \/>\n\t<meta property=\"og:image:type\" content=\"image\/jpeg\" \/>\n<meta name=\"twitter:card\" content=\"summary_large_image\" \/>\n<script type=\"application\/ld+json\" class=\"yoast-schema-graph\">{\"@context\":\"https:\\\/\\\/schema.org\",\"@graph\":[{\"@type\":\"WebPage\",\"@id\":\"https:\\\/\\\/latinbody.ch\\\/de\\\/tienda\\\/formwaesche\\\/alltagsgebrauch\\\/postquirurgische-lipoesculptura-aermel-mit-achse-der-den-po-hebt-ref-0520\\\/\",\"url\":\"https:\\\/\\\/latinbody.ch\\\/de\\\/tienda\\\/formwaesche\\\/alltagsgebrauch\\\/postquirurgische-lipoesculptura-aermel-mit-achse-der-den-po-hebt-ref-0520\\\/\",\"name\":\"POSTQUIRURGISCHE LIPOESCULPTURA \u00c4RMEL MIT ACHSE, DER DEN PO HEBT REF 0520 - LatinBody\",\"isPartOf\":{\"@id\":\"https:\\\/\\\/latinbody.ch\\\/de\\\/#website\"},\"primaryImageOfPage\":{\"@id\":\"https:\\\/\\\/latinbody.ch\\\/de\\\/tienda\\\/formwaesche\\\/alltagsgebrauch\\\/postquirurgische-lipoesculptura-aermel-mit-achse-der-den-po-hebt-ref-0520\\\/#primaryimage\"},\"image\":{\"@id\":\"https:\\\/\\\/latinbody.ch\\\/de\\\/tienda\\\/formwaesche\\\/alltagsgebrauch\\\/postquirurgische-lipoesculptura-aermel-mit-achse-der-den-po-hebt-ref-0520\\\/#primaryimage\"},\"thumbnailUrl\":\"https:\\\/\\\/latinbody.ch\\\/wp-content\\\/uploads\\\/2020\\\/02\\\/0520-postquirurgica-lipoescultura-manga-sisa-levanta-cola-8.jpg\",\"datePublished\":\"2020-02-22T09:21:02+00:00\",\"breadcrumb\":{\"@id\":\"https:\\\/\\\/latinbody.ch\\\/de\\\/tienda\\\/formwaesche\\\/alltagsgebrauch\\\/postquirurgische-lipoesculptura-aermel-mit-achse-der-den-po-hebt-ref-0520\\\/#breadcrumb\"},\"inLanguage\":\"de\",\"potentialAction\":[{\"@type\":\"ReadAction\",\"target\":[\"https:\\\/\\\/latinbody.ch\\\/de\\\/tienda\\\/formwaesche\\\/alltagsgebrauch\\\/postquirurgische-lipoesculptura-aermel-mit-achse-der-den-po-hebt-ref-0520\\\/\"]}]},{\"@type\":\"ImageObject\",\"inLanguage\":\"de\",\"@id\":\"https:\\\/\\\/latinbody.ch\\\/de\\\/tienda\\\/formwaesche\\\/alltagsgebrauch\\\/postquirurgische-lipoesculptura-aermel-mit-achse-der-den-po-hebt-ref-0520\\\/#primaryimage\",\"url\":\"https:\\\/\\\/latinbody.ch\\\/wp-content\\\/uploads\\\/2020\\\/02\\\/0520-postquirurgica-lipoescultura-manga-sisa-levanta-cola-8.jpg\",\"contentUrl\":\"https:\\\/\\\/latinbody.ch\\\/wp-content\\\/uploads\\\/2020\\\/02\\\/0520-postquirurgica-lipoescultura-manga-sisa-levanta-cola-8.jpg\",\"width\":700,\"height\":823},{\"@type\":\"BreadcrumbList\",\"@id\":\"https:\\\/\\\/latinbody.ch\\\/de\\\/tienda\\\/formwaesche\\\/alltagsgebrauch\\\/postquirurgische-lipoesculptura-aermel-mit-achse-der-den-po-hebt-ref-0520\\\/#breadcrumb\",\"itemListElement\":[{\"@type\":\"ListItem\",\"position\":1,\"name\":\"Portada\",\"item\":\"https:\\\/\\\/latinbody.ch\\\/de\\\/\"},{\"@type\":\"ListItem\",\"position\":2,\"name\":\"Shop\",\"item\":\"https:\\\/\\\/latinbody.ch\\\/tienda\\\/\"},{\"@type\":\"ListItem\",\"position\":3,\"name\":\"POSTQUIRURGISCHE LIPOESCULPTURA \u00c4RMEL MIT ACHSE, DER DEN PO HEBT REF 0520\"}]},{\"@type\":\"WebSite\",\"@id\":\"https:\\\/\\\/latinbody.ch\\\/de\\\/#website\",\"url\":\"https:\\\/\\\/latinbody.ch\\\/de\\\/\",\"name\":\"www.latinbody.ch\",\"description\":\"Fajas Reductoras | Reductora Post-Parto | Reductora Levanta Cola\",\"publisher\":{\"@id\":\"https:\\\/\\\/latinbody.ch\\\/de\\\/#organization\"},\"potentialAction\":[{\"@type\":\"SearchAction\",\"target\":{\"@type\":\"EntryPoint\",\"urlTemplate\":\"https:\\\/\\\/latinbody.ch\\\/de\\\/?s={search_term_string}\"},\"query-input\":{\"@type\":\"PropertyValueSpecification\",\"valueRequired\":true,\"valueName\":\"search_term_string\"}}],\"inLanguage\":\"de\"},{\"@type\":\"Organization\",\"@id\":\"https:\\\/\\\/latinbody.ch\\\/de\\\/#organization\",\"name\":\"latinbody\",\"url\":\"https:\\\/\\\/latinbody.ch\\\/de\\\/\",\"logo\":{\"@type\":\"ImageObject\",\"inLanguage\":\"de\",\"@id\":\"https:\\\/\\\/latinbody.ch\\\/de\\\/#\\\/schema\\\/logo\\\/image\\\/\",\"url\":\"https:\\\/\\\/latinbody.ch\\\/wp-content\\\/uploads\\\/2022\\\/07\\\/logo-latin-body-2022.svg\",\"contentUrl\":\"https:\\\/\\\/latinbody.ch\\\/wp-content\\\/uploads\\\/2022\\\/07\\\/logo-latin-body-2022.svg\",\"width\":625.34,\"height\":146.1,\"caption\":\"latinbody\"},\"image\":{\"@id\":\"https:\\\/\\\/latinbody.ch\\\/de\\\/#\\\/schema\\\/logo\\\/image\\\/\"},\"sameAs\":[\"https:\\\/\\\/www.facebook.com\\\/latinbody\",\"https:\\\/\\\/www.instagram.com\\\/latinbody_official\\\/\"]}]}<\/script>\n<!-- \/ Yoast SEO plugin. -->","yoast_head_json":{"title":"POSTQUIRURGISCHE LIPOESCULPTURA \u00c4RMEL MIT ACHSE, DER DEN PO HEBT REF 0520 - LatinBody","robots":{"index":"index","follow":"follow","max-snippet":"max-snippet:-1","max-image-preview":"max-image-preview:large","max-video-preview":"max-video-preview:-1"},"canonical":"https:\/\/latinbody.ch\/de\/tienda\/formwaesche\/alltagsgebrauch\/postquirurgische-lipoesculptura-aermel-mit-achse-der-den-po-hebt-ref-0520\/","og_locale":"de_DE","og_type":"article","og_title":"POSTQUIRURGISCHE LIPOESCULPTURA \u00c4RMEL MIT ACHSE, DER DEN PO HEBT REF 0520 - LatinBody","og_description":"Mit verstellbaren Tr\u00e4gern an den Schultern  Freie Brust  Interne Haken und flacher Verschluss  Po in Powernet  Perineal\u00f6ffnung  Gef\u00fcttert mit hypoallergenem Stoff  Hohe Kompression","og_url":"https:\/\/latinbody.ch\/de\/tienda\/formwaesche\/alltagsgebrauch\/postquirurgische-lipoesculptura-aermel-mit-achse-der-den-po-hebt-ref-0520\/","og_site_name":"LatinBody","article_publisher":"https:\/\/www.facebook.com\/latinbody","og_image":[{"width":700,"height":823,"url":"https:\/\/latinbody.ch\/wp-content\/uploads\/2020\/02\/0520-postquirurgica-lipoescultura-manga-sisa-levanta-cola-8.jpg","type":"image\/jpeg"}],"twitter_card":"summary_large_image","schema":{"@context":"https:\/\/schema.org","@graph":[{"@type":"WebPage","@id":"https:\/\/latinbody.ch\/de\/tienda\/formwaesche\/alltagsgebrauch\/postquirurgische-lipoesculptura-aermel-mit-achse-der-den-po-hebt-ref-0520\/","url":"https:\/\/latinbody.ch\/de\/tienda\/formwaesche\/alltagsgebrauch\/postquirurgische-lipoesculptura-aermel-mit-achse-der-den-po-hebt-ref-0520\/","name":"POSTQUIRURGISCHE LIPOESCULPTURA \u00c4RMEL MIT ACHSE, DER DEN PO HEBT REF 0520 - LatinBody","isPartOf":{"@id":"https:\/\/latinbody.ch\/de\/#website"},"primaryImageOfPage":{"@id":"https:\/\/latinbody.ch\/de\/tienda\/formwaesche\/alltagsgebrauch\/postquirurgische-lipoesculptura-aermel-mit-achse-der-den-po-hebt-ref-0520\/#primaryimage"},"image":{"@id":"https:\/\/latinbody.ch\/de\/tienda\/formwaesche\/alltagsgebrauch\/postquirurgische-lipoesculptura-aermel-mit-achse-der-den-po-hebt-ref-0520\/#primaryimage"},"thumbnailUrl":"https:\/\/latinbody.ch\/wp-content\/uploads\/2020\/02\/0520-postquirurgica-lipoescultura-manga-sisa-levanta-cola-8.jpg","datePublished":"2020-02-22T09:21:02+00:00","breadcrumb":{"@id":"https:\/\/latinbody.ch\/de\/tienda\/formwaesche\/alltagsgebrauch\/postquirurgische-lipoesculptura-aermel-mit-achse-der-den-po-hebt-ref-0520\/#breadcrumb"},"inLanguage":"de","potentialAction":[{"@type":"ReadAction","target":["https:\/\/latinbody.ch\/de\/tienda\/formwaesche\/alltagsgebrauch\/postquirurgische-lipoesculptura-aermel-mit-achse-der-den-po-hebt-ref-0520\/"]}]},{"@type":"ImageObject","inLanguage":"de","@id":"https:\/\/latinbody.ch\/de\/tienda\/formwaesche\/alltagsgebrauch\/postquirurgische-lipoesculptura-aermel-mit-achse-der-den-po-hebt-ref-0520\/#primaryimage","url":"https:\/\/latinbody.ch\/wp-content\/uploads\/2020\/02\/0520-postquirurgica-lipoescultura-manga-sisa-levanta-cola-8.jpg","contentUrl":"https:\/\/latinbody.ch\/wp-content\/uploads\/2020\/02\/0520-postquirurgica-lipoescultura-manga-sisa-levanta-cola-8.jpg","width":700,"height":823},{"@type":"BreadcrumbList","@id":"https:\/\/latinbody.ch\/de\/tienda\/formwaesche\/alltagsgebrauch\/postquirurgische-lipoesculptura-aermel-mit-achse-der-den-po-hebt-ref-0520\/#breadcrumb","itemListElement":[{"@type":"ListItem","position":1,"name":"Portada","item":"https:\/\/latinbody.ch\/de\/"},{"@type":"ListItem","position":2,"name":"Shop","item":"https:\/\/latinbody.ch\/tienda\/"},{"@type":"ListItem","position":3,"name":"POSTQUIRURGISCHE LIPOESCULPTURA \u00c4RMEL MIT ACHSE, DER DEN PO HEBT REF 0520"}]},{"@type":"WebSite","@id":"https:\/\/latinbody.ch\/de\/#website","url":"https:\/\/latinbody.ch\/de\/","name":"www.latinbody.ch","description":"Fajas Reductoras | Reductora Post-Parto | Reductora Levanta Cola","publisher":{"@id":"https:\/\/latinbody.ch\/de\/#organization"},"potentialAction":[{"@type":"SearchAction","target":{"@type":"EntryPoint","urlTemplate":"https:\/\/latinbody.ch\/de\/?s={search_term_string}"},"query-input":{"@type":"PropertyValueSpecification","valueRequired":true,"valueName":"search_term_string"}}],"inLanguage":"de"},{"@type":"Organization","@id":"https:\/\/latinbody.ch\/de\/#organization","name":"latinbody","url":"https:\/\/latinbody.ch\/de\/","logo":{"@type":"ImageObject","inLanguage":"de","@id":"https:\/\/latinbody.ch\/de\/#\/schema\/logo\/image\/","url":"https:\/\/latinbody.ch\/wp-content\/uploads\/2022\/07\/logo-latin-body-2022.svg","contentUrl":"https:\/\/latinbody.ch\/wp-content\/uploads\/2022\/07\/logo-latin-body-2022.svg","width":625.34,"height":146.1,"caption":"latinbody"},"image":{"@id":"https:\/\/latinbody.ch\/de\/#\/schema\/logo\/image\/"},"sameAs":["https:\/\/www.facebook.com\/latinbody","https:\/\/www.instagram.com\/latinbody_official\/"]}]}},"_links":{"self":[{"href":"https:\/\/latinbody.ch\/de\/wp-json\/wp\/v2\/product\/6552","targetHints":{"allow":["GET"]}}],"collection":[{"href":"https:\/\/latinbody.ch\/de\/wp-json\/wp\/v2\/product"}],"about":[{"href":"https:\/\/latinbody.ch\/de\/wp-json\/wp\/v2\/types\/product"}],"replies":[{"embeddable":true,"href":"https:\/\/latinbody.ch\/de\/wp-json\/wp\/v2\/comments?post=6552"}],"wp:featuredmedia":[{"embeddable":true,"href":"https:\/\/latinbody.ch\/de\/wp-json\/wp\/v2\/media\/6553"}],"wp:attachment":[{"href":"https:\/\/latinbody.ch\/de\/wp-json\/wp\/v2\/media?parent=6552"}],"wp:term":[{"taxonomy":"product_brand","embeddable":true,"href":"https:\/\/latinbody.ch\/de\/wp-json\/wp\/v2\/product_brand?post=6552"},{"taxonomy":"product_cat","embeddable":true,"href":"https:\/\/latinbody.ch\/de\/wp-json\/wp\/v2\/product_cat?post=6552"},{"taxonomy":"product_tag","embeddable":true,"href":"https:\/\/latinbody.ch\/de\/wp-json\/wp\/v2\/product_tag?post=6552"}],"curies":[{"name":"wp","href":"https:\/\/api.w.org\/{rel}","templated":true}]}}