{"id":6630,"date":"2020-02-22T10:18:40","date_gmt":"2020-02-22T09:18:40","guid":{"rendered":"https:\/\/latinbody.ch\/tienda\/unkategorisiert\/postchirurgische-lipo-skulptur-mit-aermeln-ref-0518\/"},"modified":"2020-02-22T10:18:40","modified_gmt":"2020-02-22T09:18:40","slug":"postchirurgische-lipo-skulptur-mit-aermeln-ref-0518","status":"publish","type":"product","link":"https:\/\/latinbody.ch\/de\/tienda\/formwaesche\/reduzierbodys\/postchirurgische-lipo-skulptur-mit-aermeln-ref-0518\/","title":{"rendered":"POSTCHIRURGISCHE LIPO-SKULPTUR MIT \u00c4RMELN REF 0518"},"content":{"rendered":"<ul>\n<li>Hergestellt aus Powernet \/ Made with Powernet<\/li>\n<li>Gef\u00fcttert mit hypoallergenem Stoff \/ Antiallergenic cotton lining material<\/li>\n<li>Freie Brust \/ Topless<\/li>\n<li>Po-Verst\u00e4rkung \/ Gluteos enhancement<\/li>\n<\/ul>\n","protected":false},"excerpt":{"rendered":"<ul>\n<li>Mit verstellbaren Tr\u00e4gern an den Schultern<\/li>\n<li>Freie Brust<\/li>\n<li>Interne Haken und flacher Verschluss<\/li>\n<li>St\u00e4rkere Ges\u00e4\u00dfformung<\/li>\n<li>Perineale \u00d6ffnung<\/li>\n<li>Gef\u00fcttert mit hypoallergenem Stoff<\/li>\n<li>Hohe Kompression<\/li>\n<\/ul>\n","protected":false},"featured_media":6661,"comment_status":"open","ping_status":"closed","template":"","meta":{"_joinchat":[]},"product_brand":[],"product_cat":[1445,1635,1431],"product_tag":[1637,1649,1657,1653],"class_list":{"0":"post-6630","1":"product","2":"type-product","3":"status-publish","4":"has-post-thumbnail","6":"product_cat-formwaesche","7":"product_cat-po-hebende-faja","8":"product_cat-reduzierbodys","9":"product_tag-fajas-salome","10":"product_tag-po-hebende-faja","11":"product_tag-postchirurgische-lipo-skulptur-mit-aermeln","12":"product_tag-reduzierende-fajas","14":"first","15":"instock","16":"shipping-taxable","17":"purchasable","18":"product-type-variable"},"yoast_head":"<!-- This site is optimized with the Yoast SEO plugin v27.5 - https:\/\/yoast.com\/product\/yoast-seo-wordpress\/ -->\n<title>POSTCHIRURGISCHE LIPO-SKULPTUR MIT \u00c4RMELN REF 0518 - LatinBody<\/title>\n<meta name=\"description\" content=\"Mit unserer Faja 517 k\u00f6nnen Sie Ihre Haltung kontrollieren und erhalten eine sexier Silhouette. Betont H\u00fcften und Brust. Formen Sie Ihren Bauch mit reduzierenden Fajas.\" \/>\n<meta name=\"robots\" content=\"index, follow, max-snippet:-1, max-image-preview:large, max-video-preview:-1\" \/>\n<link rel=\"canonical\" href=\"https:\/\/latinbody.ch\/de\/tienda\/formwaesche\/reduzierbodys\/postchirurgische-lipo-skulptur-mit-aermeln-ref-0518\/\" \/>\n<meta property=\"og:locale\" content=\"de_DE\" \/>\n<meta property=\"og:type\" content=\"article\" \/>\n<meta property=\"og:title\" content=\"POSTCHIRURGISCHE LIPO-SKULPTUR MIT \u00c4RMELN REF 0518 - LatinBody\" \/>\n<meta property=\"og:description\" content=\"Mit unserer Faja 517 k\u00f6nnen Sie Ihre Haltung kontrollieren und erhalten eine sexier Silhouette. Betont H\u00fcften und Brust. Formen Sie Ihren Bauch mit reduzierenden Fajas.\" \/>\n<meta property=\"og:url\" content=\"https:\/\/latinbody.ch\/de\/tienda\/formwaesche\/reduzierbodys\/postchirurgische-lipo-skulptur-mit-aermeln-ref-0518\/\" \/>\n<meta property=\"og:site_name\" content=\"LatinBody\" \/>\n<meta property=\"article:publisher\" content=\"https:\/\/www.facebook.com\/latinbody\" \/>\n<meta property=\"og:image\" content=\"https:\/\/latinbody.ch\/wp-content\/uploads\/2020\/02\/SAL-0518-BG-3_6e84ff2d-407b-43fc-9ff7-bbb6a1f8670a_800x.jpg\" \/>\n\t<meta property=\"og:image:width\" content=\"800\" \/>\n\t<meta property=\"og:image:height\" content=\"800\" \/>\n\t<meta property=\"og:image:type\" content=\"image\/jpeg\" \/>\n<meta name=\"twitter:card\" content=\"summary_large_image\" \/>\n<script type=\"application\/ld+json\" class=\"yoast-schema-graph\">{\"@context\":\"https:\\\/\\\/schema.org\",\"@graph\":[{\"@type\":\"WebPage\",\"@id\":\"https:\\\/\\\/latinbody.ch\\\/de\\\/tienda\\\/formwaesche\\\/reduzierbodys\\\/postchirurgische-lipo-skulptur-mit-aermeln-ref-0518\\\/\",\"url\":\"https:\\\/\\\/latinbody.ch\\\/de\\\/tienda\\\/formwaesche\\\/reduzierbodys\\\/postchirurgische-lipo-skulptur-mit-aermeln-ref-0518\\\/\",\"name\":\"POSTCHIRURGISCHE LIPO-SKULPTUR MIT \u00c4RMELN REF 0518 - LatinBody\",\"isPartOf\":{\"@id\":\"https:\\\/\\\/latinbody.ch\\\/de\\\/#website\"},\"primaryImageOfPage\":{\"@id\":\"https:\\\/\\\/latinbody.ch\\\/de\\\/tienda\\\/formwaesche\\\/reduzierbodys\\\/postchirurgische-lipo-skulptur-mit-aermeln-ref-0518\\\/#primaryimage\"},\"image\":{\"@id\":\"https:\\\/\\\/latinbody.ch\\\/de\\\/tienda\\\/formwaesche\\\/reduzierbodys\\\/postchirurgische-lipo-skulptur-mit-aermeln-ref-0518\\\/#primaryimage\"},\"thumbnailUrl\":\"https:\\\/\\\/latinbody.ch\\\/wp-content\\\/uploads\\\/2020\\\/02\\\/SAL-0518-BG-3_6e84ff2d-407b-43fc-9ff7-bbb6a1f8670a_800x.jpg\",\"datePublished\":\"2020-02-22T09:18:40+00:00\",\"description\":\"Mit unserer Faja 517 k\u00f6nnen Sie Ihre Haltung kontrollieren und erhalten eine sexier Silhouette. Betont H\u00fcften und Brust. Formen Sie Ihren Bauch mit reduzierenden Fajas.\",\"breadcrumb\":{\"@id\":\"https:\\\/\\\/latinbody.ch\\\/de\\\/tienda\\\/formwaesche\\\/reduzierbodys\\\/postchirurgische-lipo-skulptur-mit-aermeln-ref-0518\\\/#breadcrumb\"},\"inLanguage\":\"de\",\"potentialAction\":[{\"@type\":\"ReadAction\",\"target\":[\"https:\\\/\\\/latinbody.ch\\\/de\\\/tienda\\\/formwaesche\\\/reduzierbodys\\\/postchirurgische-lipo-skulptur-mit-aermeln-ref-0518\\\/\"]}]},{\"@type\":\"ImageObject\",\"inLanguage\":\"de\",\"@id\":\"https:\\\/\\\/latinbody.ch\\\/de\\\/tienda\\\/formwaesche\\\/reduzierbodys\\\/postchirurgische-lipo-skulptur-mit-aermeln-ref-0518\\\/#primaryimage\",\"url\":\"https:\\\/\\\/latinbody.ch\\\/wp-content\\\/uploads\\\/2020\\\/02\\\/SAL-0518-BG-3_6e84ff2d-407b-43fc-9ff7-bbb6a1f8670a_800x.jpg\",\"contentUrl\":\"https:\\\/\\\/latinbody.ch\\\/wp-content\\\/uploads\\\/2020\\\/02\\\/SAL-0518-BG-3_6e84ff2d-407b-43fc-9ff7-bbb6a1f8670a_800x.jpg\",\"width\":800,\"height\":800},{\"@type\":\"BreadcrumbList\",\"@id\":\"https:\\\/\\\/latinbody.ch\\\/de\\\/tienda\\\/formwaesche\\\/reduzierbodys\\\/postchirurgische-lipo-skulptur-mit-aermeln-ref-0518\\\/#breadcrumb\",\"itemListElement\":[{\"@type\":\"ListItem\",\"position\":1,\"name\":\"Portada\",\"item\":\"https:\\\/\\\/latinbody.ch\\\/de\\\/\"},{\"@type\":\"ListItem\",\"position\":2,\"name\":\"Shop\",\"item\":\"https:\\\/\\\/latinbody.ch\\\/tienda\\\/\"},{\"@type\":\"ListItem\",\"position\":3,\"name\":\"POSTCHIRURGISCHE LIPO-SKULPTUR MIT \u00c4RMELN REF 0518\"}]},{\"@type\":\"WebSite\",\"@id\":\"https:\\\/\\\/latinbody.ch\\\/de\\\/#website\",\"url\":\"https:\\\/\\\/latinbody.ch\\\/de\\\/\",\"name\":\"www.latinbody.ch\",\"description\":\"Fajas Reductoras | Reductora Post-Parto | Reductora Levanta Cola\",\"publisher\":{\"@id\":\"https:\\\/\\\/latinbody.ch\\\/de\\\/#organization\"},\"potentialAction\":[{\"@type\":\"SearchAction\",\"target\":{\"@type\":\"EntryPoint\",\"urlTemplate\":\"https:\\\/\\\/latinbody.ch\\\/de\\\/?s={search_term_string}\"},\"query-input\":{\"@type\":\"PropertyValueSpecification\",\"valueRequired\":true,\"valueName\":\"search_term_string\"}}],\"inLanguage\":\"de\"},{\"@type\":\"Organization\",\"@id\":\"https:\\\/\\\/latinbody.ch\\\/de\\\/#organization\",\"name\":\"latinbody\",\"url\":\"https:\\\/\\\/latinbody.ch\\\/de\\\/\",\"logo\":{\"@type\":\"ImageObject\",\"inLanguage\":\"de\",\"@id\":\"https:\\\/\\\/latinbody.ch\\\/de\\\/#\\\/schema\\\/logo\\\/image\\\/\",\"url\":\"https:\\\/\\\/latinbody.ch\\\/wp-content\\\/uploads\\\/2022\\\/07\\\/logo-latin-body-2022.svg\",\"contentUrl\":\"https:\\\/\\\/latinbody.ch\\\/wp-content\\\/uploads\\\/2022\\\/07\\\/logo-latin-body-2022.svg\",\"width\":625.34,\"height\":146.1,\"caption\":\"latinbody\"},\"image\":{\"@id\":\"https:\\\/\\\/latinbody.ch\\\/de\\\/#\\\/schema\\\/logo\\\/image\\\/\"},\"sameAs\":[\"https:\\\/\\\/www.facebook.com\\\/latinbody\",\"https:\\\/\\\/www.instagram.com\\\/latinbody_official\\\/\"]}]}<\/script>\n<!-- \/ Yoast SEO plugin. -->","yoast_head_json":{"title":"POSTCHIRURGISCHE LIPO-SKULPTUR MIT \u00c4RMELN REF 0518 - LatinBody","description":"Mit unserer Faja 517 k\u00f6nnen Sie Ihre Haltung kontrollieren und erhalten eine sexier Silhouette. Betont H\u00fcften und Brust. Formen Sie Ihren Bauch mit reduzierenden Fajas.","robots":{"index":"index","follow":"follow","max-snippet":"max-snippet:-1","max-image-preview":"max-image-preview:large","max-video-preview":"max-video-preview:-1"},"canonical":"https:\/\/latinbody.ch\/de\/tienda\/formwaesche\/reduzierbodys\/postchirurgische-lipo-skulptur-mit-aermeln-ref-0518\/","og_locale":"de_DE","og_type":"article","og_title":"POSTCHIRURGISCHE LIPO-SKULPTUR MIT \u00c4RMELN REF 0518 - LatinBody","og_description":"Mit unserer Faja 517 k\u00f6nnen Sie Ihre Haltung kontrollieren und erhalten eine sexier Silhouette. Betont H\u00fcften und Brust. Formen Sie Ihren Bauch mit reduzierenden Fajas.","og_url":"https:\/\/latinbody.ch\/de\/tienda\/formwaesche\/reduzierbodys\/postchirurgische-lipo-skulptur-mit-aermeln-ref-0518\/","og_site_name":"LatinBody","article_publisher":"https:\/\/www.facebook.com\/latinbody","og_image":[{"width":800,"height":800,"url":"https:\/\/latinbody.ch\/wp-content\/uploads\/2020\/02\/SAL-0518-BG-3_6e84ff2d-407b-43fc-9ff7-bbb6a1f8670a_800x.jpg","type":"image\/jpeg"}],"twitter_card":"summary_large_image","schema":{"@context":"https:\/\/schema.org","@graph":[{"@type":"WebPage","@id":"https:\/\/latinbody.ch\/de\/tienda\/formwaesche\/reduzierbodys\/postchirurgische-lipo-skulptur-mit-aermeln-ref-0518\/","url":"https:\/\/latinbody.ch\/de\/tienda\/formwaesche\/reduzierbodys\/postchirurgische-lipo-skulptur-mit-aermeln-ref-0518\/","name":"POSTCHIRURGISCHE LIPO-SKULPTUR MIT \u00c4RMELN REF 0518 - LatinBody","isPartOf":{"@id":"https:\/\/latinbody.ch\/de\/#website"},"primaryImageOfPage":{"@id":"https:\/\/latinbody.ch\/de\/tienda\/formwaesche\/reduzierbodys\/postchirurgische-lipo-skulptur-mit-aermeln-ref-0518\/#primaryimage"},"image":{"@id":"https:\/\/latinbody.ch\/de\/tienda\/formwaesche\/reduzierbodys\/postchirurgische-lipo-skulptur-mit-aermeln-ref-0518\/#primaryimage"},"thumbnailUrl":"https:\/\/latinbody.ch\/wp-content\/uploads\/2020\/02\/SAL-0518-BG-3_6e84ff2d-407b-43fc-9ff7-bbb6a1f8670a_800x.jpg","datePublished":"2020-02-22T09:18:40+00:00","description":"Mit unserer Faja 517 k\u00f6nnen Sie Ihre Haltung kontrollieren und erhalten eine sexier Silhouette. Betont H\u00fcften und Brust. Formen Sie Ihren Bauch mit reduzierenden Fajas.","breadcrumb":{"@id":"https:\/\/latinbody.ch\/de\/tienda\/formwaesche\/reduzierbodys\/postchirurgische-lipo-skulptur-mit-aermeln-ref-0518\/#breadcrumb"},"inLanguage":"de","potentialAction":[{"@type":"ReadAction","target":["https:\/\/latinbody.ch\/de\/tienda\/formwaesche\/reduzierbodys\/postchirurgische-lipo-skulptur-mit-aermeln-ref-0518\/"]}]},{"@type":"ImageObject","inLanguage":"de","@id":"https:\/\/latinbody.ch\/de\/tienda\/formwaesche\/reduzierbodys\/postchirurgische-lipo-skulptur-mit-aermeln-ref-0518\/#primaryimage","url":"https:\/\/latinbody.ch\/wp-content\/uploads\/2020\/02\/SAL-0518-BG-3_6e84ff2d-407b-43fc-9ff7-bbb6a1f8670a_800x.jpg","contentUrl":"https:\/\/latinbody.ch\/wp-content\/uploads\/2020\/02\/SAL-0518-BG-3_6e84ff2d-407b-43fc-9ff7-bbb6a1f8670a_800x.jpg","width":800,"height":800},{"@type":"BreadcrumbList","@id":"https:\/\/latinbody.ch\/de\/tienda\/formwaesche\/reduzierbodys\/postchirurgische-lipo-skulptur-mit-aermeln-ref-0518\/#breadcrumb","itemListElement":[{"@type":"ListItem","position":1,"name":"Portada","item":"https:\/\/latinbody.ch\/de\/"},{"@type":"ListItem","position":2,"name":"Shop","item":"https:\/\/latinbody.ch\/tienda\/"},{"@type":"ListItem","position":3,"name":"POSTCHIRURGISCHE LIPO-SKULPTUR MIT \u00c4RMELN REF 0518"}]},{"@type":"WebSite","@id":"https:\/\/latinbody.ch\/de\/#website","url":"https:\/\/latinbody.ch\/de\/","name":"www.latinbody.ch","description":"Fajas Reductoras | Reductora Post-Parto | Reductora Levanta Cola","publisher":{"@id":"https:\/\/latinbody.ch\/de\/#organization"},"potentialAction":[{"@type":"SearchAction","target":{"@type":"EntryPoint","urlTemplate":"https:\/\/latinbody.ch\/de\/?s={search_term_string}"},"query-input":{"@type":"PropertyValueSpecification","valueRequired":true,"valueName":"search_term_string"}}],"inLanguage":"de"},{"@type":"Organization","@id":"https:\/\/latinbody.ch\/de\/#organization","name":"latinbody","url":"https:\/\/latinbody.ch\/de\/","logo":{"@type":"ImageObject","inLanguage":"de","@id":"https:\/\/latinbody.ch\/de\/#\/schema\/logo\/image\/","url":"https:\/\/latinbody.ch\/wp-content\/uploads\/2022\/07\/logo-latin-body-2022.svg","contentUrl":"https:\/\/latinbody.ch\/wp-content\/uploads\/2022\/07\/logo-latin-body-2022.svg","width":625.34,"height":146.1,"caption":"latinbody"},"image":{"@id":"https:\/\/latinbody.ch\/de\/#\/schema\/logo\/image\/"},"sameAs":["https:\/\/www.facebook.com\/latinbody","https:\/\/www.instagram.com\/latinbody_official\/"]}]}},"_links":{"self":[{"href":"https:\/\/latinbody.ch\/de\/wp-json\/wp\/v2\/product\/6630","targetHints":{"allow":["GET"]}}],"collection":[{"href":"https:\/\/latinbody.ch\/de\/wp-json\/wp\/v2\/product"}],"about":[{"href":"https:\/\/latinbody.ch\/de\/wp-json\/wp\/v2\/types\/product"}],"replies":[{"embeddable":true,"href":"https:\/\/latinbody.ch\/de\/wp-json\/wp\/v2\/comments?post=6630"}],"wp:featuredmedia":[{"embeddable":true,"href":"https:\/\/latinbody.ch\/de\/wp-json\/wp\/v2\/media\/6661"}],"wp:attachment":[{"href":"https:\/\/latinbody.ch\/de\/wp-json\/wp\/v2\/media?parent=6630"}],"wp:term":[{"taxonomy":"product_brand","embeddable":true,"href":"https:\/\/latinbody.ch\/de\/wp-json\/wp\/v2\/product_brand?post=6630"},{"taxonomy":"product_cat","embeddable":true,"href":"https:\/\/latinbody.ch\/de\/wp-json\/wp\/v2\/product_cat?post=6630"},{"taxonomy":"product_tag","embeddable":true,"href":"https:\/\/latinbody.ch\/de\/wp-json\/wp\/v2\/product_tag?post=6630"}],"curies":[{"name":"wp","href":"https:\/\/api.w.org\/{rel}","templated":true}]}}