{"id":6631,"date":"2020-02-22T09:57:31","date_gmt":"2020-02-22T08:57:31","guid":{"rendered":"https:\/\/latinbody.ch\/tienda\/unkategorisiert\/strapless-panty-shapewear-body-mit-spitze-ref-0412\/"},"modified":"2020-02-22T09:57:31","modified_gmt":"2020-02-22T08:57:31","slug":"strapless-panty-shapewear-body-mit-spitze-ref-0412","status":"publish","type":"product","link":"https:\/\/latinbody.ch\/de\/tienda\/formwaesche\/alltagsgebrauch\/strapless-panty-shapewear-body-mit-spitze-ref-0412\/","title":{"rendered":"STRAPLESS PANTY SHAPEWEAR BODY MIT SPITZE REF 0412"},"content":{"rendered":"<ul>\n<li>Hergestellt aus Powernet \/ Made with Powernet<\/li>\n<li>Gef\u00fcttert mit hypoallergenem Stoff \/ Antiallergenic cotton lining material<\/li>\n<li>Freie Brust \/ Topless<\/li>\n<li>Po-Verst\u00e4rkung \/ Gluteos enhancement<\/li>\n<\/ul>\n","protected":false},"excerpt":{"rendered":"<ul>\n<li>Mit verstellbaren Tr\u00e4gern<\/li>\n<li>Freie Brust<\/li>\n<li>Interne Haken und flacher Verschluss<\/li>\n<li>Perineal-Haken<\/li>\n<li>Silikonspitze<\/li>\n<li>Gef\u00fcttert mit hypoallergenem Stoff<\/li>\n<li>Hohe Kompression<\/li>\n<\/ul>\n","protected":false},"featured_media":6672,"comment_status":"open","ping_status":"closed","template":"","meta":{"_joinchat":[]},"product_brand":[],"product_cat":[170,1626,1445],"product_tag":[1637,1649,1653,1658,1639],"class_list":{"0":"post-6631","1":"product","2":"type-product","3":"status-publish","4":"has-post-thumbnail","6":"product_cat-alltagsgebrauch","7":"product_cat-fajas-body","8":"product_cat-formwaesche","9":"product_tag-fajas-salome","10":"product_tag-po-hebende-faja","11":"product_tag-reduzierende-fajas","12":"product_tag-strapless-panty-shapewear-body-mit-spitze","13":"product_tag-taeglicher-gebrauch","15":"first","16":"instock","17":"shipping-taxable","18":"purchasable","19":"product-type-variable"},"yoast_head":"<!-- This site is optimized with the Yoast SEO plugin v27.5 - https:\/\/yoast.com\/product\/yoast-seo-wordpress\/ -->\n<title>STRAPLESS PANTY SHAPEWEAR BODY MIT SPITZE REF 0412 - LatinBody<\/title>\n<meta name=\"description\" content=\"Unser Body Cachetero 412 betont Ihr Ges\u00e4\u00df, reduziert und formt. Das Beste daran ist, dass er abnehmbare Tr\u00e4ger hat und Sie ihn tr\u00e4gerlos tragen k\u00f6nnen.\" \/>\n<meta name=\"robots\" content=\"index, follow, max-snippet:-1, max-image-preview:large, max-video-preview:-1\" \/>\n<link rel=\"canonical\" href=\"https:\/\/latinbody.ch\/de\/tienda\/formwaesche\/alltagsgebrauch\/strapless-panty-shapewear-body-mit-spitze-ref-0412\/\" \/>\n<meta property=\"og:locale\" content=\"de_DE\" \/>\n<meta property=\"og:type\" content=\"article\" \/>\n<meta property=\"og:title\" content=\"STRAPLESS PANTY SHAPEWEAR BODY MIT SPITZE REF 0412 - LatinBody\" \/>\n<meta property=\"og:description\" content=\"Unser Body Cachetero 412 betont Ihr Ges\u00e4\u00df, reduziert und formt. Das Beste daran ist, dass er abnehmbare Tr\u00e4ger hat und Sie ihn tr\u00e4gerlos tragen k\u00f6nnen.\" \/>\n<meta property=\"og:url\" content=\"https:\/\/latinbody.ch\/de\/tienda\/formwaesche\/alltagsgebrauch\/strapless-panty-shapewear-body-mit-spitze-ref-0412\/\" \/>\n<meta property=\"og:site_name\" content=\"LatinBody\" \/>\n<meta property=\"article:publisher\" content=\"https:\/\/www.facebook.com\/latinbody\" \/>\n<meta property=\"og:image\" content=\"https:\/\/latinbody.ch\/wp-content\/uploads\/2020\/02\/SAL-0412-BG-1_de1d885a-b1f4-48a4-833d-99d96b8fa7b5_800x.jpg\" \/>\n\t<meta property=\"og:image:width\" content=\"800\" \/>\n\t<meta property=\"og:image:height\" content=\"800\" \/>\n\t<meta property=\"og:image:type\" content=\"image\/jpeg\" \/>\n<meta name=\"twitter:card\" content=\"summary_large_image\" \/>\n<script type=\"application\/ld+json\" class=\"yoast-schema-graph\">{\"@context\":\"https:\\\/\\\/schema.org\",\"@graph\":[{\"@type\":\"WebPage\",\"@id\":\"https:\\\/\\\/latinbody.ch\\\/de\\\/tienda\\\/formwaesche\\\/alltagsgebrauch\\\/strapless-panty-shapewear-body-mit-spitze-ref-0412\\\/\",\"url\":\"https:\\\/\\\/latinbody.ch\\\/de\\\/tienda\\\/formwaesche\\\/alltagsgebrauch\\\/strapless-panty-shapewear-body-mit-spitze-ref-0412\\\/\",\"name\":\"STRAPLESS PANTY SHAPEWEAR BODY MIT SPITZE REF 0412 - LatinBody\",\"isPartOf\":{\"@id\":\"https:\\\/\\\/latinbody.ch\\\/de\\\/#website\"},\"primaryImageOfPage\":{\"@id\":\"https:\\\/\\\/latinbody.ch\\\/de\\\/tienda\\\/formwaesche\\\/alltagsgebrauch\\\/strapless-panty-shapewear-body-mit-spitze-ref-0412\\\/#primaryimage\"},\"image\":{\"@id\":\"https:\\\/\\\/latinbody.ch\\\/de\\\/tienda\\\/formwaesche\\\/alltagsgebrauch\\\/strapless-panty-shapewear-body-mit-spitze-ref-0412\\\/#primaryimage\"},\"thumbnailUrl\":\"https:\\\/\\\/latinbody.ch\\\/wp-content\\\/uploads\\\/2020\\\/02\\\/SAL-0412-BG-1_de1d885a-b1f4-48a4-833d-99d96b8fa7b5_800x.jpg\",\"datePublished\":\"2020-02-22T08:57:31+00:00\",\"description\":\"Unser Body Cachetero 412 betont Ihr Ges\u00e4\u00df, reduziert und formt. Das Beste daran ist, dass er abnehmbare Tr\u00e4ger hat und Sie ihn tr\u00e4gerlos tragen k\u00f6nnen.\",\"breadcrumb\":{\"@id\":\"https:\\\/\\\/latinbody.ch\\\/de\\\/tienda\\\/formwaesche\\\/alltagsgebrauch\\\/strapless-panty-shapewear-body-mit-spitze-ref-0412\\\/#breadcrumb\"},\"inLanguage\":\"de\",\"potentialAction\":[{\"@type\":\"ReadAction\",\"target\":[\"https:\\\/\\\/latinbody.ch\\\/de\\\/tienda\\\/formwaesche\\\/alltagsgebrauch\\\/strapless-panty-shapewear-body-mit-spitze-ref-0412\\\/\"]}]},{\"@type\":\"ImageObject\",\"inLanguage\":\"de\",\"@id\":\"https:\\\/\\\/latinbody.ch\\\/de\\\/tienda\\\/formwaesche\\\/alltagsgebrauch\\\/strapless-panty-shapewear-body-mit-spitze-ref-0412\\\/#primaryimage\",\"url\":\"https:\\\/\\\/latinbody.ch\\\/wp-content\\\/uploads\\\/2020\\\/02\\\/SAL-0412-BG-1_de1d885a-b1f4-48a4-833d-99d96b8fa7b5_800x.jpg\",\"contentUrl\":\"https:\\\/\\\/latinbody.ch\\\/wp-content\\\/uploads\\\/2020\\\/02\\\/SAL-0412-BG-1_de1d885a-b1f4-48a4-833d-99d96b8fa7b5_800x.jpg\",\"width\":800,\"height\":800},{\"@type\":\"BreadcrumbList\",\"@id\":\"https:\\\/\\\/latinbody.ch\\\/de\\\/tienda\\\/formwaesche\\\/alltagsgebrauch\\\/strapless-panty-shapewear-body-mit-spitze-ref-0412\\\/#breadcrumb\",\"itemListElement\":[{\"@type\":\"ListItem\",\"position\":1,\"name\":\"Portada\",\"item\":\"https:\\\/\\\/latinbody.ch\\\/de\\\/\"},{\"@type\":\"ListItem\",\"position\":2,\"name\":\"Shop\",\"item\":\"https:\\\/\\\/latinbody.ch\\\/tienda\\\/\"},{\"@type\":\"ListItem\",\"position\":3,\"name\":\"STRAPLESS PANTY SHAPEWEAR BODY MIT SPITZE REF 0412\"}]},{\"@type\":\"WebSite\",\"@id\":\"https:\\\/\\\/latinbody.ch\\\/de\\\/#website\",\"url\":\"https:\\\/\\\/latinbody.ch\\\/de\\\/\",\"name\":\"www.latinbody.ch\",\"description\":\"Fajas Reductoras | Reductora Post-Parto | Reductora Levanta Cola\",\"publisher\":{\"@id\":\"https:\\\/\\\/latinbody.ch\\\/de\\\/#organization\"},\"potentialAction\":[{\"@type\":\"SearchAction\",\"target\":{\"@type\":\"EntryPoint\",\"urlTemplate\":\"https:\\\/\\\/latinbody.ch\\\/de\\\/?s={search_term_string}\"},\"query-input\":{\"@type\":\"PropertyValueSpecification\",\"valueRequired\":true,\"valueName\":\"search_term_string\"}}],\"inLanguage\":\"de\"},{\"@type\":\"Organization\",\"@id\":\"https:\\\/\\\/latinbody.ch\\\/de\\\/#organization\",\"name\":\"latinbody\",\"url\":\"https:\\\/\\\/latinbody.ch\\\/de\\\/\",\"logo\":{\"@type\":\"ImageObject\",\"inLanguage\":\"de\",\"@id\":\"https:\\\/\\\/latinbody.ch\\\/de\\\/#\\\/schema\\\/logo\\\/image\\\/\",\"url\":\"https:\\\/\\\/latinbody.ch\\\/wp-content\\\/uploads\\\/2022\\\/07\\\/logo-latin-body-2022.svg\",\"contentUrl\":\"https:\\\/\\\/latinbody.ch\\\/wp-content\\\/uploads\\\/2022\\\/07\\\/logo-latin-body-2022.svg\",\"width\":625.34,\"height\":146.1,\"caption\":\"latinbody\"},\"image\":{\"@id\":\"https:\\\/\\\/latinbody.ch\\\/de\\\/#\\\/schema\\\/logo\\\/image\\\/\"},\"sameAs\":[\"https:\\\/\\\/www.facebook.com\\\/latinbody\",\"https:\\\/\\\/www.instagram.com\\\/latinbody_official\\\/\"]}]}<\/script>\n<!-- \/ Yoast SEO plugin. -->","yoast_head_json":{"title":"STRAPLESS PANTY SHAPEWEAR BODY MIT SPITZE REF 0412 - LatinBody","description":"Unser Body Cachetero 412 betont Ihr Ges\u00e4\u00df, reduziert und formt. Das Beste daran ist, dass er abnehmbare Tr\u00e4ger hat und Sie ihn tr\u00e4gerlos tragen k\u00f6nnen.","robots":{"index":"index","follow":"follow","max-snippet":"max-snippet:-1","max-image-preview":"max-image-preview:large","max-video-preview":"max-video-preview:-1"},"canonical":"https:\/\/latinbody.ch\/de\/tienda\/formwaesche\/alltagsgebrauch\/strapless-panty-shapewear-body-mit-spitze-ref-0412\/","og_locale":"de_DE","og_type":"article","og_title":"STRAPLESS PANTY SHAPEWEAR BODY MIT SPITZE REF 0412 - LatinBody","og_description":"Unser Body Cachetero 412 betont Ihr Ges\u00e4\u00df, reduziert und formt. Das Beste daran ist, dass er abnehmbare Tr\u00e4ger hat und Sie ihn tr\u00e4gerlos tragen k\u00f6nnen.","og_url":"https:\/\/latinbody.ch\/de\/tienda\/formwaesche\/alltagsgebrauch\/strapless-panty-shapewear-body-mit-spitze-ref-0412\/","og_site_name":"LatinBody","article_publisher":"https:\/\/www.facebook.com\/latinbody","og_image":[{"width":800,"height":800,"url":"https:\/\/latinbody.ch\/wp-content\/uploads\/2020\/02\/SAL-0412-BG-1_de1d885a-b1f4-48a4-833d-99d96b8fa7b5_800x.jpg","type":"image\/jpeg"}],"twitter_card":"summary_large_image","schema":{"@context":"https:\/\/schema.org","@graph":[{"@type":"WebPage","@id":"https:\/\/latinbody.ch\/de\/tienda\/formwaesche\/alltagsgebrauch\/strapless-panty-shapewear-body-mit-spitze-ref-0412\/","url":"https:\/\/latinbody.ch\/de\/tienda\/formwaesche\/alltagsgebrauch\/strapless-panty-shapewear-body-mit-spitze-ref-0412\/","name":"STRAPLESS PANTY SHAPEWEAR BODY MIT SPITZE REF 0412 - LatinBody","isPartOf":{"@id":"https:\/\/latinbody.ch\/de\/#website"},"primaryImageOfPage":{"@id":"https:\/\/latinbody.ch\/de\/tienda\/formwaesche\/alltagsgebrauch\/strapless-panty-shapewear-body-mit-spitze-ref-0412\/#primaryimage"},"image":{"@id":"https:\/\/latinbody.ch\/de\/tienda\/formwaesche\/alltagsgebrauch\/strapless-panty-shapewear-body-mit-spitze-ref-0412\/#primaryimage"},"thumbnailUrl":"https:\/\/latinbody.ch\/wp-content\/uploads\/2020\/02\/SAL-0412-BG-1_de1d885a-b1f4-48a4-833d-99d96b8fa7b5_800x.jpg","datePublished":"2020-02-22T08:57:31+00:00","description":"Unser Body Cachetero 412 betont Ihr Ges\u00e4\u00df, reduziert und formt. Das Beste daran ist, dass er abnehmbare Tr\u00e4ger hat und Sie ihn tr\u00e4gerlos tragen k\u00f6nnen.","breadcrumb":{"@id":"https:\/\/latinbody.ch\/de\/tienda\/formwaesche\/alltagsgebrauch\/strapless-panty-shapewear-body-mit-spitze-ref-0412\/#breadcrumb"},"inLanguage":"de","potentialAction":[{"@type":"ReadAction","target":["https:\/\/latinbody.ch\/de\/tienda\/formwaesche\/alltagsgebrauch\/strapless-panty-shapewear-body-mit-spitze-ref-0412\/"]}]},{"@type":"ImageObject","inLanguage":"de","@id":"https:\/\/latinbody.ch\/de\/tienda\/formwaesche\/alltagsgebrauch\/strapless-panty-shapewear-body-mit-spitze-ref-0412\/#primaryimage","url":"https:\/\/latinbody.ch\/wp-content\/uploads\/2020\/02\/SAL-0412-BG-1_de1d885a-b1f4-48a4-833d-99d96b8fa7b5_800x.jpg","contentUrl":"https:\/\/latinbody.ch\/wp-content\/uploads\/2020\/02\/SAL-0412-BG-1_de1d885a-b1f4-48a4-833d-99d96b8fa7b5_800x.jpg","width":800,"height":800},{"@type":"BreadcrumbList","@id":"https:\/\/latinbody.ch\/de\/tienda\/formwaesche\/alltagsgebrauch\/strapless-panty-shapewear-body-mit-spitze-ref-0412\/#breadcrumb","itemListElement":[{"@type":"ListItem","position":1,"name":"Portada","item":"https:\/\/latinbody.ch\/de\/"},{"@type":"ListItem","position":2,"name":"Shop","item":"https:\/\/latinbody.ch\/tienda\/"},{"@type":"ListItem","position":3,"name":"STRAPLESS PANTY SHAPEWEAR BODY MIT SPITZE REF 0412"}]},{"@type":"WebSite","@id":"https:\/\/latinbody.ch\/de\/#website","url":"https:\/\/latinbody.ch\/de\/","name":"www.latinbody.ch","description":"Fajas Reductoras | Reductora Post-Parto | Reductora Levanta Cola","publisher":{"@id":"https:\/\/latinbody.ch\/de\/#organization"},"potentialAction":[{"@type":"SearchAction","target":{"@type":"EntryPoint","urlTemplate":"https:\/\/latinbody.ch\/de\/?s={search_term_string}"},"query-input":{"@type":"PropertyValueSpecification","valueRequired":true,"valueName":"search_term_string"}}],"inLanguage":"de"},{"@type":"Organization","@id":"https:\/\/latinbody.ch\/de\/#organization","name":"latinbody","url":"https:\/\/latinbody.ch\/de\/","logo":{"@type":"ImageObject","inLanguage":"de","@id":"https:\/\/latinbody.ch\/de\/#\/schema\/logo\/image\/","url":"https:\/\/latinbody.ch\/wp-content\/uploads\/2022\/07\/logo-latin-body-2022.svg","contentUrl":"https:\/\/latinbody.ch\/wp-content\/uploads\/2022\/07\/logo-latin-body-2022.svg","width":625.34,"height":146.1,"caption":"latinbody"},"image":{"@id":"https:\/\/latinbody.ch\/de\/#\/schema\/logo\/image\/"},"sameAs":["https:\/\/www.facebook.com\/latinbody","https:\/\/www.instagram.com\/latinbody_official\/"]}]}},"_links":{"self":[{"href":"https:\/\/latinbody.ch\/de\/wp-json\/wp\/v2\/product\/6631","targetHints":{"allow":["GET"]}}],"collection":[{"href":"https:\/\/latinbody.ch\/de\/wp-json\/wp\/v2\/product"}],"about":[{"href":"https:\/\/latinbody.ch\/de\/wp-json\/wp\/v2\/types\/product"}],"replies":[{"embeddable":true,"href":"https:\/\/latinbody.ch\/de\/wp-json\/wp\/v2\/comments?post=6631"}],"wp:featuredmedia":[{"embeddable":true,"href":"https:\/\/latinbody.ch\/de\/wp-json\/wp\/v2\/media\/6672"}],"wp:attachment":[{"href":"https:\/\/latinbody.ch\/de\/wp-json\/wp\/v2\/media?parent=6631"}],"wp:term":[{"taxonomy":"product_brand","embeddable":true,"href":"https:\/\/latinbody.ch\/de\/wp-json\/wp\/v2\/product_brand?post=6631"},{"taxonomy":"product_cat","embeddable":true,"href":"https:\/\/latinbody.ch\/de\/wp-json\/wp\/v2\/product_cat?post=6631"},{"taxonomy":"product_tag","embeddable":true,"href":"https:\/\/latinbody.ch\/de\/wp-json\/wp\/v2\/product_tag?post=6631"}],"curies":[{"name":"wp","href":"https:\/\/api.w.org\/{rel}","templated":true}]}}