{"id":7114,"date":"2025-01-20T10:52:03","date_gmt":"2025-01-20T09:52:03","guid":{"rendered":"https:\/\/latinbody.ch\/tienda\/unkategorisiert\/alle-jeans-sind-nur-im-geschaeft-an-der-schoeneggstrasse-18-8004-zuerich-erhaeltlich\/"},"modified":"2025-01-20T10:52:03","modified_gmt":"2025-01-20T09:52:03","slug":"alle-jeans-sind-nur-im-geschaeft-an-der-schoeneggstrasse-18-8004-zuerich-erhaeltlich","status":"publish","type":"product","link":"https:\/\/latinbody.ch\/de\/tienda\/push-up-jeans\/mercy-de\/alle-jeans-sind-nur-im-geschaeft-an-der-schoeneggstrasse-18-8004-zuerich-erhaeltlich\/","title":{"rendered":"Alle Jeans sind nur im Gesch\u00e4ft an der Sch\u00f6neggstrasse 18, 8004 Z\u00fcrich erh\u00e4ltlich."},"content":{"rendered":"<p>Die <strong><b>kolumbianischen Jeans Levanta Cola<\/b><\/strong> kombinieren Kompressionstechnologie mit modischen Details. Die vielf\u00e4ltigen Funktionen, die Kompression, die Eleganz, die unsichtbaren N\u00e4hte, die inneren Formhosen, die unmerklichen Rei\u00dfverschl\u00fcsse und die elastischen Stoffe sind nur einige der Hauptmerkmale, die unsere Jeans in Ihren Alltag bringen werden. <\/p>\n<p>Tragen Sie diese <strong><b>kolumbianischen Jeans Levanta Cola<\/b><\/strong> \u00fcberall und jederzeit.<\/p>\n<p>Alle Jeans sind nur im Gesch\u00e4ft an der Sch\u00f6neggstrasse 18, 8004 Z\u00fcrich erh\u00e4ltlich.<\/p>\n<p><img decoding=\"async\" class=\" wp-image-862 alignleft\" src=\"https:\/\/latinbody.ch\/wp-content\/uploads\/2020\/02\/logo-mercy-jeans.jpg\" alt=\"\" width=\"149\" height=\"84\"><\/p>\n","protected":false},"excerpt":{"rendered":"<p>Die <strong><b>kolumbianischen Jeans Levanta Cola<\/b><\/strong> kombinieren Kompressionstechnologie mit modischen Details. Die vielf\u00e4ltigen Funktionen, die Kompression, die Eleganz, die unsichtbaren N\u00e4hte, die inneren Formhosen, die unmerklichen Rei\u00dfverschl\u00fcsse und die elastischen Stoffe sind nur einige der Hauptmerkmale, die unsere Jeans in Ihren Alltag bringen werden. <\/p>\n<p>Tragen Sie diese <strong><b>kolumbianischen Jeans Levanta Cola<\/b><\/strong> \u00fcberall und jederzeit.<\/p>\n<p>Alle Jeans sind nur im Gesch\u00e4ft an der Sch\u00f6neggstrasse 18, 8004 Z\u00fcrich erh\u00e4ltlich.<\/p>\n","protected":false},"featured_media":5439,"comment_status":"closed","ping_status":"closed","template":"","meta":{"_joinchat":[]},"product_brand":[],"product_cat":[179],"product_tag":[1669,1670],"class_list":{"0":"post-7114","1":"product","2":"type-product","3":"status-publish","4":"has-post-thumbnail","6":"product_cat-mercy-de","7":"product_tag-jeans-levanta-cola","8":"product_tag-mercy","10":"first","11":"onbackorder","12":"shipping-taxable","13":"product-type-simple"},"yoast_head":"<!-- This site is optimized with the Yoast SEO plugin v27.6 - https:\/\/yoast.com\/product\/yoast-seo-wordpress\/ -->\n<title>Alle Jeans sind nur im Gesch\u00e4ft an der Sch\u00f6neggstrasse 18, 8004 Z\u00fcrich erh\u00e4ltlich. - LatinBody<\/title>\n<meta name=\"description\" content=\"Alle Jeans sind nur im Gesch\u00e4ft erh\u00e4ltlich.\" \/>\n<meta name=\"robots\" content=\"index, follow, max-snippet:-1, max-image-preview:large, max-video-preview:-1\" \/>\n<link rel=\"canonical\" href=\"https:\/\/latinbody.ch\/de\/tienda\/push-up-jeans\/mercy-de\/alle-jeans-sind-nur-im-geschaeft-an-der-schoeneggstrasse-18-8004-zuerich-erhaeltlich\/\" \/>\n<meta property=\"og:locale\" content=\"de_DE\" \/>\n<meta property=\"og:type\" content=\"article\" \/>\n<meta property=\"og:title\" content=\"Alle Jeans sind nur im Gesch\u00e4ft an der Sch\u00f6neggstrasse 18, 8004 Z\u00fcrich erh\u00e4ltlich. - LatinBody\" \/>\n<meta property=\"og:description\" content=\"Alle Jeans sind nur im Gesch\u00e4ft erh\u00e4ltlich.\" \/>\n<meta property=\"og:url\" content=\"https:\/\/latinbody.ch\/de\/tienda\/push-up-jeans\/mercy-de\/alle-jeans-sind-nur-im-geschaeft-an-der-schoeneggstrasse-18-8004-zuerich-erhaeltlich\/\" \/>\n<meta property=\"og:site_name\" content=\"LatinBody\" \/>\n<meta property=\"article:publisher\" content=\"https:\/\/www.facebook.com\/latinbody\" \/>\n<meta property=\"og:image\" content=\"https:\/\/latinbody.ch\/wp-content\/uploads\/2025\/01\/photo-collage.png.png\" \/>\n\t<meta property=\"og:image:width\" content=\"1080\" \/>\n\t<meta property=\"og:image:height\" content=\"1080\" \/>\n\t<meta property=\"og:image:type\" content=\"image\/png\" \/>\n<meta name=\"twitter:card\" content=\"summary_large_image\" \/>\n<script type=\"application\/ld+json\" class=\"yoast-schema-graph\">{\"@context\":\"https:\\\/\\\/schema.org\",\"@graph\":[{\"@type\":\"WebPage\",\"@id\":\"https:\\\/\\\/latinbody.ch\\\/de\\\/tienda\\\/push-up-jeans\\\/mercy-de\\\/alle-jeans-sind-nur-im-geschaeft-an-der-schoeneggstrasse-18-8004-zuerich-erhaeltlich\\\/\",\"url\":\"https:\\\/\\\/latinbody.ch\\\/de\\\/tienda\\\/push-up-jeans\\\/mercy-de\\\/alle-jeans-sind-nur-im-geschaeft-an-der-schoeneggstrasse-18-8004-zuerich-erhaeltlich\\\/\",\"name\":\"Alle Jeans sind nur im Gesch\u00e4ft an der Sch\u00f6neggstrasse 18, 8004 Z\u00fcrich erh\u00e4ltlich. - LatinBody\",\"isPartOf\":{\"@id\":\"https:\\\/\\\/latinbody.ch\\\/de\\\/#website\"},\"primaryImageOfPage\":{\"@id\":\"https:\\\/\\\/latinbody.ch\\\/de\\\/tienda\\\/push-up-jeans\\\/mercy-de\\\/alle-jeans-sind-nur-im-geschaeft-an-der-schoeneggstrasse-18-8004-zuerich-erhaeltlich\\\/#primaryimage\"},\"image\":{\"@id\":\"https:\\\/\\\/latinbody.ch\\\/de\\\/tienda\\\/push-up-jeans\\\/mercy-de\\\/alle-jeans-sind-nur-im-geschaeft-an-der-schoeneggstrasse-18-8004-zuerich-erhaeltlich\\\/#primaryimage\"},\"thumbnailUrl\":\"https:\\\/\\\/latinbody.ch\\\/wp-content\\\/uploads\\\/2025\\\/01\\\/photo-collage.png.png\",\"datePublished\":\"2025-01-20T09:52:03+00:00\",\"description\":\"Alle Jeans sind nur im Gesch\u00e4ft erh\u00e4ltlich.\",\"breadcrumb\":{\"@id\":\"https:\\\/\\\/latinbody.ch\\\/de\\\/tienda\\\/push-up-jeans\\\/mercy-de\\\/alle-jeans-sind-nur-im-geschaeft-an-der-schoeneggstrasse-18-8004-zuerich-erhaeltlich\\\/#breadcrumb\"},\"inLanguage\":\"de\",\"potentialAction\":[{\"@type\":\"ReadAction\",\"target\":[\"https:\\\/\\\/latinbody.ch\\\/de\\\/tienda\\\/push-up-jeans\\\/mercy-de\\\/alle-jeans-sind-nur-im-geschaeft-an-der-schoeneggstrasse-18-8004-zuerich-erhaeltlich\\\/\"]}]},{\"@type\":\"ImageObject\",\"inLanguage\":\"de\",\"@id\":\"https:\\\/\\\/latinbody.ch\\\/de\\\/tienda\\\/push-up-jeans\\\/mercy-de\\\/alle-jeans-sind-nur-im-geschaeft-an-der-schoeneggstrasse-18-8004-zuerich-erhaeltlich\\\/#primaryimage\",\"url\":\"https:\\\/\\\/latinbody.ch\\\/wp-content\\\/uploads\\\/2025\\\/01\\\/photo-collage.png.png\",\"contentUrl\":\"https:\\\/\\\/latinbody.ch\\\/wp-content\\\/uploads\\\/2025\\\/01\\\/photo-collage.png.png\",\"width\":1080,\"height\":1080},{\"@type\":\"BreadcrumbList\",\"@id\":\"https:\\\/\\\/latinbody.ch\\\/de\\\/tienda\\\/push-up-jeans\\\/mercy-de\\\/alle-jeans-sind-nur-im-geschaeft-an-der-schoeneggstrasse-18-8004-zuerich-erhaeltlich\\\/#breadcrumb\",\"itemListElement\":[{\"@type\":\"ListItem\",\"position\":1,\"name\":\"Portada\",\"item\":\"https:\\\/\\\/latinbody.ch\\\/de\\\/\"},{\"@type\":\"ListItem\",\"position\":2,\"name\":\"Shop\",\"item\":\"https:\\\/\\\/latinbody.ch\\\/tienda\\\/\"},{\"@type\":\"ListItem\",\"position\":3,\"name\":\"Alle Jeans sind nur im Gesch\u00e4ft an der Sch\u00f6neggstrasse 18, 8004 Z\u00fcrich erh\u00e4ltlich.\"}]},{\"@type\":\"WebSite\",\"@id\":\"https:\\\/\\\/latinbody.ch\\\/de\\\/#website\",\"url\":\"https:\\\/\\\/latinbody.ch\\\/de\\\/\",\"name\":\"www.latinbody.ch\",\"description\":\"Fajas Reductoras | Reductora Post-Parto | Reductora Levanta Cola\",\"publisher\":{\"@id\":\"https:\\\/\\\/latinbody.ch\\\/de\\\/#organization\"},\"potentialAction\":[{\"@type\":\"SearchAction\",\"target\":{\"@type\":\"EntryPoint\",\"urlTemplate\":\"https:\\\/\\\/latinbody.ch\\\/de\\\/?s={search_term_string}\"},\"query-input\":{\"@type\":\"PropertyValueSpecification\",\"valueRequired\":true,\"valueName\":\"search_term_string\"}}],\"inLanguage\":\"de\"},{\"@type\":\"Organization\",\"@id\":\"https:\\\/\\\/latinbody.ch\\\/de\\\/#organization\",\"name\":\"latinbody\",\"url\":\"https:\\\/\\\/latinbody.ch\\\/de\\\/\",\"logo\":{\"@type\":\"ImageObject\",\"inLanguage\":\"de\",\"@id\":\"https:\\\/\\\/latinbody.ch\\\/de\\\/#\\\/schema\\\/logo\\\/image\\\/\",\"url\":\"https:\\\/\\\/latinbody.ch\\\/wp-content\\\/uploads\\\/2022\\\/07\\\/logo-latin-body-2022.svg\",\"contentUrl\":\"https:\\\/\\\/latinbody.ch\\\/wp-content\\\/uploads\\\/2022\\\/07\\\/logo-latin-body-2022.svg\",\"width\":625.34,\"height\":146.1,\"caption\":\"latinbody\"},\"image\":{\"@id\":\"https:\\\/\\\/latinbody.ch\\\/de\\\/#\\\/schema\\\/logo\\\/image\\\/\"},\"sameAs\":[\"https:\\\/\\\/www.facebook.com\\\/latinbody\",\"https:\\\/\\\/www.instagram.com\\\/latinbody_official\\\/\"]}]}<\/script>\n<!-- \/ Yoast SEO plugin. -->","yoast_head_json":{"title":"Alle Jeans sind nur im Gesch\u00e4ft an der Sch\u00f6neggstrasse 18, 8004 Z\u00fcrich erh\u00e4ltlich. - LatinBody","description":"Alle Jeans sind nur im Gesch\u00e4ft erh\u00e4ltlich.","robots":{"index":"index","follow":"follow","max-snippet":"max-snippet:-1","max-image-preview":"max-image-preview:large","max-video-preview":"max-video-preview:-1"},"canonical":"https:\/\/latinbody.ch\/de\/tienda\/push-up-jeans\/mercy-de\/alle-jeans-sind-nur-im-geschaeft-an-der-schoeneggstrasse-18-8004-zuerich-erhaeltlich\/","og_locale":"de_DE","og_type":"article","og_title":"Alle Jeans sind nur im Gesch\u00e4ft an der Sch\u00f6neggstrasse 18, 8004 Z\u00fcrich erh\u00e4ltlich. - LatinBody","og_description":"Alle Jeans sind nur im Gesch\u00e4ft erh\u00e4ltlich.","og_url":"https:\/\/latinbody.ch\/de\/tienda\/push-up-jeans\/mercy-de\/alle-jeans-sind-nur-im-geschaeft-an-der-schoeneggstrasse-18-8004-zuerich-erhaeltlich\/","og_site_name":"LatinBody","article_publisher":"https:\/\/www.facebook.com\/latinbody","og_image":[{"width":1080,"height":1080,"url":"https:\/\/latinbody.ch\/wp-content\/uploads\/2025\/01\/photo-collage.png.png","type":"image\/png"}],"twitter_card":"summary_large_image","schema":{"@context":"https:\/\/schema.org","@graph":[{"@type":"WebPage","@id":"https:\/\/latinbody.ch\/de\/tienda\/push-up-jeans\/mercy-de\/alle-jeans-sind-nur-im-geschaeft-an-der-schoeneggstrasse-18-8004-zuerich-erhaeltlich\/","url":"https:\/\/latinbody.ch\/de\/tienda\/push-up-jeans\/mercy-de\/alle-jeans-sind-nur-im-geschaeft-an-der-schoeneggstrasse-18-8004-zuerich-erhaeltlich\/","name":"Alle Jeans sind nur im Gesch\u00e4ft an der Sch\u00f6neggstrasse 18, 8004 Z\u00fcrich erh\u00e4ltlich. - LatinBody","isPartOf":{"@id":"https:\/\/latinbody.ch\/de\/#website"},"primaryImageOfPage":{"@id":"https:\/\/latinbody.ch\/de\/tienda\/push-up-jeans\/mercy-de\/alle-jeans-sind-nur-im-geschaeft-an-der-schoeneggstrasse-18-8004-zuerich-erhaeltlich\/#primaryimage"},"image":{"@id":"https:\/\/latinbody.ch\/de\/tienda\/push-up-jeans\/mercy-de\/alle-jeans-sind-nur-im-geschaeft-an-der-schoeneggstrasse-18-8004-zuerich-erhaeltlich\/#primaryimage"},"thumbnailUrl":"https:\/\/latinbody.ch\/wp-content\/uploads\/2025\/01\/photo-collage.png.png","datePublished":"2025-01-20T09:52:03+00:00","description":"Alle Jeans sind nur im Gesch\u00e4ft erh\u00e4ltlich.","breadcrumb":{"@id":"https:\/\/latinbody.ch\/de\/tienda\/push-up-jeans\/mercy-de\/alle-jeans-sind-nur-im-geschaeft-an-der-schoeneggstrasse-18-8004-zuerich-erhaeltlich\/#breadcrumb"},"inLanguage":"de","potentialAction":[{"@type":"ReadAction","target":["https:\/\/latinbody.ch\/de\/tienda\/push-up-jeans\/mercy-de\/alle-jeans-sind-nur-im-geschaeft-an-der-schoeneggstrasse-18-8004-zuerich-erhaeltlich\/"]}]},{"@type":"ImageObject","inLanguage":"de","@id":"https:\/\/latinbody.ch\/de\/tienda\/push-up-jeans\/mercy-de\/alle-jeans-sind-nur-im-geschaeft-an-der-schoeneggstrasse-18-8004-zuerich-erhaeltlich\/#primaryimage","url":"https:\/\/latinbody.ch\/wp-content\/uploads\/2025\/01\/photo-collage.png.png","contentUrl":"https:\/\/latinbody.ch\/wp-content\/uploads\/2025\/01\/photo-collage.png.png","width":1080,"height":1080},{"@type":"BreadcrumbList","@id":"https:\/\/latinbody.ch\/de\/tienda\/push-up-jeans\/mercy-de\/alle-jeans-sind-nur-im-geschaeft-an-der-schoeneggstrasse-18-8004-zuerich-erhaeltlich\/#breadcrumb","itemListElement":[{"@type":"ListItem","position":1,"name":"Portada","item":"https:\/\/latinbody.ch\/de\/"},{"@type":"ListItem","position":2,"name":"Shop","item":"https:\/\/latinbody.ch\/tienda\/"},{"@type":"ListItem","position":3,"name":"Alle Jeans sind nur im Gesch\u00e4ft an der Sch\u00f6neggstrasse 18, 8004 Z\u00fcrich erh\u00e4ltlich."}]},{"@type":"WebSite","@id":"https:\/\/latinbody.ch\/de\/#website","url":"https:\/\/latinbody.ch\/de\/","name":"www.latinbody.ch","description":"Fajas Reductoras | Reductora Post-Parto | Reductora Levanta Cola","publisher":{"@id":"https:\/\/latinbody.ch\/de\/#organization"},"potentialAction":[{"@type":"SearchAction","target":{"@type":"EntryPoint","urlTemplate":"https:\/\/latinbody.ch\/de\/?s={search_term_string}"},"query-input":{"@type":"PropertyValueSpecification","valueRequired":true,"valueName":"search_term_string"}}],"inLanguage":"de"},{"@type":"Organization","@id":"https:\/\/latinbody.ch\/de\/#organization","name":"latinbody","url":"https:\/\/latinbody.ch\/de\/","logo":{"@type":"ImageObject","inLanguage":"de","@id":"https:\/\/latinbody.ch\/de\/#\/schema\/logo\/image\/","url":"https:\/\/latinbody.ch\/wp-content\/uploads\/2022\/07\/logo-latin-body-2022.svg","contentUrl":"https:\/\/latinbody.ch\/wp-content\/uploads\/2022\/07\/logo-latin-body-2022.svg","width":625.34,"height":146.1,"caption":"latinbody"},"image":{"@id":"https:\/\/latinbody.ch\/de\/#\/schema\/logo\/image\/"},"sameAs":["https:\/\/www.facebook.com\/latinbody","https:\/\/www.instagram.com\/latinbody_official\/"]}]}},"_links":{"self":[{"href":"https:\/\/latinbody.ch\/de\/wp-json\/wp\/v2\/product\/7114","targetHints":{"allow":["GET"]}}],"collection":[{"href":"https:\/\/latinbody.ch\/de\/wp-json\/wp\/v2\/product"}],"about":[{"href":"https:\/\/latinbody.ch\/de\/wp-json\/wp\/v2\/types\/product"}],"replies":[{"embeddable":true,"href":"https:\/\/latinbody.ch\/de\/wp-json\/wp\/v2\/comments?post=7114"}],"wp:featuredmedia":[{"embeddable":true,"href":"https:\/\/latinbody.ch\/de\/wp-json\/wp\/v2\/media\/5439"}],"wp:attachment":[{"href":"https:\/\/latinbody.ch\/de\/wp-json\/wp\/v2\/media?parent=7114"}],"wp:term":[{"taxonomy":"product_brand","embeddable":true,"href":"https:\/\/latinbody.ch\/de\/wp-json\/wp\/v2\/product_brand?post=7114"},{"taxonomy":"product_cat","embeddable":true,"href":"https:\/\/latinbody.ch\/de\/wp-json\/wp\/v2\/product_cat?post=7114"},{"taxonomy":"product_tag","embeddable":true,"href":"https:\/\/latinbody.ch\/de\/wp-json\/wp\/v2\/product_tag?post=7114"}],"curies":[{"name":"wp","href":"https:\/\/api.w.org\/{rel}","templated":true}]}}