{"id":7151,"date":"2024-09-30T21:40:37","date_gmt":"2024-09-30T19:40:37","guid":{"rendered":"https:\/\/latinbody.ch\/tienda\/unkategorisiert\/faja-short-mit-hohem-ruecken-ref-lb612c\/"},"modified":"2024-09-30T21:40:37","modified_gmt":"2024-09-30T19:40:37","slug":"faja-short-mit-hohem-ruecken-ref-lb612c","status":"publish","type":"product","link":"https:\/\/latinbody.ch\/de\/tienda\/formwaesche\/reduzierbodys\/faja-short-mit-hohem-ruecken-ref-lb612c\/","title":{"rendered":"Faja Short mit hohem R\u00fccken &#8211; Ref. LB612C"},"content":{"rendered":"<h3>Faja Short mit hohem R\u00fccken &#8211; Ref. 612C | Flexible Linie von LatinBody <\/h3>\n<p>Die <strong>Faja Short mit hohem R\u00fccken<\/strong> von <strong>LatinBody<\/strong> ist eine Faja, die Ihnen einen perfekten und bequemen Sitz bietet und gleichzeitig Ihre Figur betont. Mit ihrer <strong>mittleren Kompression<\/strong> ist diese Faja dazu gedacht, Ihren K\u00f6rper auf nat\u00fcrliche Weise zu formen und Halt in den Schl\u00fcsselbereichen wie Ges\u00e4\u00df und R\u00fccken zu geben. <\/p>\n<h4><strong>Hauptmerkmale:<\/strong><\/h4>\n<ul>\n<li><strong>Short-Design mit hohem R\u00fccken:<\/strong> Bietet zus\u00e4tzlichen Halt im R\u00fcckenbereich, verbessert Ihre Haltung und bietet Flexibilit\u00e4t, um sich den ganzen Tag bequem zu bewegen.<\/li>\n<li><strong>Hakenverschluss und Ges\u00e4\u00dfverst\u00e4rkung:<\/strong> Mit <strong>3 Hakenreihen<\/strong> k\u00f6nnen Sie die Faja f\u00fcr eine individuelle Passform anpassen. Dar\u00fcber hinaus sorgt die <strong>Ges\u00e4\u00dfverst\u00e4rkung<\/strong> f\u00fcr eine nat\u00fcrlichere, stilvollere und angehobene Form. <\/li>\n<li><strong>Verstellbare Tr\u00e4ger:<\/strong> Die <strong>verstellbaren Tr\u00e4ger<\/strong> bieten eine perfekte Passform f\u00fcr Ihre Schultern, wodurch die Faja an Ort und Stelle gehalten wird, ohne Beschwerden zu verursachen.<\/li>\n<li><strong>Freie Brust:<\/strong> Die <strong>Faja mit freier Brust<\/strong> erm\u00f6glicht es Ihnen, sie zu tragen, ohne Druck im Brustbereich zu versp\u00fcren, was sie ideal f\u00fcr den l\u00e4ngeren Gebrauch macht.<\/li>\n<li><strong>Perineal\u00f6ffnung:<\/strong> Die <strong>Perineal\u00f6ffnung<\/strong> macht die Faja praktischer f\u00fcr den t\u00e4glichen Gebrauch und erm\u00f6glicht mehr Komfort.<\/li>\n<li><strong>Silikonspitze:<\/strong> Die <strong>Silikonspitze<\/strong> verhindert, dass die Faja verrutscht oder sich w\u00e4hrend des Tages bewegt, und sorgt daf\u00fcr, dass sie an Ort und Stelle bleibt.<\/li>\n<li><strong>Hypoallergene Stoff:<\/strong> Sie ist <strong>mit hypoallergenem Stoff gef\u00fcttert<\/strong>, wodurch sie f\u00fcr empfindliche Haut geeignet ist und das Risiko von Irritationen minimiert.<\/li>\n<li><strong>Mittlere Kompression:<\/strong> Bietet eine <strong>mittlere Kompression<\/strong>, um den idealen Halt zu bieten, ohne zu restriktiv zu sein.<\/li>\n<\/ul>\n<h4><strong>Vorteile:<\/strong><\/h4>\n<ul>\n<li><strong>Formt und betont Ihre Figur<\/strong> und bietet gleichzeitig Halt in den empfindlichsten Bereichen.<\/li>\n<li><strong>Komfort den ganzen Tag<\/strong> mit verstellbaren Tr\u00e4gern und freiem Brustdesign, ideal f\u00fcr den bequemen Gebrauch.<\/li>\n<li><strong>Ideal f\u00fcr Online-Eink\u00e4ufe<\/strong>, da sich das flexible Material perfekt an den K\u00f6rper anpasst, ohne dass man es physisch anprobieren muss.<\/li>\n<\/ul>\n<h4><strong>Warum die Faja Short mit hohem R\u00fccken von LatinBody w\u00e4hlen?<\/strong><\/h4>\n<p>Die <strong>Faja Short mit hohem R\u00fccken<\/strong> ist perfekt f\u00fcr alle, die ihre <strong>Figur formen<\/strong> m\u00f6chten, mit einem <strong>flexiblen<\/strong> und <strong>bequemen<\/strong> Produkt. Ihre <strong>mittlere Kompression<\/strong> und die <strong>Ges\u00e4\u00dfverst\u00e4rkung<\/strong> sorgen f\u00fcr eine perfekte Passform, ideal f\u00fcr den t\u00e4glichen Gebrauch, w\u00e4hrend Sie den Komfort beibehalten. Dar\u00fcber hinaus wird sie mit dem <strong>freien Brust<\/strong>-Design und der <strong>Perineal\u00f6ffnung<\/strong> zur idealen Option f\u00fcr alle, die eine praktische und stilvolle Faja suchen.  <\/p>\n","protected":false},"excerpt":{"rendered":"<p><strong>Faja Short mit hohem R\u00fccken &#8211; Ref. 612C <\/strong><\/p>\n<ul>\n<li>Flexible Linie von LatinBody<\/li>\n<li>Perfekt, um Ihre Figur mit Flexibilit\u00e4t und Stil zu formen<\/li>\n<li>Ideal f\u00fcr Online-Eink\u00e4ufe!<\/li>\n<li><span lang=\"es-MX\">Mit verstellbaren Tr\u00e4gern<\/span><\/li>\n<li><span lang=\"es-MX\">Freie Brust<\/span><\/li>\n<li><span lang=\"es-MX\">3 Hakenreihen<\/span><\/li>\n<li><span lang=\"es-MX\">Po-Verst\u00e4rkung<\/span><\/li>\n<li><span lang=\"es-MX\">Perineal\u00f6ffnung<\/span><\/li>\n<li><span lang=\"es-MX\">Silikonspitze<\/span><\/li>\n<li><span lang=\"es-MX\">Gef\u00fcttert mit hypoallergenem Stoff<\/span><\/li>\n<li><span lang=\"es-MX\">Kompression: Mittel<\/span><\/li>\n<\/ul>\n","protected":false},"featured_media":5197,"comment_status":"open","ping_status":"closed","template":"","meta":{"_joinchat":[]},"product_brand":[],"product_cat":[1445,1439,1431],"product_tag":[],"class_list":{"0":"post-7151","1":"product","2":"type-product","3":"status-publish","4":"has-post-thumbnail","6":"product_cat-formwaesche","7":"product_cat-linea-flexibler-lateinkoerper","8":"product_cat-reduzierbodys","10":"first","11":"instock","12":"shipping-taxable","13":"purchasable","14":"product-type-variable"},"yoast_head":"<!-- This site is optimized with the Yoast SEO plugin v27.5 - https:\/\/yoast.com\/product\/yoast-seo-wordpress\/ -->\n<title>Faja Short mit hohem R\u00fccken - Ref. LB612C<\/title>\n<meta name=\"description\" content=\"Faja Short mit hohem R\u00fccken, Hakenverschluss und Ges\u00e4\u00dfverst\u00e4rkung. Bequemes und flexibles Design mit verstellbaren Tr\u00e4gern, freier Brust und mittlerer Kompression. Ideal zur Formung Ihrer Figur.\" \/>\n<meta name=\"robots\" content=\"index, follow, max-snippet:-1, max-image-preview:large, max-video-preview:-1\" \/>\n<link rel=\"canonical\" href=\"https:\/\/latinbody.ch\/de\/tienda\/formwaesche\/reduzierbodys\/faja-short-mit-hohem-ruecken-ref-lb612c\/\" \/>\n<meta property=\"og:locale\" content=\"de_DE\" \/>\n<meta property=\"og:type\" content=\"article\" \/>\n<meta property=\"og:title\" content=\"Faja Short mit hohem R\u00fccken - Ref. LB612C\" \/>\n<meta property=\"og:description\" content=\"Faja Short mit hohem R\u00fccken, Hakenverschluss und Ges\u00e4\u00dfverst\u00e4rkung. Bequemes und flexibles Design mit verstellbaren Tr\u00e4gern, freier Brust und mittlerer Kompression. Ideal zur Formung Ihrer Figur.\" \/>\n<meta property=\"og:url\" content=\"https:\/\/latinbody.ch\/de\/tienda\/formwaesche\/reduzierbodys\/faja-short-mit-hohem-ruecken-ref-lb612c\/\" \/>\n<meta property=\"og:site_name\" content=\"LatinBody\" \/>\n<meta property=\"article:publisher\" content=\"https:\/\/www.facebook.com\/latinbody\" \/>\n<meta property=\"og:image\" content=\"https:\/\/latinbody.ch\/wp-content\/uploads\/2024\/09\/LB612C-1.jpg\" \/>\n\t<meta property=\"og:image:width\" content=\"1000\" \/>\n\t<meta property=\"og:image:height\" content=\"1000\" \/>\n\t<meta property=\"og:image:type\" content=\"image\/jpeg\" \/>\n<meta name=\"twitter:card\" content=\"summary_large_image\" \/>\n<meta name=\"twitter:label1\" content=\"Gesch\u00e4tzte Lesezeit\" \/>\n\t<meta name=\"twitter:data1\" content=\"2\u00a0Minuten\" \/>\n<script type=\"application\/ld+json\" class=\"yoast-schema-graph\">{\"@context\":\"https:\\\/\\\/schema.org\",\"@graph\":[{\"@type\":\"WebPage\",\"@id\":\"https:\\\/\\\/latinbody.ch\\\/de\\\/tienda\\\/formwaesche\\\/reduzierbodys\\\/faja-short-mit-hohem-ruecken-ref-lb612c\\\/\",\"url\":\"https:\\\/\\\/latinbody.ch\\\/de\\\/tienda\\\/formwaesche\\\/reduzierbodys\\\/faja-short-mit-hohem-ruecken-ref-lb612c\\\/\",\"name\":\"Faja Short mit hohem R\u00fccken - Ref. LB612C\",\"isPartOf\":{\"@id\":\"https:\\\/\\\/latinbody.ch\\\/de\\\/#website\"},\"primaryImageOfPage\":{\"@id\":\"https:\\\/\\\/latinbody.ch\\\/de\\\/tienda\\\/formwaesche\\\/reduzierbodys\\\/faja-short-mit-hohem-ruecken-ref-lb612c\\\/#primaryimage\"},\"image\":{\"@id\":\"https:\\\/\\\/latinbody.ch\\\/de\\\/tienda\\\/formwaesche\\\/reduzierbodys\\\/faja-short-mit-hohem-ruecken-ref-lb612c\\\/#primaryimage\"},\"thumbnailUrl\":\"https:\\\/\\\/latinbody.ch\\\/wp-content\\\/uploads\\\/2024\\\/09\\\/LB612C-1.jpg\",\"datePublished\":\"2024-09-30T19:40:37+00:00\",\"description\":\"Faja Short mit hohem R\u00fccken, Hakenverschluss und Ges\u00e4\u00dfverst\u00e4rkung. Bequemes und flexibles Design mit verstellbaren Tr\u00e4gern, freier Brust und mittlerer Kompression. Ideal zur Formung Ihrer Figur.\",\"breadcrumb\":{\"@id\":\"https:\\\/\\\/latinbody.ch\\\/de\\\/tienda\\\/formwaesche\\\/reduzierbodys\\\/faja-short-mit-hohem-ruecken-ref-lb612c\\\/#breadcrumb\"},\"inLanguage\":\"de\",\"potentialAction\":[{\"@type\":\"ReadAction\",\"target\":[\"https:\\\/\\\/latinbody.ch\\\/de\\\/tienda\\\/formwaesche\\\/reduzierbodys\\\/faja-short-mit-hohem-ruecken-ref-lb612c\\\/\"]}]},{\"@type\":\"ImageObject\",\"inLanguage\":\"de\",\"@id\":\"https:\\\/\\\/latinbody.ch\\\/de\\\/tienda\\\/formwaesche\\\/reduzierbodys\\\/faja-short-mit-hohem-ruecken-ref-lb612c\\\/#primaryimage\",\"url\":\"https:\\\/\\\/latinbody.ch\\\/wp-content\\\/uploads\\\/2024\\\/09\\\/LB612C-1.jpg\",\"contentUrl\":\"https:\\\/\\\/latinbody.ch\\\/wp-content\\\/uploads\\\/2024\\\/09\\\/LB612C-1.jpg\",\"width\":1000,\"height\":1000,\"caption\":\"Faja Short mit hohem R\u00fccken - Ref. 612C\"},{\"@type\":\"BreadcrumbList\",\"@id\":\"https:\\\/\\\/latinbody.ch\\\/de\\\/tienda\\\/formwaesche\\\/reduzierbodys\\\/faja-short-mit-hohem-ruecken-ref-lb612c\\\/#breadcrumb\",\"itemListElement\":[{\"@type\":\"ListItem\",\"position\":1,\"name\":\"Portada\",\"item\":\"https:\\\/\\\/latinbody.ch\\\/de\\\/\"},{\"@type\":\"ListItem\",\"position\":2,\"name\":\"Shop\",\"item\":\"https:\\\/\\\/latinbody.ch\\\/tienda\\\/\"},{\"@type\":\"ListItem\",\"position\":3,\"name\":\"Faja Short mit hohem R\u00fccken &#8211; Ref. LB612C\"}]},{\"@type\":\"WebSite\",\"@id\":\"https:\\\/\\\/latinbody.ch\\\/de\\\/#website\",\"url\":\"https:\\\/\\\/latinbody.ch\\\/de\\\/\",\"name\":\"www.latinbody.ch\",\"description\":\"Fajas Reductoras | Reductora Post-Parto | Reductora Levanta Cola\",\"publisher\":{\"@id\":\"https:\\\/\\\/latinbody.ch\\\/de\\\/#organization\"},\"potentialAction\":[{\"@type\":\"SearchAction\",\"target\":{\"@type\":\"EntryPoint\",\"urlTemplate\":\"https:\\\/\\\/latinbody.ch\\\/de\\\/?s={search_term_string}\"},\"query-input\":{\"@type\":\"PropertyValueSpecification\",\"valueRequired\":true,\"valueName\":\"search_term_string\"}}],\"inLanguage\":\"de\"},{\"@type\":\"Organization\",\"@id\":\"https:\\\/\\\/latinbody.ch\\\/de\\\/#organization\",\"name\":\"latinbody\",\"url\":\"https:\\\/\\\/latinbody.ch\\\/de\\\/\",\"logo\":{\"@type\":\"ImageObject\",\"inLanguage\":\"de\",\"@id\":\"https:\\\/\\\/latinbody.ch\\\/de\\\/#\\\/schema\\\/logo\\\/image\\\/\",\"url\":\"https:\\\/\\\/latinbody.ch\\\/wp-content\\\/uploads\\\/2022\\\/07\\\/logo-latin-body-2022.svg\",\"contentUrl\":\"https:\\\/\\\/latinbody.ch\\\/wp-content\\\/uploads\\\/2022\\\/07\\\/logo-latin-body-2022.svg\",\"width\":625.34,\"height\":146.1,\"caption\":\"latinbody\"},\"image\":{\"@id\":\"https:\\\/\\\/latinbody.ch\\\/de\\\/#\\\/schema\\\/logo\\\/image\\\/\"},\"sameAs\":[\"https:\\\/\\\/www.facebook.com\\\/latinbody\",\"https:\\\/\\\/www.instagram.com\\\/latinbody_official\\\/\"]}]}<\/script>\n<!-- \/ Yoast SEO plugin. -->","yoast_head_json":{"title":"Faja Short mit hohem R\u00fccken - Ref. LB612C","description":"Faja Short mit hohem R\u00fccken, Hakenverschluss und Ges\u00e4\u00dfverst\u00e4rkung. Bequemes und flexibles Design mit verstellbaren Tr\u00e4gern, freier Brust und mittlerer Kompression. Ideal zur Formung Ihrer Figur.","robots":{"index":"index","follow":"follow","max-snippet":"max-snippet:-1","max-image-preview":"max-image-preview:large","max-video-preview":"max-video-preview:-1"},"canonical":"https:\/\/latinbody.ch\/de\/tienda\/formwaesche\/reduzierbodys\/faja-short-mit-hohem-ruecken-ref-lb612c\/","og_locale":"de_DE","og_type":"article","og_title":"Faja Short mit hohem R\u00fccken - Ref. LB612C","og_description":"Faja Short mit hohem R\u00fccken, Hakenverschluss und Ges\u00e4\u00dfverst\u00e4rkung. Bequemes und flexibles Design mit verstellbaren Tr\u00e4gern, freier Brust und mittlerer Kompression. Ideal zur Formung Ihrer Figur.","og_url":"https:\/\/latinbody.ch\/de\/tienda\/formwaesche\/reduzierbodys\/faja-short-mit-hohem-ruecken-ref-lb612c\/","og_site_name":"LatinBody","article_publisher":"https:\/\/www.facebook.com\/latinbody","og_image":[{"width":1000,"height":1000,"url":"https:\/\/latinbody.ch\/wp-content\/uploads\/2024\/09\/LB612C-1.jpg","type":"image\/jpeg"}],"twitter_card":"summary_large_image","twitter_misc":{"Gesch\u00e4tzte Lesezeit":"2\u00a0Minuten"},"schema":{"@context":"https:\/\/schema.org","@graph":[{"@type":"WebPage","@id":"https:\/\/latinbody.ch\/de\/tienda\/formwaesche\/reduzierbodys\/faja-short-mit-hohem-ruecken-ref-lb612c\/","url":"https:\/\/latinbody.ch\/de\/tienda\/formwaesche\/reduzierbodys\/faja-short-mit-hohem-ruecken-ref-lb612c\/","name":"Faja Short mit hohem R\u00fccken - Ref. LB612C","isPartOf":{"@id":"https:\/\/latinbody.ch\/de\/#website"},"primaryImageOfPage":{"@id":"https:\/\/latinbody.ch\/de\/tienda\/formwaesche\/reduzierbodys\/faja-short-mit-hohem-ruecken-ref-lb612c\/#primaryimage"},"image":{"@id":"https:\/\/latinbody.ch\/de\/tienda\/formwaesche\/reduzierbodys\/faja-short-mit-hohem-ruecken-ref-lb612c\/#primaryimage"},"thumbnailUrl":"https:\/\/latinbody.ch\/wp-content\/uploads\/2024\/09\/LB612C-1.jpg","datePublished":"2024-09-30T19:40:37+00:00","description":"Faja Short mit hohem R\u00fccken, Hakenverschluss und Ges\u00e4\u00dfverst\u00e4rkung. Bequemes und flexibles Design mit verstellbaren Tr\u00e4gern, freier Brust und mittlerer Kompression. Ideal zur Formung Ihrer Figur.","breadcrumb":{"@id":"https:\/\/latinbody.ch\/de\/tienda\/formwaesche\/reduzierbodys\/faja-short-mit-hohem-ruecken-ref-lb612c\/#breadcrumb"},"inLanguage":"de","potentialAction":[{"@type":"ReadAction","target":["https:\/\/latinbody.ch\/de\/tienda\/formwaesche\/reduzierbodys\/faja-short-mit-hohem-ruecken-ref-lb612c\/"]}]},{"@type":"ImageObject","inLanguage":"de","@id":"https:\/\/latinbody.ch\/de\/tienda\/formwaesche\/reduzierbodys\/faja-short-mit-hohem-ruecken-ref-lb612c\/#primaryimage","url":"https:\/\/latinbody.ch\/wp-content\/uploads\/2024\/09\/LB612C-1.jpg","contentUrl":"https:\/\/latinbody.ch\/wp-content\/uploads\/2024\/09\/LB612C-1.jpg","width":1000,"height":1000,"caption":"Faja Short mit hohem R\u00fccken - Ref. 612C"},{"@type":"BreadcrumbList","@id":"https:\/\/latinbody.ch\/de\/tienda\/formwaesche\/reduzierbodys\/faja-short-mit-hohem-ruecken-ref-lb612c\/#breadcrumb","itemListElement":[{"@type":"ListItem","position":1,"name":"Portada","item":"https:\/\/latinbody.ch\/de\/"},{"@type":"ListItem","position":2,"name":"Shop","item":"https:\/\/latinbody.ch\/tienda\/"},{"@type":"ListItem","position":3,"name":"Faja Short mit hohem R\u00fccken &#8211; Ref. LB612C"}]},{"@type":"WebSite","@id":"https:\/\/latinbody.ch\/de\/#website","url":"https:\/\/latinbody.ch\/de\/","name":"www.latinbody.ch","description":"Fajas Reductoras | Reductora Post-Parto | Reductora Levanta Cola","publisher":{"@id":"https:\/\/latinbody.ch\/de\/#organization"},"potentialAction":[{"@type":"SearchAction","target":{"@type":"EntryPoint","urlTemplate":"https:\/\/latinbody.ch\/de\/?s={search_term_string}"},"query-input":{"@type":"PropertyValueSpecification","valueRequired":true,"valueName":"search_term_string"}}],"inLanguage":"de"},{"@type":"Organization","@id":"https:\/\/latinbody.ch\/de\/#organization","name":"latinbody","url":"https:\/\/latinbody.ch\/de\/","logo":{"@type":"ImageObject","inLanguage":"de","@id":"https:\/\/latinbody.ch\/de\/#\/schema\/logo\/image\/","url":"https:\/\/latinbody.ch\/wp-content\/uploads\/2022\/07\/logo-latin-body-2022.svg","contentUrl":"https:\/\/latinbody.ch\/wp-content\/uploads\/2022\/07\/logo-latin-body-2022.svg","width":625.34,"height":146.1,"caption":"latinbody"},"image":{"@id":"https:\/\/latinbody.ch\/de\/#\/schema\/logo\/image\/"},"sameAs":["https:\/\/www.facebook.com\/latinbody","https:\/\/www.instagram.com\/latinbody_official\/"]}]}},"_links":{"self":[{"href":"https:\/\/latinbody.ch\/de\/wp-json\/wp\/v2\/product\/7151","targetHints":{"allow":["GET"]}}],"collection":[{"href":"https:\/\/latinbody.ch\/de\/wp-json\/wp\/v2\/product"}],"about":[{"href":"https:\/\/latinbody.ch\/de\/wp-json\/wp\/v2\/types\/product"}],"replies":[{"embeddable":true,"href":"https:\/\/latinbody.ch\/de\/wp-json\/wp\/v2\/comments?post=7151"}],"wp:featuredmedia":[{"embeddable":true,"href":"https:\/\/latinbody.ch\/de\/wp-json\/wp\/v2\/media\/5197"}],"wp:attachment":[{"href":"https:\/\/latinbody.ch\/de\/wp-json\/wp\/v2\/media?parent=7151"}],"wp:term":[{"taxonomy":"product_brand","embeddable":true,"href":"https:\/\/latinbody.ch\/de\/wp-json\/wp\/v2\/product_brand?post=7151"},{"taxonomy":"product_cat","embeddable":true,"href":"https:\/\/latinbody.ch\/de\/wp-json\/wp\/v2\/product_cat?post=7151"},{"taxonomy":"product_tag","embeddable":true,"href":"https:\/\/latinbody.ch\/de\/wp-json\/wp\/v2\/product_tag?post=7151"}],"curies":[{"name":"wp","href":"https:\/\/api.w.org\/{rel}","templated":true}]}}