{"id":7195,"date":"2024-09-30T21:34:45","date_gmt":"2024-09-30T19:34:45","guid":{"rendered":"https:\/\/latinbody.ch\/tienda\/unkategorisiert\/body-mit-hoher-rueckenpartie-ref-lb341c\/"},"modified":"2024-09-30T21:34:45","modified_gmt":"2024-09-30T19:34:45","slug":"body-mit-hoher-rueckenpartie-ref-lb341c","status":"publish","type":"product","link":"https:\/\/latinbody.ch\/de\/tienda\/formwaesche\/fajas-body\/body-mit-hoher-rueckenpartie-ref-lb341c\/","title":{"rendered":"Body mit hoher R\u00fcckenpartie \u2013 Ref. LB341C"},"content":{"rendered":"<h3><strong>Body mit hoher R\u00fcckenpartie \u2013 Ref. LB341C | Flexible Linie LatinBody <\/strong><\/h3>\n<p>Der <strong>Body mit hoher R\u00fcckenpartie<\/strong> von <strong>LatinBody<\/strong> ist das perfekte Kleidungsst\u00fcck f\u00fcr alle, die ihre Figur bequem und effektiv formen m\u00f6chten. Mit <g id=\"gid_2\">mittlerer Kompression<\/g> bietet dieser Body Halt in den Schl\u00fcsselbereichen Ihres K\u00f6rpers und erm\u00f6glicht Ihnen gleichzeitig, sich frei zu bewegen. Ideal f\u00fcr alle, die einen bequemen und flexiblen Body suchen, der sich perfekt ihrer Figur anpasst.  <\/p>\n<h4><strong>Haupteigenschaften:<\/strong><\/h4>\n<ul>\n<li><strong>Design mit hoher R\u00fcckenpartie:<\/strong> Das <strong>Design mit hoher R\u00fcckenpartie<\/strong> bietet zus\u00e4tzlichen Halt im R\u00fcckenbereich, verbessert Ihre Haltung und bietet mehr Komfort.<\/li>\n<li><strong>Verstellbare Haken und \u00d6sen:<\/strong> Mit <strong>3 Haken- und \u00d6senreihen<\/strong> k\u00f6nnen Sie den Body an Ihre Bed\u00fcrfnisse anpassen, um einen perfekten und sicheren Sitz zu gew\u00e4hrleisten.<\/li>\n<li><strong>Verstellbare und abnehmbare Tr\u00e4ger:<\/strong> Die <strong>verstellbaren und abnehmbaren Tr\u00e4ger<\/strong> erm\u00f6glichen es, die Passform des Bodys individuell anzupassen, was Ihnen mehr Flexibilit\u00e4t und Komfort w\u00e4hrend des Tragens bietet.<\/li>\n<li><strong>Freie Brust:<\/strong> Der Body hat ein <strong>freies Brustdesign<\/strong>, sodass Sie ihn ohne Druck auf die Brust tragen k\u00f6nnen, was den Komfort erh\u00f6ht, besonders bei l\u00e4ngerem Tragen.<\/li>\n<li><strong>Verstellbarer Perinealverschluss:<\/strong> Der <strong>verstellbare Perinealverschluss<\/strong> macht den Body praktischer und erm\u00f6glicht mehr Bewegungsfreiheit und Komfort im t\u00e4glichen Gebrauch.<\/li>\n<li><strong>Silikonspitze:<\/strong> Die <strong>Silikonspitze<\/strong> an den R\u00e4ndern verhindert, dass der Body verrutscht, und sorgt daf\u00fcr, dass er den ganzen Tag an Ort und Stelle bleibt.<\/li>\n<li><strong>Hypoallergene Stoff:<\/strong> <strong>Gef\u00fcttert mit hypoallergenem Stoff<\/strong>, ist er perfekt f\u00fcr empfindliche Haut und minimiert das Risiko von Irritationen.<\/li>\n<li><strong>Mittlere Kompression:<\/strong> Bietet eine <strong>mittlere Kompression<\/strong>, ideal f\u00fcr alle, die eine feste, aber bequeme Passform w\u00fcnschen, die hilft, die Figur auf nat\u00fcrliche Weise zu formen.<\/li>\n<\/ul>\n<h4><strong>Vorteile:<\/strong><\/h4>\n<ul>\n<li><strong>Zus\u00e4tzliche Unterst\u00fctzung im oberen R\u00fcckenbereich<\/strong>, die die Haltung verbessert und den K\u00f6rper auf nat\u00fcrliche Weise ausrichtet.<\/li>\n<li><strong>Komfort den ganzen Tag<\/strong> dank der <strong>verstellbaren Tr\u00e4ger<\/strong> und der <strong>freien Brust<\/strong>, wodurch sich der Body anpasst, ohne Beschwerden zu verursachen.<\/li>\n<li><strong>Flexibilit\u00e4t und individuelle Anpassung<\/strong> mit Funktionen wie dem <strong>verstellbaren Perinealverschluss<\/strong> und der <strong>Silikonspitze<\/strong>, die den Body an Ort und Stelle h\u00e4lt.<\/li>\n<\/ul>\n<h4><strong>Warum den Body mit hoher R\u00fcckenpartie von LatinBody w\u00e4hlen?<\/strong><\/h4>\n<p>Der <strong>Body mit hoher R\u00fcckenpartie<\/strong> von <strong>LatinBody<\/strong> ist ideal f\u00fcr alle, die einen <strong>flexiblen<\/strong>, <strong>bequemen<\/strong> und <strong>effektiven<\/strong> Body suchen. Mit seiner <strong>mittleren Kompression<\/strong>, der <strong>freien Brust<\/strong> und den <strong>verstellbaren Haken und \u00d6sen<\/strong> bietet dieser Body eine perfekte Passform, um <strong>Ihre Figur zu formen<\/strong>, ohne den Komfort zu beeintr\u00e4chtigen. Er ist perfekt f\u00fcr den t\u00e4glichen Gebrauch, da sein flexibles Design und die hochwertigen Materialien eine dauerhafte Unterst\u00fctzung bieten.   <\/p>\n","protected":false},"excerpt":{"rendered":"<p><strong>Body mit hoher R\u00fcckenpartie \u2013 Ref. LB341C  <\/strong><\/p>\n<ul>\n<li>Flexible Linie von LatinBody<\/li>\n<li>Perfekt, um Ihre Figur mit Flexibilit\u00e4t und Stil zu formen<\/li>\n<li>Ideal f\u00fcr Online-Eink\u00e4ufe!<\/li>\n<li><span lang=\"es-MX\">Mit verstellbaren und abnehmbaren Tr\u00e4gern<\/span><\/li>\n<li><span lang=\"es-MX\">Freie Brust<\/span><\/li>\n<li><span lang=\"es-MX\">3 Haken- und \u00d6senreihen<\/span><\/li>\n<li><span lang=\"es-MX\">Verstellbarer Perinealverschluss<\/span><\/li>\n<li><span lang=\"es-MX\">Silikonspitze<\/span><\/li>\n<li><span lang=\"es-MX\">Gef\u00fcttert mit hypoallergenem Stoff<\/span><\/li>\n<li><span lang=\"es-MX\">Kompression: Mittel<\/span><\/li>\n<\/ul>\n","protected":false},"featured_media":5163,"comment_status":"open","ping_status":"closed","template":"","meta":{"_joinchat":[]},"product_brand":[],"product_cat":[1626,1445,1439],"product_tag":[],"class_list":{"0":"post-7195","1":"product","2":"type-product","3":"status-publish","4":"has-post-thumbnail","6":"product_cat-fajas-body","7":"product_cat-formwaesche","8":"product_cat-linea-flexibler-lateinkoerper","10":"first","11":"instock","12":"shipping-taxable","13":"purchasable","14":"product-type-variable"},"yoast_head":"<!-- This site is optimized with the Yoast SEO plugin v27.6 - https:\/\/yoast.com\/product\/yoast-seo-wordpress\/ -->\n<title>Body mit hoher R\u00fcckenpartie \u2013 Ref. LB341C<\/title>\n<meta name=\"description\" content=\"Body mit hoher R\u00fcckenpartie mit Haken und \u00d6sen, verstellbaren und abnehmbaren Tr\u00e4gern, freier Brust, verstellbarem Perinealverschluss und mittlerer Kompression. Ideal, um Ihre Figur flexibel und komfortabel zu formen.\" \/>\n<meta name=\"robots\" content=\"index, follow, max-snippet:-1, max-image-preview:large, max-video-preview:-1\" \/>\n<link rel=\"canonical\" href=\"https:\/\/latinbody.ch\/de\/tienda\/formwaesche\/fajas-body\/body-mit-hoher-rueckenpartie-ref-lb341c\/\" \/>\n<meta property=\"og:locale\" content=\"de_DE\" \/>\n<meta property=\"og:type\" content=\"article\" \/>\n<meta property=\"og:title\" content=\"Body mit hoher R\u00fcckenpartie \u2013 Ref. LB341C\" \/>\n<meta property=\"og:description\" content=\"Body mit hoher R\u00fcckenpartie mit Haken und \u00d6sen, verstellbaren und abnehmbaren Tr\u00e4gern, freier Brust, verstellbarem Perinealverschluss und mittlerer Kompression. Ideal, um Ihre Figur flexibel und komfortabel zu formen.\" \/>\n<meta property=\"og:url\" content=\"https:\/\/latinbody.ch\/de\/tienda\/formwaesche\/fajas-body\/body-mit-hoher-rueckenpartie-ref-lb341c\/\" \/>\n<meta property=\"og:site_name\" content=\"LatinBody\" \/>\n<meta property=\"article:publisher\" content=\"https:\/\/www.facebook.com\/latinbody\" \/>\n<meta property=\"og:image\" content=\"https:\/\/latinbody.ch\/wp-content\/uploads\/2024\/09\/LB341C-1.jpg\" \/>\n\t<meta property=\"og:image:width\" content=\"1000\" \/>\n\t<meta property=\"og:image:height\" content=\"1000\" \/>\n\t<meta property=\"og:image:type\" content=\"image\/jpeg\" \/>\n<meta name=\"twitter:card\" content=\"summary_large_image\" \/>\n<meta name=\"twitter:label1\" content=\"Gesch\u00e4tzte Lesezeit\" \/>\n\t<meta name=\"twitter:data1\" content=\"2\u00a0Minuten\" \/>\n<script type=\"application\/ld+json\" class=\"yoast-schema-graph\">{\"@context\":\"https:\\\/\\\/schema.org\",\"@graph\":[{\"@type\":\"WebPage\",\"@id\":\"https:\\\/\\\/latinbody.ch\\\/de\\\/tienda\\\/formwaesche\\\/fajas-body\\\/body-mit-hoher-rueckenpartie-ref-lb341c\\\/\",\"url\":\"https:\\\/\\\/latinbody.ch\\\/de\\\/tienda\\\/formwaesche\\\/fajas-body\\\/body-mit-hoher-rueckenpartie-ref-lb341c\\\/\",\"name\":\"Body mit hoher R\u00fcckenpartie \u2013 Ref. LB341C\",\"isPartOf\":{\"@id\":\"https:\\\/\\\/latinbody.ch\\\/de\\\/#website\"},\"primaryImageOfPage\":{\"@id\":\"https:\\\/\\\/latinbody.ch\\\/de\\\/tienda\\\/formwaesche\\\/fajas-body\\\/body-mit-hoher-rueckenpartie-ref-lb341c\\\/#primaryimage\"},\"image\":{\"@id\":\"https:\\\/\\\/latinbody.ch\\\/de\\\/tienda\\\/formwaesche\\\/fajas-body\\\/body-mit-hoher-rueckenpartie-ref-lb341c\\\/#primaryimage\"},\"thumbnailUrl\":\"https:\\\/\\\/latinbody.ch\\\/wp-content\\\/uploads\\\/2024\\\/09\\\/LB341C-1.jpg\",\"datePublished\":\"2024-09-30T19:34:45+00:00\",\"description\":\"Body mit hoher R\u00fcckenpartie mit Haken und \u00d6sen, verstellbaren und abnehmbaren Tr\u00e4gern, freier Brust, verstellbarem Perinealverschluss und mittlerer Kompression. Ideal, um Ihre Figur flexibel und komfortabel zu formen.\",\"breadcrumb\":{\"@id\":\"https:\\\/\\\/latinbody.ch\\\/de\\\/tienda\\\/formwaesche\\\/fajas-body\\\/body-mit-hoher-rueckenpartie-ref-lb341c\\\/#breadcrumb\"},\"inLanguage\":\"de\",\"potentialAction\":[{\"@type\":\"ReadAction\",\"target\":[\"https:\\\/\\\/latinbody.ch\\\/de\\\/tienda\\\/formwaesche\\\/fajas-body\\\/body-mit-hoher-rueckenpartie-ref-lb341c\\\/\"]}]},{\"@type\":\"ImageObject\",\"inLanguage\":\"de\",\"@id\":\"https:\\\/\\\/latinbody.ch\\\/de\\\/tienda\\\/formwaesche\\\/fajas-body\\\/body-mit-hoher-rueckenpartie-ref-lb341c\\\/#primaryimage\",\"url\":\"https:\\\/\\\/latinbody.ch\\\/wp-content\\\/uploads\\\/2024\\\/09\\\/LB341C-1.jpg\",\"contentUrl\":\"https:\\\/\\\/latinbody.ch\\\/wp-content\\\/uploads\\\/2024\\\/09\\\/LB341C-1.jpg\",\"width\":1000,\"height\":1000,\"caption\":\"Body mit hoher R\u00fcckenpartie \u2013 Ref. LB341C\"},{\"@type\":\"BreadcrumbList\",\"@id\":\"https:\\\/\\\/latinbody.ch\\\/de\\\/tienda\\\/formwaesche\\\/fajas-body\\\/body-mit-hoher-rueckenpartie-ref-lb341c\\\/#breadcrumb\",\"itemListElement\":[{\"@type\":\"ListItem\",\"position\":1,\"name\":\"Portada\",\"item\":\"https:\\\/\\\/latinbody.ch\\\/de\\\/\"},{\"@type\":\"ListItem\",\"position\":2,\"name\":\"Shop\",\"item\":\"https:\\\/\\\/latinbody.ch\\\/tienda\\\/\"},{\"@type\":\"ListItem\",\"position\":3,\"name\":\"Body mit hoher R\u00fcckenpartie \u2013 Ref. LB341C\"}]},{\"@type\":\"WebSite\",\"@id\":\"https:\\\/\\\/latinbody.ch\\\/de\\\/#website\",\"url\":\"https:\\\/\\\/latinbody.ch\\\/de\\\/\",\"name\":\"www.latinbody.ch\",\"description\":\"Fajas Reductoras | Reductora Post-Parto | Reductora Levanta Cola\",\"publisher\":{\"@id\":\"https:\\\/\\\/latinbody.ch\\\/de\\\/#organization\"},\"potentialAction\":[{\"@type\":\"SearchAction\",\"target\":{\"@type\":\"EntryPoint\",\"urlTemplate\":\"https:\\\/\\\/latinbody.ch\\\/de\\\/?s={search_term_string}\"},\"query-input\":{\"@type\":\"PropertyValueSpecification\",\"valueRequired\":true,\"valueName\":\"search_term_string\"}}],\"inLanguage\":\"de\"},{\"@type\":\"Organization\",\"@id\":\"https:\\\/\\\/latinbody.ch\\\/de\\\/#organization\",\"name\":\"latinbody\",\"url\":\"https:\\\/\\\/latinbody.ch\\\/de\\\/\",\"logo\":{\"@type\":\"ImageObject\",\"inLanguage\":\"de\",\"@id\":\"https:\\\/\\\/latinbody.ch\\\/de\\\/#\\\/schema\\\/logo\\\/image\\\/\",\"url\":\"https:\\\/\\\/latinbody.ch\\\/wp-content\\\/uploads\\\/2022\\\/07\\\/logo-latin-body-2022.svg\",\"contentUrl\":\"https:\\\/\\\/latinbody.ch\\\/wp-content\\\/uploads\\\/2022\\\/07\\\/logo-latin-body-2022.svg\",\"width\":625.34,\"height\":146.1,\"caption\":\"latinbody\"},\"image\":{\"@id\":\"https:\\\/\\\/latinbody.ch\\\/de\\\/#\\\/schema\\\/logo\\\/image\\\/\"},\"sameAs\":[\"https:\\\/\\\/www.facebook.com\\\/latinbody\",\"https:\\\/\\\/www.instagram.com\\\/latinbody_official\\\/\"]}]}<\/script>\n<!-- \/ Yoast SEO plugin. -->","yoast_head_json":{"title":"Body mit hoher R\u00fcckenpartie \u2013 Ref. LB341C","description":"Body mit hoher R\u00fcckenpartie mit Haken und \u00d6sen, verstellbaren und abnehmbaren Tr\u00e4gern, freier Brust, verstellbarem Perinealverschluss und mittlerer Kompression. Ideal, um Ihre Figur flexibel und komfortabel zu formen.","robots":{"index":"index","follow":"follow","max-snippet":"max-snippet:-1","max-image-preview":"max-image-preview:large","max-video-preview":"max-video-preview:-1"},"canonical":"https:\/\/latinbody.ch\/de\/tienda\/formwaesche\/fajas-body\/body-mit-hoher-rueckenpartie-ref-lb341c\/","og_locale":"de_DE","og_type":"article","og_title":"Body mit hoher R\u00fcckenpartie \u2013 Ref. LB341C","og_description":"Body mit hoher R\u00fcckenpartie mit Haken und \u00d6sen, verstellbaren und abnehmbaren Tr\u00e4gern, freier Brust, verstellbarem Perinealverschluss und mittlerer Kompression. Ideal, um Ihre Figur flexibel und komfortabel zu formen.","og_url":"https:\/\/latinbody.ch\/de\/tienda\/formwaesche\/fajas-body\/body-mit-hoher-rueckenpartie-ref-lb341c\/","og_site_name":"LatinBody","article_publisher":"https:\/\/www.facebook.com\/latinbody","og_image":[{"width":1000,"height":1000,"url":"https:\/\/latinbody.ch\/wp-content\/uploads\/2024\/09\/LB341C-1.jpg","type":"image\/jpeg"}],"twitter_card":"summary_large_image","twitter_misc":{"Gesch\u00e4tzte Lesezeit":"2\u00a0Minuten"},"schema":{"@context":"https:\/\/schema.org","@graph":[{"@type":"WebPage","@id":"https:\/\/latinbody.ch\/de\/tienda\/formwaesche\/fajas-body\/body-mit-hoher-rueckenpartie-ref-lb341c\/","url":"https:\/\/latinbody.ch\/de\/tienda\/formwaesche\/fajas-body\/body-mit-hoher-rueckenpartie-ref-lb341c\/","name":"Body mit hoher R\u00fcckenpartie \u2013 Ref. LB341C","isPartOf":{"@id":"https:\/\/latinbody.ch\/de\/#website"},"primaryImageOfPage":{"@id":"https:\/\/latinbody.ch\/de\/tienda\/formwaesche\/fajas-body\/body-mit-hoher-rueckenpartie-ref-lb341c\/#primaryimage"},"image":{"@id":"https:\/\/latinbody.ch\/de\/tienda\/formwaesche\/fajas-body\/body-mit-hoher-rueckenpartie-ref-lb341c\/#primaryimage"},"thumbnailUrl":"https:\/\/latinbody.ch\/wp-content\/uploads\/2024\/09\/LB341C-1.jpg","datePublished":"2024-09-30T19:34:45+00:00","description":"Body mit hoher R\u00fcckenpartie mit Haken und \u00d6sen, verstellbaren und abnehmbaren Tr\u00e4gern, freier Brust, verstellbarem Perinealverschluss und mittlerer Kompression. Ideal, um Ihre Figur flexibel und komfortabel zu formen.","breadcrumb":{"@id":"https:\/\/latinbody.ch\/de\/tienda\/formwaesche\/fajas-body\/body-mit-hoher-rueckenpartie-ref-lb341c\/#breadcrumb"},"inLanguage":"de","potentialAction":[{"@type":"ReadAction","target":["https:\/\/latinbody.ch\/de\/tienda\/formwaesche\/fajas-body\/body-mit-hoher-rueckenpartie-ref-lb341c\/"]}]},{"@type":"ImageObject","inLanguage":"de","@id":"https:\/\/latinbody.ch\/de\/tienda\/formwaesche\/fajas-body\/body-mit-hoher-rueckenpartie-ref-lb341c\/#primaryimage","url":"https:\/\/latinbody.ch\/wp-content\/uploads\/2024\/09\/LB341C-1.jpg","contentUrl":"https:\/\/latinbody.ch\/wp-content\/uploads\/2024\/09\/LB341C-1.jpg","width":1000,"height":1000,"caption":"Body mit hoher R\u00fcckenpartie \u2013 Ref. LB341C"},{"@type":"BreadcrumbList","@id":"https:\/\/latinbody.ch\/de\/tienda\/formwaesche\/fajas-body\/body-mit-hoher-rueckenpartie-ref-lb341c\/#breadcrumb","itemListElement":[{"@type":"ListItem","position":1,"name":"Portada","item":"https:\/\/latinbody.ch\/de\/"},{"@type":"ListItem","position":2,"name":"Shop","item":"https:\/\/latinbody.ch\/tienda\/"},{"@type":"ListItem","position":3,"name":"Body mit hoher R\u00fcckenpartie \u2013 Ref. LB341C"}]},{"@type":"WebSite","@id":"https:\/\/latinbody.ch\/de\/#website","url":"https:\/\/latinbody.ch\/de\/","name":"www.latinbody.ch","description":"Fajas Reductoras | Reductora Post-Parto | Reductora Levanta Cola","publisher":{"@id":"https:\/\/latinbody.ch\/de\/#organization"},"potentialAction":[{"@type":"SearchAction","target":{"@type":"EntryPoint","urlTemplate":"https:\/\/latinbody.ch\/de\/?s={search_term_string}"},"query-input":{"@type":"PropertyValueSpecification","valueRequired":true,"valueName":"search_term_string"}}],"inLanguage":"de"},{"@type":"Organization","@id":"https:\/\/latinbody.ch\/de\/#organization","name":"latinbody","url":"https:\/\/latinbody.ch\/de\/","logo":{"@type":"ImageObject","inLanguage":"de","@id":"https:\/\/latinbody.ch\/de\/#\/schema\/logo\/image\/","url":"https:\/\/latinbody.ch\/wp-content\/uploads\/2022\/07\/logo-latin-body-2022.svg","contentUrl":"https:\/\/latinbody.ch\/wp-content\/uploads\/2022\/07\/logo-latin-body-2022.svg","width":625.34,"height":146.1,"caption":"latinbody"},"image":{"@id":"https:\/\/latinbody.ch\/de\/#\/schema\/logo\/image\/"},"sameAs":["https:\/\/www.facebook.com\/latinbody","https:\/\/www.instagram.com\/latinbody_official\/"]}]}},"_links":{"self":[{"href":"https:\/\/latinbody.ch\/de\/wp-json\/wp\/v2\/product\/7195","targetHints":{"allow":["GET"]}}],"collection":[{"href":"https:\/\/latinbody.ch\/de\/wp-json\/wp\/v2\/product"}],"about":[{"href":"https:\/\/latinbody.ch\/de\/wp-json\/wp\/v2\/types\/product"}],"replies":[{"embeddable":true,"href":"https:\/\/latinbody.ch\/de\/wp-json\/wp\/v2\/comments?post=7195"}],"wp:featuredmedia":[{"embeddable":true,"href":"https:\/\/latinbody.ch\/de\/wp-json\/wp\/v2\/media\/5163"}],"wp:attachment":[{"href":"https:\/\/latinbody.ch\/de\/wp-json\/wp\/v2\/media?parent=7195"}],"wp:term":[{"taxonomy":"product_brand","embeddable":true,"href":"https:\/\/latinbody.ch\/de\/wp-json\/wp\/v2\/product_brand?post=7195"},{"taxonomy":"product_cat","embeddable":true,"href":"https:\/\/latinbody.ch\/de\/wp-json\/wp\/v2\/product_cat?post=7195"},{"taxonomy":"product_tag","embeddable":true,"href":"https:\/\/latinbody.ch\/de\/wp-json\/wp\/v2\/product_tag?post=7195"}],"curies":[{"name":"wp","href":"https:\/\/api.w.org\/{rel}","templated":true}]}}