{"id":7222,"date":"2024-09-30T21:31:00","date_gmt":"2024-09-30T19:31:00","guid":{"rendered":"https:\/\/latinbody.ch\/tienda\/unkategorisiert\/faja-body-strapless-ref-lb342c\/"},"modified":"2024-09-30T21:31:00","modified_gmt":"2024-09-30T19:31:00","slug":"faja-body-strapless-ref-lb342c","status":"publish","type":"product","link":"https:\/\/latinbody.ch\/de\/tienda\/formwaesche\/fajas-body\/faja-body-strapless-ref-lb342c\/","title":{"rendered":"Faja Body Strapless &#8211; Ref. LB342C"},"content":{"rendered":"<h3><strong>Faja Body Strapless &#8211; Ref. LB342C | Flexible Linie von LatinBody <\/strong><\/h3>\n<p>Die <strong>Faja Body Strapless<\/strong> von <strong>LatinBody<\/strong> ist das perfekte Kleidungsst\u00fcck f\u00fcr alle, die Komfort und Halt ohne Tr\u00e4ger suchen. Mit ihrer <g id=\"gid_2\">mittleren Kompression<\/g> bietet diese Faja eine perfekte Passform, um <g id=\"gid_3\">Ihre Figur zu formen<\/g>, ohne die Flexibilit\u00e4t zu verlieren. Sie ist ideal f\u00fcr Anl\u00e4sse, bei denen die Tr\u00e4ger nicht sichtbar sein sollen, und bietet eine elegante und praktische Option.  <\/p>\n<h4><strong>Haupteigenschaften:<\/strong><\/h4>\n<ul>\n<li><strong>Tr\u00e4gerloses Design:<\/strong> Das <strong>tr\u00e4gerlose<\/strong> Design erm\u00f6glicht es, sie mit jeder Art von Kleidung zu tragen, ohne dass die Tr\u00e4ger sichtbar sind, was sie perfekt f\u00fcr \u00e4rmellose Kleider oder tr\u00e4gerlose Blusen macht.<\/li>\n<li><strong>Verstellbare und abnehmbare Tr\u00e4ger:<\/strong> Die <strong>verstellbaren und abnehmbaren Tr\u00e4ger<\/strong> erm\u00f6glichen eine individuelle Anpassung und bieten mehr Flexibilit\u00e4t und Komfort w\u00e4hrend des Tragens.<\/li>\n<li><strong>Freie Brust:<\/strong> Das <strong>freie Brust<\/strong>-Design bietet zus\u00e4tzlichen Komfort und vermeidet jeglichen Druck auf die Brust, wodurch diese Faja f\u00fcr den ganzt\u00e4gigen Gebrauch geeignet ist.<\/li>\n<li><strong>3 Hakenreihen:<\/strong> Mit <strong>3 Hakenreihen<\/strong> passt sich die Faja Ihren Bed\u00fcrfnissen an und gew\u00e4hrleistet einen festen und bequemen Halt.<\/li>\n<li><strong>Verstellbarer Perinealverschluss:<\/strong> Der <strong>verstellbare Perinealverschluss<\/strong> bietet mehr Komfort und erleichtert die Anwendung w\u00e4hrend des ganzen Tages.<\/li>\n<li><strong>Silikonspitze:<\/strong> Die <strong>Silikonspitze<\/strong> verhindert, dass die Faja verrutscht, und sorgt daf\u00fcr, dass sie den ganzen Tag an Ort und Stelle bleibt.<\/li>\n<li><strong>Hypoallergene Stoff:<\/strong> <strong>Gef\u00fcttert mit hypoallergenem Stoff<\/strong>, ideal f\u00fcr empfindliche Haut und zur Vermeidung m\u00f6glicher Irritationen.<\/li>\n<li><strong>Mittlere Kompression:<\/strong> Die <strong>mittlere Kompression<\/strong> hilft, die Figur auf nat\u00fcrliche Weise zu formen, ohne Beschwerden zu verursachen.<\/li>\n<\/ul>\n<h4><strong>Vorteile:<\/strong><\/h4>\n<ul>\n<li><strong>Komfort den ganzen Tag<\/strong> dank des <strong>tr\u00e4gerlosen<\/strong> Designs und der <strong>verstellbaren Tr\u00e4ger<\/strong>.<\/li>\n<li><strong>Flexibilit\u00e4t und Halt<\/strong> mit dem <strong>verstellbaren Perinealverschluss<\/strong> und der <strong>mittleren Kompression<\/strong>.<\/li>\n<li><strong>H\u00e4lt ihren Platz<\/strong> dank der <strong>Silikonspitze<\/strong>, die verhindert, dass die Faja verrutscht.<\/li>\n<\/ul>\n<h4><strong>Warum die Faja Body Strapless von LatinBody w\u00e4hlen?<\/strong><\/h4>\n<p>Die <strong>Faja Body Strapless<\/strong> von <strong>LatinBody<\/strong> ist die perfekte Option f\u00fcr alle, die eine <strong>flexible<\/strong>, <strong>bequeme<\/strong> und <strong>effektive<\/strong> Faja suchen. Mit <strong>mittlerer Kompression<\/strong>, <strong>verstellbaren Tr\u00e4gern<\/strong> und einem <strong>tr\u00e4gerlosen<\/strong> Design bietet diese Faja eine perfekte Passform und eine <strong>geformte Figur<\/strong>, ohne den Komfort zu beeintr\u00e4chtigen. Dar\u00fcber hinaus erm\u00f6glicht Ihnen das diskrete und elegante Design, sie mit jeder Art von Kleidung zu tragen, was sie ideal f\u00fcr den t\u00e4glichen Gebrauch oder f\u00fcr besondere Anl\u00e4sse macht.   <\/p>\n","protected":false},"excerpt":{"rendered":"<p><strong>Faja Body Strapless &#8211; Ref. LB342C  <\/strong><\/p>\n<ul>\n<li>Flexible Linie von LatinBody<\/li>\n<li>Perfekt, um Ihre Figur mit Flexibilit\u00e4t und Stil zu formen<\/li>\n<li>Ideal f\u00fcr Online-Eink\u00e4ufe!<\/li>\n<li><span lang=\"es-MX\">Mit verstellbaren und abnehmbaren Tr\u00e4gern<\/span><\/li>\n<li><span lang=\"es-MX\">Freie Brust<\/span><\/li>\n<li><span lang=\"es-MX\">3 Hakenreihen<\/span><\/li>\n<li><span lang=\"es-MX\">Verstellbarer Perinealverschluss<\/span><\/li>\n<li><span lang=\"es-MX\">Silikonspitze<\/span><\/li>\n<li><span lang=\"es-MX\">Gef\u00fcttert mit hypoallergenem Stoff<\/span><\/li>\n<li><span lang=\"es-MX\">Kompression: Mittel<\/span><\/li>\n<\/ul>\n","protected":false},"featured_media":5146,"comment_status":"open","ping_status":"closed","template":"","meta":{"_joinchat":[]},"product_brand":[],"product_cat":[1626,1445,1439],"product_tag":[],"class_list":{"0":"post-7222","1":"product","2":"type-product","3":"status-publish","4":"has-post-thumbnail","6":"product_cat-fajas-body","7":"product_cat-formwaesche","8":"product_cat-linea-flexibler-lateinkoerper","10":"first","11":"instock","12":"shipping-taxable","13":"purchasable","14":"product-type-variable"},"yoast_head":"<!-- This site is optimized with the Yoast SEO plugin v27.6 - https:\/\/yoast.com\/product\/yoast-seo-wordpress\/ -->\n<title>Faja Body Strapless - Ref. LB342C<\/title>\n<meta name=\"description\" content=\"Faja Body Strapless von LatinBody, tr\u00e4gerlos, mit Haken und \u00d6sen, verstellbaren und abnehmbaren Tr\u00e4gern, freier Brust und mittlerer Kompression. Ideal, um Ihre Figur flexibel und komfortabel zu formen.\" \/>\n<meta name=\"robots\" content=\"index, follow, max-snippet:-1, max-image-preview:large, max-video-preview:-1\" \/>\n<link rel=\"canonical\" href=\"https:\/\/latinbody.ch\/de\/tienda\/formwaesche\/fajas-body\/faja-body-strapless-ref-lb342c\/\" \/>\n<meta property=\"og:locale\" content=\"de_DE\" \/>\n<meta property=\"og:type\" content=\"article\" \/>\n<meta property=\"og:title\" content=\"Faja Body Strapless - Ref. LB342C\" \/>\n<meta property=\"og:description\" content=\"Faja Body Strapless von LatinBody, tr\u00e4gerlos, mit Haken und \u00d6sen, verstellbaren und abnehmbaren Tr\u00e4gern, freier Brust und mittlerer Kompression. Ideal, um Ihre Figur flexibel und komfortabel zu formen.\" \/>\n<meta property=\"og:url\" content=\"https:\/\/latinbody.ch\/de\/tienda\/formwaesche\/fajas-body\/faja-body-strapless-ref-lb342c\/\" \/>\n<meta property=\"og:site_name\" content=\"LatinBody\" \/>\n<meta property=\"article:publisher\" content=\"https:\/\/www.facebook.com\/latinbody\" \/>\n<meta property=\"og:image\" content=\"https:\/\/latinbody.ch\/wp-content\/uploads\/2024\/09\/LB342C-1.jpg\" \/>\n\t<meta property=\"og:image:width\" content=\"1000\" \/>\n\t<meta property=\"og:image:height\" content=\"1000\" \/>\n\t<meta property=\"og:image:type\" content=\"image\/jpeg\" \/>\n<meta name=\"twitter:card\" content=\"summary_large_image\" \/>\n<meta name=\"twitter:label1\" content=\"Gesch\u00e4tzte Lesezeit\" \/>\n\t<meta name=\"twitter:data1\" content=\"2\u00a0Minuten\" \/>\n<script type=\"application\/ld+json\" class=\"yoast-schema-graph\">{\"@context\":\"https:\\\/\\\/schema.org\",\"@graph\":[{\"@type\":\"WebPage\",\"@id\":\"https:\\\/\\\/latinbody.ch\\\/de\\\/tienda\\\/formwaesche\\\/fajas-body\\\/faja-body-strapless-ref-lb342c\\\/\",\"url\":\"https:\\\/\\\/latinbody.ch\\\/de\\\/tienda\\\/formwaesche\\\/fajas-body\\\/faja-body-strapless-ref-lb342c\\\/\",\"name\":\"Faja Body Strapless - Ref. LB342C\",\"isPartOf\":{\"@id\":\"https:\\\/\\\/latinbody.ch\\\/de\\\/#website\"},\"primaryImageOfPage\":{\"@id\":\"https:\\\/\\\/latinbody.ch\\\/de\\\/tienda\\\/formwaesche\\\/fajas-body\\\/faja-body-strapless-ref-lb342c\\\/#primaryimage\"},\"image\":{\"@id\":\"https:\\\/\\\/latinbody.ch\\\/de\\\/tienda\\\/formwaesche\\\/fajas-body\\\/faja-body-strapless-ref-lb342c\\\/#primaryimage\"},\"thumbnailUrl\":\"https:\\\/\\\/latinbody.ch\\\/wp-content\\\/uploads\\\/2024\\\/09\\\/LB342C-1.jpg\",\"datePublished\":\"2024-09-30T19:31:00+00:00\",\"description\":\"Faja Body Strapless von LatinBody, tr\u00e4gerlos, mit Haken und \u00d6sen, verstellbaren und abnehmbaren Tr\u00e4gern, freier Brust und mittlerer Kompression. Ideal, um Ihre Figur flexibel und komfortabel zu formen.\",\"breadcrumb\":{\"@id\":\"https:\\\/\\\/latinbody.ch\\\/de\\\/tienda\\\/formwaesche\\\/fajas-body\\\/faja-body-strapless-ref-lb342c\\\/#breadcrumb\"},\"inLanguage\":\"de\",\"potentialAction\":[{\"@type\":\"ReadAction\",\"target\":[\"https:\\\/\\\/latinbody.ch\\\/de\\\/tienda\\\/formwaesche\\\/fajas-body\\\/faja-body-strapless-ref-lb342c\\\/\"]}]},{\"@type\":\"ImageObject\",\"inLanguage\":\"de\",\"@id\":\"https:\\\/\\\/latinbody.ch\\\/de\\\/tienda\\\/formwaesche\\\/fajas-body\\\/faja-body-strapless-ref-lb342c\\\/#primaryimage\",\"url\":\"https:\\\/\\\/latinbody.ch\\\/wp-content\\\/uploads\\\/2024\\\/09\\\/LB342C-1.jpg\",\"contentUrl\":\"https:\\\/\\\/latinbody.ch\\\/wp-content\\\/uploads\\\/2024\\\/09\\\/LB342C-1.jpg\",\"width\":1000,\"height\":1000,\"caption\":\"Faja Body Strapless - Ref. LB342C\"},{\"@type\":\"BreadcrumbList\",\"@id\":\"https:\\\/\\\/latinbody.ch\\\/de\\\/tienda\\\/formwaesche\\\/fajas-body\\\/faja-body-strapless-ref-lb342c\\\/#breadcrumb\",\"itemListElement\":[{\"@type\":\"ListItem\",\"position\":1,\"name\":\"Portada\",\"item\":\"https:\\\/\\\/latinbody.ch\\\/de\\\/\"},{\"@type\":\"ListItem\",\"position\":2,\"name\":\"Shop\",\"item\":\"https:\\\/\\\/latinbody.ch\\\/tienda\\\/\"},{\"@type\":\"ListItem\",\"position\":3,\"name\":\"Faja Body Strapless &#8211; Ref. LB342C\"}]},{\"@type\":\"WebSite\",\"@id\":\"https:\\\/\\\/latinbody.ch\\\/de\\\/#website\",\"url\":\"https:\\\/\\\/latinbody.ch\\\/de\\\/\",\"name\":\"www.latinbody.ch\",\"description\":\"Fajas Reductoras | Reductora Post-Parto | Reductora Levanta Cola\",\"publisher\":{\"@id\":\"https:\\\/\\\/latinbody.ch\\\/de\\\/#organization\"},\"potentialAction\":[{\"@type\":\"SearchAction\",\"target\":{\"@type\":\"EntryPoint\",\"urlTemplate\":\"https:\\\/\\\/latinbody.ch\\\/de\\\/?s={search_term_string}\"},\"query-input\":{\"@type\":\"PropertyValueSpecification\",\"valueRequired\":true,\"valueName\":\"search_term_string\"}}],\"inLanguage\":\"de\"},{\"@type\":\"Organization\",\"@id\":\"https:\\\/\\\/latinbody.ch\\\/de\\\/#organization\",\"name\":\"latinbody\",\"url\":\"https:\\\/\\\/latinbody.ch\\\/de\\\/\",\"logo\":{\"@type\":\"ImageObject\",\"inLanguage\":\"de\",\"@id\":\"https:\\\/\\\/latinbody.ch\\\/de\\\/#\\\/schema\\\/logo\\\/image\\\/\",\"url\":\"https:\\\/\\\/latinbody.ch\\\/wp-content\\\/uploads\\\/2022\\\/07\\\/logo-latin-body-2022.svg\",\"contentUrl\":\"https:\\\/\\\/latinbody.ch\\\/wp-content\\\/uploads\\\/2022\\\/07\\\/logo-latin-body-2022.svg\",\"width\":625.34,\"height\":146.1,\"caption\":\"latinbody\"},\"image\":{\"@id\":\"https:\\\/\\\/latinbody.ch\\\/de\\\/#\\\/schema\\\/logo\\\/image\\\/\"},\"sameAs\":[\"https:\\\/\\\/www.facebook.com\\\/latinbody\",\"https:\\\/\\\/www.instagram.com\\\/latinbody_official\\\/\"]}]}<\/script>\n<!-- \/ Yoast SEO plugin. -->","yoast_head_json":{"title":"Faja Body Strapless - Ref. LB342C","description":"Faja Body Strapless von LatinBody, tr\u00e4gerlos, mit Haken und \u00d6sen, verstellbaren und abnehmbaren Tr\u00e4gern, freier Brust und mittlerer Kompression. Ideal, um Ihre Figur flexibel und komfortabel zu formen.","robots":{"index":"index","follow":"follow","max-snippet":"max-snippet:-1","max-image-preview":"max-image-preview:large","max-video-preview":"max-video-preview:-1"},"canonical":"https:\/\/latinbody.ch\/de\/tienda\/formwaesche\/fajas-body\/faja-body-strapless-ref-lb342c\/","og_locale":"de_DE","og_type":"article","og_title":"Faja Body Strapless - Ref. LB342C","og_description":"Faja Body Strapless von LatinBody, tr\u00e4gerlos, mit Haken und \u00d6sen, verstellbaren und abnehmbaren Tr\u00e4gern, freier Brust und mittlerer Kompression. Ideal, um Ihre Figur flexibel und komfortabel zu formen.","og_url":"https:\/\/latinbody.ch\/de\/tienda\/formwaesche\/fajas-body\/faja-body-strapless-ref-lb342c\/","og_site_name":"LatinBody","article_publisher":"https:\/\/www.facebook.com\/latinbody","og_image":[{"width":1000,"height":1000,"url":"https:\/\/latinbody.ch\/wp-content\/uploads\/2024\/09\/LB342C-1.jpg","type":"image\/jpeg"}],"twitter_card":"summary_large_image","twitter_misc":{"Gesch\u00e4tzte Lesezeit":"2\u00a0Minuten"},"schema":{"@context":"https:\/\/schema.org","@graph":[{"@type":"WebPage","@id":"https:\/\/latinbody.ch\/de\/tienda\/formwaesche\/fajas-body\/faja-body-strapless-ref-lb342c\/","url":"https:\/\/latinbody.ch\/de\/tienda\/formwaesche\/fajas-body\/faja-body-strapless-ref-lb342c\/","name":"Faja Body Strapless - Ref. LB342C","isPartOf":{"@id":"https:\/\/latinbody.ch\/de\/#website"},"primaryImageOfPage":{"@id":"https:\/\/latinbody.ch\/de\/tienda\/formwaesche\/fajas-body\/faja-body-strapless-ref-lb342c\/#primaryimage"},"image":{"@id":"https:\/\/latinbody.ch\/de\/tienda\/formwaesche\/fajas-body\/faja-body-strapless-ref-lb342c\/#primaryimage"},"thumbnailUrl":"https:\/\/latinbody.ch\/wp-content\/uploads\/2024\/09\/LB342C-1.jpg","datePublished":"2024-09-30T19:31:00+00:00","description":"Faja Body Strapless von LatinBody, tr\u00e4gerlos, mit Haken und \u00d6sen, verstellbaren und abnehmbaren Tr\u00e4gern, freier Brust und mittlerer Kompression. Ideal, um Ihre Figur flexibel und komfortabel zu formen.","breadcrumb":{"@id":"https:\/\/latinbody.ch\/de\/tienda\/formwaesche\/fajas-body\/faja-body-strapless-ref-lb342c\/#breadcrumb"},"inLanguage":"de","potentialAction":[{"@type":"ReadAction","target":["https:\/\/latinbody.ch\/de\/tienda\/formwaesche\/fajas-body\/faja-body-strapless-ref-lb342c\/"]}]},{"@type":"ImageObject","inLanguage":"de","@id":"https:\/\/latinbody.ch\/de\/tienda\/formwaesche\/fajas-body\/faja-body-strapless-ref-lb342c\/#primaryimage","url":"https:\/\/latinbody.ch\/wp-content\/uploads\/2024\/09\/LB342C-1.jpg","contentUrl":"https:\/\/latinbody.ch\/wp-content\/uploads\/2024\/09\/LB342C-1.jpg","width":1000,"height":1000,"caption":"Faja Body Strapless - Ref. LB342C"},{"@type":"BreadcrumbList","@id":"https:\/\/latinbody.ch\/de\/tienda\/formwaesche\/fajas-body\/faja-body-strapless-ref-lb342c\/#breadcrumb","itemListElement":[{"@type":"ListItem","position":1,"name":"Portada","item":"https:\/\/latinbody.ch\/de\/"},{"@type":"ListItem","position":2,"name":"Shop","item":"https:\/\/latinbody.ch\/tienda\/"},{"@type":"ListItem","position":3,"name":"Faja Body Strapless &#8211; Ref. LB342C"}]},{"@type":"WebSite","@id":"https:\/\/latinbody.ch\/de\/#website","url":"https:\/\/latinbody.ch\/de\/","name":"www.latinbody.ch","description":"Fajas Reductoras | Reductora Post-Parto | Reductora Levanta Cola","publisher":{"@id":"https:\/\/latinbody.ch\/de\/#organization"},"potentialAction":[{"@type":"SearchAction","target":{"@type":"EntryPoint","urlTemplate":"https:\/\/latinbody.ch\/de\/?s={search_term_string}"},"query-input":{"@type":"PropertyValueSpecification","valueRequired":true,"valueName":"search_term_string"}}],"inLanguage":"de"},{"@type":"Organization","@id":"https:\/\/latinbody.ch\/de\/#organization","name":"latinbody","url":"https:\/\/latinbody.ch\/de\/","logo":{"@type":"ImageObject","inLanguage":"de","@id":"https:\/\/latinbody.ch\/de\/#\/schema\/logo\/image\/","url":"https:\/\/latinbody.ch\/wp-content\/uploads\/2022\/07\/logo-latin-body-2022.svg","contentUrl":"https:\/\/latinbody.ch\/wp-content\/uploads\/2022\/07\/logo-latin-body-2022.svg","width":625.34,"height":146.1,"caption":"latinbody"},"image":{"@id":"https:\/\/latinbody.ch\/de\/#\/schema\/logo\/image\/"},"sameAs":["https:\/\/www.facebook.com\/latinbody","https:\/\/www.instagram.com\/latinbody_official\/"]}]}},"_links":{"self":[{"href":"https:\/\/latinbody.ch\/de\/wp-json\/wp\/v2\/product\/7222","targetHints":{"allow":["GET"]}}],"collection":[{"href":"https:\/\/latinbody.ch\/de\/wp-json\/wp\/v2\/product"}],"about":[{"href":"https:\/\/latinbody.ch\/de\/wp-json\/wp\/v2\/types\/product"}],"replies":[{"embeddable":true,"href":"https:\/\/latinbody.ch\/de\/wp-json\/wp\/v2\/comments?post=7222"}],"wp:featuredmedia":[{"embeddable":true,"href":"https:\/\/latinbody.ch\/de\/wp-json\/wp\/v2\/media\/5146"}],"wp:attachment":[{"href":"https:\/\/latinbody.ch\/de\/wp-json\/wp\/v2\/media?parent=7222"}],"wp:term":[{"taxonomy":"product_brand","embeddable":true,"href":"https:\/\/latinbody.ch\/de\/wp-json\/wp\/v2\/product_brand?post=7222"},{"taxonomy":"product_cat","embeddable":true,"href":"https:\/\/latinbody.ch\/de\/wp-json\/wp\/v2\/product_cat?post=7222"},{"taxonomy":"product_tag","embeddable":true,"href":"https:\/\/latinbody.ch\/de\/wp-json\/wp\/v2\/product_tag?post=7222"}],"curies":[{"name":"wp","href":"https:\/\/api.w.org\/{rel}","templated":true}]}}