{"id":7349,"date":"2023-10-13T20:51:00","date_gmt":"2023-10-13T18:51:00","guid":{"rendered":"https:\/\/latinbody.ch\/tienda\/unkategorisiert\/body-panty-mit-hohem-ruecken-ref-411\/"},"modified":"2026-03-27T19:21:59","modified_gmt":"2026-03-27T18:21:59","slug":"body-panty-mit-hohem-ruecken-ref-411","status":"publish","type":"product","link":"https:\/\/latinbody.ch\/de\/tienda\/formwaesche\/fajas-body\/body-panty-mit-hohem-ruecken-ref-411\/","title":{"rendered":"Body-Panty mit hohem R\u00fccken Ref. 411"},"content":{"rendered":"<p>Diese <strong>Faja Salom\u00e9 411 Body manga sisa<\/strong> bietet Ihnen eine hohe Kompression und sorgt f\u00fcr mehr Kontrolle in der Taille und im gesamten R\u00fcckenbereich, ohne Beschwerden zu verursachen.<\/p>\n<p>Unsere kolumbianischen Fajas komprimieren den Bereich unter den Achseln, wodurch die kleinen Rollen in diesem Bereich geformt werden k\u00f6nnen. Dieses Modell der Fajas Salome verf\u00fcgt \u00fcber interne Haken und einen Rei\u00dfverschluss oder externen Verschluss (im Bereich des Torsos) f\u00fcr eine perfekte und bequeme Passform. Diese Faja hat Silikon im Spitzenbereich, damit sie haftet und sich nicht aufrollt.  <\/p>\n<p>Die Fajas Salom\u00e9 werden aus zwei Arten von Stoff hergestellt. Der \u00e4u\u00dfere Teil besteht aus hochwertigem Powernet, das den richtigen Druck aus\u00fcbt, um Ihre Figur zu formen. Der innere Teil ist mit Flanell-Lycra-Baumwolle gef\u00fcttert, einem weichen Stoff mit internen Haken am Verschluss, um das Anlegen der Faja zu erleichtern. <\/p>\n<p>Die Fajas Salom\u00e9 formen und reduzieren Ihre Taille um mehrere Zentimeter, heben die Brust an, sammeln die kleinen Fettp\u00f6lsterchen am R\u00fccken und korrigieren Ihre Haltung.<\/p>\n","protected":false},"excerpt":{"rendered":"<p>Einheitsgr\u00f6\u00dfe.<\/p>\n<ul>\n<li>Mit verstellbaren Tr\u00e4gern an den Schultern<\/li>\n<li>Freie Brust<\/li>\n<li>Interne Haken und flacher Verschluss<\/li>\n<li>Perineal-Haken<\/li>\n<li>Silikonspitze<\/li>\n<li>Gef\u00fcttert mit hypoallergenem Stoff<\/li>\n<\/ul>\n","protected":false},"featured_media":7351,"comment_status":"open","ping_status":"closed","template":"","meta":{"_joinchat":[]},"product_brand":[],"product_cat":[1626],"product_tag":[],"class_list":{"0":"post-7349","1":"product","2":"type-product","3":"status-publish","4":"has-post-thumbnail","6":"product_cat-fajas-body","8":"first","9":"instock","10":"shipping-taxable","11":"purchasable","12":"product-type-variable"},"yoast_head":"<!-- This site is optimized with the Yoast SEO plugin v27.6 - https:\/\/yoast.com\/product\/yoast-seo-wordpress\/ -->\n<title>Faja-Body mit hohem R\u00fccken REF: 411<\/title>\n<meta name=\"description\" content=\"Formender Body mit hohem R\u00fccken, der Ihre Figur formt und Bauch sowie R\u00fccken kontrolliert. Ideal f\u00fcr den t\u00e4glichen Gebrauch mit maximalem Komfort und perfekter Passform.\" \/>\n<meta name=\"robots\" content=\"index, follow, max-snippet:-1, max-image-preview:large, max-video-preview:-1\" \/>\n<link rel=\"canonical\" href=\"https:\/\/latinbody.ch\/de\/tienda\/formwaesche\/fajas-body\/body-panty-mit-hohem-ruecken-ref-411\/\" \/>\n<meta property=\"og:locale\" content=\"de_DE\" \/>\n<meta property=\"og:type\" content=\"article\" \/>\n<meta property=\"og:title\" content=\"Formender Body mit hohem R\u00fccken.\" \/>\n<meta property=\"og:description\" content=\"Body-Panty mit hohem R\u00fccken, der Ihre Figur formt, Taille und R\u00fccken definiert und den ganzen Tag Kontrolle und Komfort bietet. Ideal f\u00fcr den t\u00e4glichen Gebrauch.\" \/>\n<meta property=\"og:url\" content=\"https:\/\/latinbody.ch\/de\/tienda\/formwaesche\/fajas-body\/body-panty-mit-hohem-ruecken-ref-411\/\" \/>\n<meta property=\"og:site_name\" content=\"LatinBody\" \/>\n<meta property=\"article:publisher\" content=\"https:\/\/www.facebook.com\/latinbody\" \/>\n<meta property=\"article:modified_time\" content=\"2026-03-27T18:21:59+00:00\" \/>\n<meta property=\"og:image\" content=\"https:\/\/latinbody.ch\/wp-content\/uploads\/2025\/04\/411-300x300.jpg\" \/>\n<meta name=\"twitter:card\" content=\"summary_large_image\" \/>\n<meta name=\"twitter:title\" content=\"Formender Body mit hohem R\u00fccken.\" \/>\n<meta name=\"twitter:description\" content=\"Definieren Sie Ihre Figur mit unserem Body mit hohem R\u00fccken. Perfekte Passform, Halt und maximaler Komfort zu jeder Zeit.\" \/>\n<meta name=\"twitter:image\" content=\"https:\/\/latinbody.ch\/wp-content\/uploads\/2025\/04\/411-1024x1024.jpg\" \/>\n<meta name=\"twitter:label1\" content=\"Gesch\u00e4tzte Lesezeit\" \/>\n\t<meta name=\"twitter:data1\" content=\"1\u00a0Minute\" \/>\n<script type=\"application\/ld+json\" class=\"yoast-schema-graph\">{\"@context\":\"https:\\\/\\\/schema.org\",\"@graph\":[{\"@type\":\"WebPage\",\"@id\":\"https:\\\/\\\/latinbody.ch\\\/de\\\/tienda\\\/formwaesche\\\/fajas-body\\\/body-panty-mit-hohem-ruecken-ref-411\\\/\",\"url\":\"https:\\\/\\\/latinbody.ch\\\/de\\\/tienda\\\/formwaesche\\\/fajas-body\\\/body-panty-mit-hohem-ruecken-ref-411\\\/\",\"name\":\"Faja-Body mit hohem R\u00fccken REF: 411\",\"isPartOf\":{\"@id\":\"https:\\\/\\\/latinbody.ch\\\/de\\\/#website\"},\"primaryImageOfPage\":{\"@id\":\"https:\\\/\\\/latinbody.ch\\\/de\\\/tienda\\\/formwaesche\\\/fajas-body\\\/body-panty-mit-hohem-ruecken-ref-411\\\/#primaryimage\"},\"image\":{\"@id\":\"https:\\\/\\\/latinbody.ch\\\/de\\\/tienda\\\/formwaesche\\\/fajas-body\\\/body-panty-mit-hohem-ruecken-ref-411\\\/#primaryimage\"},\"thumbnailUrl\":\"https:\\\/\\\/latinbody.ch\\\/wp-content\\\/uploads\\\/2021\\\/02\\\/body-ref-411.jpg\",\"datePublished\":\"2023-10-13T18:51:00+00:00\",\"dateModified\":\"2026-03-27T18:21:59+00:00\",\"description\":\"Formender Body mit hohem R\u00fccken, der Ihre Figur formt und Bauch sowie R\u00fccken kontrolliert. Ideal f\u00fcr den t\u00e4glichen Gebrauch mit maximalem Komfort und perfekter Passform.\",\"breadcrumb\":{\"@id\":\"https:\\\/\\\/latinbody.ch\\\/de\\\/tienda\\\/formwaesche\\\/fajas-body\\\/body-panty-mit-hohem-ruecken-ref-411\\\/#breadcrumb\"},\"inLanguage\":\"de\",\"potentialAction\":[{\"@type\":\"ReadAction\",\"target\":[\"https:\\\/\\\/latinbody.ch\\\/de\\\/tienda\\\/formwaesche\\\/fajas-body\\\/body-panty-mit-hohem-ruecken-ref-411\\\/\"]}]},{\"@type\":\"ImageObject\",\"inLanguage\":\"de\",\"@id\":\"https:\\\/\\\/latinbody.ch\\\/de\\\/tienda\\\/formwaesche\\\/fajas-body\\\/body-panty-mit-hohem-ruecken-ref-411\\\/#primaryimage\",\"url\":\"https:\\\/\\\/latinbody.ch\\\/wp-content\\\/uploads\\\/2021\\\/02\\\/body-ref-411.jpg\",\"contentUrl\":\"https:\\\/\\\/latinbody.ch\\\/wp-content\\\/uploads\\\/2021\\\/02\\\/body-ref-411.jpg\",\"width\":800,\"height\":800},{\"@type\":\"BreadcrumbList\",\"@id\":\"https:\\\/\\\/latinbody.ch\\\/de\\\/tienda\\\/formwaesche\\\/fajas-body\\\/body-panty-mit-hohem-ruecken-ref-411\\\/#breadcrumb\",\"itemListElement\":[{\"@type\":\"ListItem\",\"position\":1,\"name\":\"Portada\",\"item\":\"https:\\\/\\\/latinbody.ch\\\/de\\\/\"},{\"@type\":\"ListItem\",\"position\":2,\"name\":\"Shop\",\"item\":\"https:\\\/\\\/latinbody.ch\\\/tienda\\\/\"},{\"@type\":\"ListItem\",\"position\":3,\"name\":\"Body-Panty mit hohem R\u00fccken Ref. 411\"}]},{\"@type\":\"WebSite\",\"@id\":\"https:\\\/\\\/latinbody.ch\\\/de\\\/#website\",\"url\":\"https:\\\/\\\/latinbody.ch\\\/de\\\/\",\"name\":\"www.latinbody.ch\",\"description\":\"Fajas Reductoras | Reductora Post-Parto | Reductora Levanta Cola\",\"publisher\":{\"@id\":\"https:\\\/\\\/latinbody.ch\\\/de\\\/#organization\"},\"potentialAction\":[{\"@type\":\"SearchAction\",\"target\":{\"@type\":\"EntryPoint\",\"urlTemplate\":\"https:\\\/\\\/latinbody.ch\\\/de\\\/?s={search_term_string}\"},\"query-input\":{\"@type\":\"PropertyValueSpecification\",\"valueRequired\":true,\"valueName\":\"search_term_string\"}}],\"inLanguage\":\"de\"},{\"@type\":\"Organization\",\"@id\":\"https:\\\/\\\/latinbody.ch\\\/de\\\/#organization\",\"name\":\"latinbody\",\"url\":\"https:\\\/\\\/latinbody.ch\\\/de\\\/\",\"logo\":{\"@type\":\"ImageObject\",\"inLanguage\":\"de\",\"@id\":\"https:\\\/\\\/latinbody.ch\\\/de\\\/#\\\/schema\\\/logo\\\/image\\\/\",\"url\":\"https:\\\/\\\/latinbody.ch\\\/wp-content\\\/uploads\\\/2022\\\/07\\\/logo-latin-body-2022.svg\",\"contentUrl\":\"https:\\\/\\\/latinbody.ch\\\/wp-content\\\/uploads\\\/2022\\\/07\\\/logo-latin-body-2022.svg\",\"width\":625.34,\"height\":146.1,\"caption\":\"latinbody\"},\"image\":{\"@id\":\"https:\\\/\\\/latinbody.ch\\\/de\\\/#\\\/schema\\\/logo\\\/image\\\/\"},\"sameAs\":[\"https:\\\/\\\/www.facebook.com\\\/latinbody\",\"https:\\\/\\\/www.instagram.com\\\/latinbody_official\\\/\"]}]}<\/script>\n<!-- \/ Yoast SEO plugin. -->","yoast_head_json":{"title":"Faja-Body mit hohem R\u00fccken REF: 411","description":"Formender Body mit hohem R\u00fccken, der Ihre Figur formt und Bauch sowie R\u00fccken kontrolliert. Ideal f\u00fcr den t\u00e4glichen Gebrauch mit maximalem Komfort und perfekter Passform.","robots":{"index":"index","follow":"follow","max-snippet":"max-snippet:-1","max-image-preview":"max-image-preview:large","max-video-preview":"max-video-preview:-1"},"canonical":"https:\/\/latinbody.ch\/de\/tienda\/formwaesche\/fajas-body\/body-panty-mit-hohem-ruecken-ref-411\/","og_locale":"de_DE","og_type":"article","og_title":"Formender Body mit hohem R\u00fccken.","og_description":"Body-Panty mit hohem R\u00fccken, der Ihre Figur formt, Taille und R\u00fccken definiert und den ganzen Tag Kontrolle und Komfort bietet. Ideal f\u00fcr den t\u00e4glichen Gebrauch.","og_url":"https:\/\/latinbody.ch\/de\/tienda\/formwaesche\/fajas-body\/body-panty-mit-hohem-ruecken-ref-411\/","og_site_name":"LatinBody","article_publisher":"https:\/\/www.facebook.com\/latinbody","article_modified_time":"2026-03-27T18:21:59+00:00","og_image":[{"url":"https:\/\/latinbody.ch\/wp-content\/uploads\/2025\/04\/411-300x300.jpg","type":"","width":"","height":""}],"twitter_card":"summary_large_image","twitter_title":"Formender Body mit hohem R\u00fccken.","twitter_description":"Definieren Sie Ihre Figur mit unserem Body mit hohem R\u00fccken. Perfekte Passform, Halt und maximaler Komfort zu jeder Zeit.","twitter_image":"https:\/\/latinbody.ch\/wp-content\/uploads\/2025\/04\/411-1024x1024.jpg","twitter_misc":{"Gesch\u00e4tzte Lesezeit":"1\u00a0Minute"},"schema":{"@context":"https:\/\/schema.org","@graph":[{"@type":"WebPage","@id":"https:\/\/latinbody.ch\/de\/tienda\/formwaesche\/fajas-body\/body-panty-mit-hohem-ruecken-ref-411\/","url":"https:\/\/latinbody.ch\/de\/tienda\/formwaesche\/fajas-body\/body-panty-mit-hohem-ruecken-ref-411\/","name":"Faja-Body mit hohem R\u00fccken REF: 411","isPartOf":{"@id":"https:\/\/latinbody.ch\/de\/#website"},"primaryImageOfPage":{"@id":"https:\/\/latinbody.ch\/de\/tienda\/formwaesche\/fajas-body\/body-panty-mit-hohem-ruecken-ref-411\/#primaryimage"},"image":{"@id":"https:\/\/latinbody.ch\/de\/tienda\/formwaesche\/fajas-body\/body-panty-mit-hohem-ruecken-ref-411\/#primaryimage"},"thumbnailUrl":"https:\/\/latinbody.ch\/wp-content\/uploads\/2021\/02\/body-ref-411.jpg","datePublished":"2023-10-13T18:51:00+00:00","dateModified":"2026-03-27T18:21:59+00:00","description":"Formender Body mit hohem R\u00fccken, der Ihre Figur formt und Bauch sowie R\u00fccken kontrolliert. Ideal f\u00fcr den t\u00e4glichen Gebrauch mit maximalem Komfort und perfekter Passform.","breadcrumb":{"@id":"https:\/\/latinbody.ch\/de\/tienda\/formwaesche\/fajas-body\/body-panty-mit-hohem-ruecken-ref-411\/#breadcrumb"},"inLanguage":"de","potentialAction":[{"@type":"ReadAction","target":["https:\/\/latinbody.ch\/de\/tienda\/formwaesche\/fajas-body\/body-panty-mit-hohem-ruecken-ref-411\/"]}]},{"@type":"ImageObject","inLanguage":"de","@id":"https:\/\/latinbody.ch\/de\/tienda\/formwaesche\/fajas-body\/body-panty-mit-hohem-ruecken-ref-411\/#primaryimage","url":"https:\/\/latinbody.ch\/wp-content\/uploads\/2021\/02\/body-ref-411.jpg","contentUrl":"https:\/\/latinbody.ch\/wp-content\/uploads\/2021\/02\/body-ref-411.jpg","width":800,"height":800},{"@type":"BreadcrumbList","@id":"https:\/\/latinbody.ch\/de\/tienda\/formwaesche\/fajas-body\/body-panty-mit-hohem-ruecken-ref-411\/#breadcrumb","itemListElement":[{"@type":"ListItem","position":1,"name":"Portada","item":"https:\/\/latinbody.ch\/de\/"},{"@type":"ListItem","position":2,"name":"Shop","item":"https:\/\/latinbody.ch\/tienda\/"},{"@type":"ListItem","position":3,"name":"Body-Panty mit hohem R\u00fccken Ref. 411"}]},{"@type":"WebSite","@id":"https:\/\/latinbody.ch\/de\/#website","url":"https:\/\/latinbody.ch\/de\/","name":"www.latinbody.ch","description":"Fajas Reductoras | Reductora Post-Parto | Reductora Levanta Cola","publisher":{"@id":"https:\/\/latinbody.ch\/de\/#organization"},"potentialAction":[{"@type":"SearchAction","target":{"@type":"EntryPoint","urlTemplate":"https:\/\/latinbody.ch\/de\/?s={search_term_string}"},"query-input":{"@type":"PropertyValueSpecification","valueRequired":true,"valueName":"search_term_string"}}],"inLanguage":"de"},{"@type":"Organization","@id":"https:\/\/latinbody.ch\/de\/#organization","name":"latinbody","url":"https:\/\/latinbody.ch\/de\/","logo":{"@type":"ImageObject","inLanguage":"de","@id":"https:\/\/latinbody.ch\/de\/#\/schema\/logo\/image\/","url":"https:\/\/latinbody.ch\/wp-content\/uploads\/2022\/07\/logo-latin-body-2022.svg","contentUrl":"https:\/\/latinbody.ch\/wp-content\/uploads\/2022\/07\/logo-latin-body-2022.svg","width":625.34,"height":146.1,"caption":"latinbody"},"image":{"@id":"https:\/\/latinbody.ch\/de\/#\/schema\/logo\/image\/"},"sameAs":["https:\/\/www.facebook.com\/latinbody","https:\/\/www.instagram.com\/latinbody_official\/"]}]}},"_links":{"self":[{"href":"https:\/\/latinbody.ch\/de\/wp-json\/wp\/v2\/product\/7349","targetHints":{"allow":["GET"]}}],"collection":[{"href":"https:\/\/latinbody.ch\/de\/wp-json\/wp\/v2\/product"}],"about":[{"href":"https:\/\/latinbody.ch\/de\/wp-json\/wp\/v2\/types\/product"}],"replies":[{"embeddable":true,"href":"https:\/\/latinbody.ch\/de\/wp-json\/wp\/v2\/comments?post=7349"}],"wp:featuredmedia":[{"embeddable":true,"href":"https:\/\/latinbody.ch\/de\/wp-json\/wp\/v2\/media\/7351"}],"wp:attachment":[{"href":"https:\/\/latinbody.ch\/de\/wp-json\/wp\/v2\/media?parent=7349"}],"wp:term":[{"taxonomy":"product_brand","embeddable":true,"href":"https:\/\/latinbody.ch\/de\/wp-json\/wp\/v2\/product_brand?post=7349"},{"taxonomy":"product_cat","embeddable":true,"href":"https:\/\/latinbody.ch\/de\/wp-json\/wp\/v2\/product_cat?post=7349"},{"taxonomy":"product_tag","embeddable":true,"href":"https:\/\/latinbody.ch\/de\/wp-json\/wp\/v2\/product_tag?post=7349"}],"curies":[{"name":"wp","href":"https:\/\/api.w.org\/{rel}","templated":true}]}}