{"id":7672,"date":"2023-10-13T17:28:08","date_gmt":"2023-10-13T15:28:08","guid":{"rendered":"https:\/\/latinbody.ch\/tienda\/unkategorisiert\/jeans-levantacola-mercy-ref-yo253\/"},"modified":"2023-10-13T17:28:08","modified_gmt":"2023-10-13T15:28:08","slug":"jeans-levantacola-mercy-ref-yo253","status":"publish","type":"product","link":"https:\/\/latinbody.ch\/de\/tienda\/push-up-jeans\/mercy-de\/jeans-levantacola-mercy-ref-yo253\/","title":{"rendered":"JEANS LEVANTACOLA MERCY REF YO253"},"content":{"rendered":"<p><img decoding=\"async\" class=\"alignnone size-full wp-image-862\" src=\"https:\/\/latinbody.ch\/wp-content\/uploads\/2020\/02\/logo-mercy-jeans.jpg\" alt=\"\" width=\"216\" height=\"122\"><\/p>\n","protected":false},"excerpt":{"rendered":"<p>Die <strong><b>kolumbianischen Jeans Levanta Cola<\/b><\/strong> kombinieren Kompressionstechnologie mit modischen Details. Die vielf\u00e4ltigen Funktionen, die Kompression, die Eleganz, die unsichtbaren N\u00e4hte, die inneren Formhosen, die unauff\u00e4lligen Rei\u00dfverschl\u00fcsse und die elastischen Stoffe sind nur einige der Hauptmerkmale, die unsere Jeans in Ihren Alltag bringen werden. <\/p>\n<p>Tragen Sie diese <strong><b>kolumbianischen Jeans Levanta Cola<\/b><\/strong> \u00fcberall und jederzeit.<\/p>\n","protected":false},"featured_media":3866,"comment_status":"open","ping_status":"closed","template":"","meta":{"_joinchat":[]},"product_brand":[],"product_cat":[179],"product_tag":[],"class_list":{"0":"post-7672","1":"product","2":"type-product","3":"status-publish","4":"has-post-thumbnail","6":"product_cat-mercy-de","8":"first","9":"outofstock","10":"shipping-taxable","11":"purchasable","12":"product-type-variable"},"yoast_head":"<!-- This site is optimized with the Yoast SEO plugin v27.6 - https:\/\/yoast.com\/product\/yoast-seo-wordpress\/ -->\n<title>JEANS LEVANTACOLA MERCY REF YO253 - LatinBody<\/title>\n<meta name=\"robots\" content=\"index, follow, max-snippet:-1, max-image-preview:large, max-video-preview:-1\" \/>\n<link rel=\"canonical\" href=\"https:\/\/latinbody.ch\/de\/tienda\/push-up-jeans\/mercy-de\/jeans-levantacola-mercy-ref-yo253\/\" \/>\n<meta property=\"og:locale\" content=\"de_DE\" \/>\n<meta property=\"og:type\" content=\"article\" \/>\n<meta property=\"og:title\" content=\"JEANS LEVANTACOLA MERCY REF YO253 - LatinBody\" \/>\n<meta property=\"og:description\" content=\"Die kolumbianischen Jeans Levanta Cola kombinieren Kompressionstechnologie mit modischen Details. Die vielf\u00e4ltigen Funktionen, die Kompression, die Eleganz, die unsichtbaren N\u00e4hte, die inneren Formhosen, die unauff\u00e4lligen Rei\u00dfverschl\u00fcsse und die elastischen Stoffe sind nur einige der Hauptmerkmale, die unsere Jeans in Ihren Alltag bringen werden.  Tragen Sie diese kolumbianischen Jeans Levanta Cola \u00fcberall und jederzeit.\" \/>\n<meta property=\"og:url\" content=\"https:\/\/latinbody.ch\/de\/tienda\/push-up-jeans\/mercy-de\/jeans-levantacola-mercy-ref-yo253\/\" \/>\n<meta property=\"og:site_name\" content=\"LatinBody\" \/>\n<meta property=\"article:publisher\" content=\"https:\/\/www.facebook.com\/latinbody\" \/>\n<meta property=\"og:image\" content=\"https:\/\/latinbody.ch\/wp-content\/uploads\/2020\/02\/yo253-jeans-levantacola-mercy.jpg\" \/>\n\t<meta property=\"og:image:width\" content=\"700\" \/>\n\t<meta property=\"og:image:height\" content=\"823\" \/>\n\t<meta property=\"og:image:type\" content=\"image\/jpeg\" \/>\n<meta name=\"twitter:card\" content=\"summary_large_image\" \/>\n<script type=\"application\/ld+json\" class=\"yoast-schema-graph\">{\"@context\":\"https:\\\/\\\/schema.org\",\"@graph\":[{\"@type\":\"WebPage\",\"@id\":\"https:\\\/\\\/latinbody.ch\\\/de\\\/tienda\\\/push-up-jeans\\\/mercy-de\\\/jeans-levantacola-mercy-ref-yo253\\\/\",\"url\":\"https:\\\/\\\/latinbody.ch\\\/de\\\/tienda\\\/push-up-jeans\\\/mercy-de\\\/jeans-levantacola-mercy-ref-yo253\\\/\",\"name\":\"JEANS LEVANTACOLA MERCY REF YO253 - LatinBody\",\"isPartOf\":{\"@id\":\"https:\\\/\\\/latinbody.ch\\\/de\\\/#website\"},\"primaryImageOfPage\":{\"@id\":\"https:\\\/\\\/latinbody.ch\\\/de\\\/tienda\\\/push-up-jeans\\\/mercy-de\\\/jeans-levantacola-mercy-ref-yo253\\\/#primaryimage\"},\"image\":{\"@id\":\"https:\\\/\\\/latinbody.ch\\\/de\\\/tienda\\\/push-up-jeans\\\/mercy-de\\\/jeans-levantacola-mercy-ref-yo253\\\/#primaryimage\"},\"thumbnailUrl\":\"https:\\\/\\\/latinbody.ch\\\/wp-content\\\/uploads\\\/2020\\\/02\\\/yo253-jeans-levantacola-mercy.jpg\",\"datePublished\":\"2023-10-13T15:28:08+00:00\",\"breadcrumb\":{\"@id\":\"https:\\\/\\\/latinbody.ch\\\/de\\\/tienda\\\/push-up-jeans\\\/mercy-de\\\/jeans-levantacola-mercy-ref-yo253\\\/#breadcrumb\"},\"inLanguage\":\"de\",\"potentialAction\":[{\"@type\":\"ReadAction\",\"target\":[\"https:\\\/\\\/latinbody.ch\\\/de\\\/tienda\\\/push-up-jeans\\\/mercy-de\\\/jeans-levantacola-mercy-ref-yo253\\\/\"]}]},{\"@type\":\"ImageObject\",\"inLanguage\":\"de\",\"@id\":\"https:\\\/\\\/latinbody.ch\\\/de\\\/tienda\\\/push-up-jeans\\\/mercy-de\\\/jeans-levantacola-mercy-ref-yo253\\\/#primaryimage\",\"url\":\"https:\\\/\\\/latinbody.ch\\\/wp-content\\\/uploads\\\/2020\\\/02\\\/yo253-jeans-levantacola-mercy.jpg\",\"contentUrl\":\"https:\\\/\\\/latinbody.ch\\\/wp-content\\\/uploads\\\/2020\\\/02\\\/yo253-jeans-levantacola-mercy.jpg\",\"width\":700,\"height\":823},{\"@type\":\"BreadcrumbList\",\"@id\":\"https:\\\/\\\/latinbody.ch\\\/de\\\/tienda\\\/push-up-jeans\\\/mercy-de\\\/jeans-levantacola-mercy-ref-yo253\\\/#breadcrumb\",\"itemListElement\":[{\"@type\":\"ListItem\",\"position\":1,\"name\":\"Portada\",\"item\":\"https:\\\/\\\/latinbody.ch\\\/de\\\/\"},{\"@type\":\"ListItem\",\"position\":2,\"name\":\"Shop\",\"item\":\"https:\\\/\\\/latinbody.ch\\\/tienda\\\/\"},{\"@type\":\"ListItem\",\"position\":3,\"name\":\"JEANS LEVANTACOLA MERCY REF YO253\"}]},{\"@type\":\"WebSite\",\"@id\":\"https:\\\/\\\/latinbody.ch\\\/de\\\/#website\",\"url\":\"https:\\\/\\\/latinbody.ch\\\/de\\\/\",\"name\":\"www.latinbody.ch\",\"description\":\"Fajas Reductoras | Reductora Post-Parto | Reductora Levanta Cola\",\"publisher\":{\"@id\":\"https:\\\/\\\/latinbody.ch\\\/de\\\/#organization\"},\"potentialAction\":[{\"@type\":\"SearchAction\",\"target\":{\"@type\":\"EntryPoint\",\"urlTemplate\":\"https:\\\/\\\/latinbody.ch\\\/de\\\/?s={search_term_string}\"},\"query-input\":{\"@type\":\"PropertyValueSpecification\",\"valueRequired\":true,\"valueName\":\"search_term_string\"}}],\"inLanguage\":\"de\"},{\"@type\":\"Organization\",\"@id\":\"https:\\\/\\\/latinbody.ch\\\/de\\\/#organization\",\"name\":\"latinbody\",\"url\":\"https:\\\/\\\/latinbody.ch\\\/de\\\/\",\"logo\":{\"@type\":\"ImageObject\",\"inLanguage\":\"de\",\"@id\":\"https:\\\/\\\/latinbody.ch\\\/de\\\/#\\\/schema\\\/logo\\\/image\\\/\",\"url\":\"https:\\\/\\\/latinbody.ch\\\/wp-content\\\/uploads\\\/2022\\\/07\\\/logo-latin-body-2022.svg\",\"contentUrl\":\"https:\\\/\\\/latinbody.ch\\\/wp-content\\\/uploads\\\/2022\\\/07\\\/logo-latin-body-2022.svg\",\"width\":625.34,\"height\":146.1,\"caption\":\"latinbody\"},\"image\":{\"@id\":\"https:\\\/\\\/latinbody.ch\\\/de\\\/#\\\/schema\\\/logo\\\/image\\\/\"},\"sameAs\":[\"https:\\\/\\\/www.facebook.com\\\/latinbody\",\"https:\\\/\\\/www.instagram.com\\\/latinbody_official\\\/\"]}]}<\/script>\n<!-- \/ Yoast SEO plugin. -->","yoast_head_json":{"title":"JEANS LEVANTACOLA MERCY REF YO253 - LatinBody","robots":{"index":"index","follow":"follow","max-snippet":"max-snippet:-1","max-image-preview":"max-image-preview:large","max-video-preview":"max-video-preview:-1"},"canonical":"https:\/\/latinbody.ch\/de\/tienda\/push-up-jeans\/mercy-de\/jeans-levantacola-mercy-ref-yo253\/","og_locale":"de_DE","og_type":"article","og_title":"JEANS LEVANTACOLA MERCY REF YO253 - LatinBody","og_description":"Die kolumbianischen Jeans Levanta Cola kombinieren Kompressionstechnologie mit modischen Details. Die vielf\u00e4ltigen Funktionen, die Kompression, die Eleganz, die unsichtbaren N\u00e4hte, die inneren Formhosen, die unauff\u00e4lligen Rei\u00dfverschl\u00fcsse und die elastischen Stoffe sind nur einige der Hauptmerkmale, die unsere Jeans in Ihren Alltag bringen werden.  Tragen Sie diese kolumbianischen Jeans Levanta Cola \u00fcberall und jederzeit.","og_url":"https:\/\/latinbody.ch\/de\/tienda\/push-up-jeans\/mercy-de\/jeans-levantacola-mercy-ref-yo253\/","og_site_name":"LatinBody","article_publisher":"https:\/\/www.facebook.com\/latinbody","og_image":[{"width":700,"height":823,"url":"https:\/\/latinbody.ch\/wp-content\/uploads\/2020\/02\/yo253-jeans-levantacola-mercy.jpg","type":"image\/jpeg"}],"twitter_card":"summary_large_image","schema":{"@context":"https:\/\/schema.org","@graph":[{"@type":"WebPage","@id":"https:\/\/latinbody.ch\/de\/tienda\/push-up-jeans\/mercy-de\/jeans-levantacola-mercy-ref-yo253\/","url":"https:\/\/latinbody.ch\/de\/tienda\/push-up-jeans\/mercy-de\/jeans-levantacola-mercy-ref-yo253\/","name":"JEANS LEVANTACOLA MERCY REF YO253 - LatinBody","isPartOf":{"@id":"https:\/\/latinbody.ch\/de\/#website"},"primaryImageOfPage":{"@id":"https:\/\/latinbody.ch\/de\/tienda\/push-up-jeans\/mercy-de\/jeans-levantacola-mercy-ref-yo253\/#primaryimage"},"image":{"@id":"https:\/\/latinbody.ch\/de\/tienda\/push-up-jeans\/mercy-de\/jeans-levantacola-mercy-ref-yo253\/#primaryimage"},"thumbnailUrl":"https:\/\/latinbody.ch\/wp-content\/uploads\/2020\/02\/yo253-jeans-levantacola-mercy.jpg","datePublished":"2023-10-13T15:28:08+00:00","breadcrumb":{"@id":"https:\/\/latinbody.ch\/de\/tienda\/push-up-jeans\/mercy-de\/jeans-levantacola-mercy-ref-yo253\/#breadcrumb"},"inLanguage":"de","potentialAction":[{"@type":"ReadAction","target":["https:\/\/latinbody.ch\/de\/tienda\/push-up-jeans\/mercy-de\/jeans-levantacola-mercy-ref-yo253\/"]}]},{"@type":"ImageObject","inLanguage":"de","@id":"https:\/\/latinbody.ch\/de\/tienda\/push-up-jeans\/mercy-de\/jeans-levantacola-mercy-ref-yo253\/#primaryimage","url":"https:\/\/latinbody.ch\/wp-content\/uploads\/2020\/02\/yo253-jeans-levantacola-mercy.jpg","contentUrl":"https:\/\/latinbody.ch\/wp-content\/uploads\/2020\/02\/yo253-jeans-levantacola-mercy.jpg","width":700,"height":823},{"@type":"BreadcrumbList","@id":"https:\/\/latinbody.ch\/de\/tienda\/push-up-jeans\/mercy-de\/jeans-levantacola-mercy-ref-yo253\/#breadcrumb","itemListElement":[{"@type":"ListItem","position":1,"name":"Portada","item":"https:\/\/latinbody.ch\/de\/"},{"@type":"ListItem","position":2,"name":"Shop","item":"https:\/\/latinbody.ch\/tienda\/"},{"@type":"ListItem","position":3,"name":"JEANS LEVANTACOLA MERCY REF YO253"}]},{"@type":"WebSite","@id":"https:\/\/latinbody.ch\/de\/#website","url":"https:\/\/latinbody.ch\/de\/","name":"www.latinbody.ch","description":"Fajas Reductoras | Reductora Post-Parto | Reductora Levanta Cola","publisher":{"@id":"https:\/\/latinbody.ch\/de\/#organization"},"potentialAction":[{"@type":"SearchAction","target":{"@type":"EntryPoint","urlTemplate":"https:\/\/latinbody.ch\/de\/?s={search_term_string}"},"query-input":{"@type":"PropertyValueSpecification","valueRequired":true,"valueName":"search_term_string"}}],"inLanguage":"de"},{"@type":"Organization","@id":"https:\/\/latinbody.ch\/de\/#organization","name":"latinbody","url":"https:\/\/latinbody.ch\/de\/","logo":{"@type":"ImageObject","inLanguage":"de","@id":"https:\/\/latinbody.ch\/de\/#\/schema\/logo\/image\/","url":"https:\/\/latinbody.ch\/wp-content\/uploads\/2022\/07\/logo-latin-body-2022.svg","contentUrl":"https:\/\/latinbody.ch\/wp-content\/uploads\/2022\/07\/logo-latin-body-2022.svg","width":625.34,"height":146.1,"caption":"latinbody"},"image":{"@id":"https:\/\/latinbody.ch\/de\/#\/schema\/logo\/image\/"},"sameAs":["https:\/\/www.facebook.com\/latinbody","https:\/\/www.instagram.com\/latinbody_official\/"]}]}},"_links":{"self":[{"href":"https:\/\/latinbody.ch\/de\/wp-json\/wp\/v2\/product\/7672","targetHints":{"allow":["GET"]}}],"collection":[{"href":"https:\/\/latinbody.ch\/de\/wp-json\/wp\/v2\/product"}],"about":[{"href":"https:\/\/latinbody.ch\/de\/wp-json\/wp\/v2\/types\/product"}],"replies":[{"embeddable":true,"href":"https:\/\/latinbody.ch\/de\/wp-json\/wp\/v2\/comments?post=7672"}],"wp:featuredmedia":[{"embeddable":true,"href":"https:\/\/latinbody.ch\/de\/wp-json\/wp\/v2\/media\/3866"}],"wp:attachment":[{"href":"https:\/\/latinbody.ch\/de\/wp-json\/wp\/v2\/media?parent=7672"}],"wp:term":[{"taxonomy":"product_brand","embeddable":true,"href":"https:\/\/latinbody.ch\/de\/wp-json\/wp\/v2\/product_brand?post=7672"},{"taxonomy":"product_cat","embeddable":true,"href":"https:\/\/latinbody.ch\/de\/wp-json\/wp\/v2\/product_cat?post=7672"},{"taxonomy":"product_tag","embeddable":true,"href":"https:\/\/latinbody.ch\/de\/wp-json\/wp\/v2\/product_tag?post=7672"}],"curies":[{"name":"wp","href":"https:\/\/api.w.org\/{rel}","templated":true}]}}