{"id":8187,"date":"2021-02-02T16:54:00","date_gmt":"2021-02-02T15:54:00","guid":{"rendered":"https:\/\/latinbody.ch\/tienda\/unkategorisiert\/abdominal-board-ref-2507\/"},"modified":"2026-03-24T21:14:44","modified_gmt":"2026-03-24T20:14:44","slug":"abdominal-board-ref-2507","status":"publish","type":"product","link":"https:\/\/latinbody.ch\/de\/tienda\/bauchbretter-und-zubehoer\/abdominal-board-ref-2507\/","title":{"rendered":"Abdominal Board Ref. 2507"},"content":{"rendered":"<p><span data-sheets-userformat=\"{\"2\":14398,\"4\":[null,2,16776960],\"5\":{\"1\":[{\"1\":2,\"2\":0,\"5\":[null,2,0]},{\"1\":0,\"2\":0,\"3\":3},{\"1\":1,\"2\":0,\"4\":1}]},\"6\":{\"1\":[{\"1\":2,\"2\":0,\"5\":[null,2,0]},{\"1\":0,\"2\":0,\"3\":3},{\"1\":1,\"2\":0,\"4\":1}]},\"7\":{\"1\":[{\"1\":2,\"2\":0,\"5\":[null,2,0]},{\"1\":0,\"2\":0,\"3\":3},{\"1\":1,\"2\":0,\"4\":1}]},\"8\":{\"1\":[{\"1\":2,\"2\":0,\"5\":[null,2,0]},{\"1\":0,\"2\":0,\"3\":3},{\"1\":1,\"2\":0,\"4\":1}]},\"14\":[null,2,0],\"15\":\"Calibri\",\"16\":11}\" data-sheets-value=\"{\"1\":2,\"2\":\"Con la tabla abdominal de Salom\u00e9 podr\u00e1s complementar el uso de tus fajas, agreg\u00e1ndole extra compresi\u00f3n a tu abdomen gracias a las propiedades que te ofrecen, ayudando a tu cuerpo a tonificar y aplanar con m\u00e1s facilidad tu zona abdominal con lo que luciras mas delgada y con una postura mas recta.\"}\">Mit dem <strong>Abdominal Board 2507<\/strong><\/span> k\u00f6nnen Sie die Verwendung Ihrer Fajas Salom\u00e9 erg\u00e4nzen und Ihrem Bauch dank des ergonomischen Designs zus\u00e4tzliche Kompression verleihen, wodurch Ihr K\u00f6rper Ihre Bauchregion leichter straffen und abflachen kann, sodass Sie schlanker und mit einer geraderen Haltung aussehen.<\/p>\n<p>Das Pera-Board besteht aus einem synthetischen Material namens fester Faser-Karton-Schaum, der mit Cosmos-Flanell f\u00fcr mehr Komfort \u00fcberzogen ist.<\/p>\n<p>MESSUNGEN:<br \/>\nH\u00f6he \/ 21cm<br \/>\nBreite \/ 23cm<\/p>\n","protected":false},"excerpt":{"rendered":"<p>Einheitsgr\u00f6\u00dfe.<\/p>\n","protected":false},"featured_media":8196,"comment_status":"open","ping_status":"closed","template":"","meta":{"_joinchat":[]},"product_brand":[],"product_cat":[1695,1463],"product_tag":[],"class_list":{"0":"post-8187","1":"product","2":"type-product","3":"status-publish","4":"has-post-thumbnail","6":"product_cat-accessoires","7":"product_cat-bauchbretter-und-zubehoer","9":"first","10":"instock","11":"shipping-taxable","12":"purchasable","13":"product-type-variable"},"yoast_head":"<!-- This site is optimized with the Yoast SEO plugin v27.3 - https:\/\/yoast.com\/product\/yoast-seo-wordpress\/ -->\n<title>Abdominal Board Ref. 2507 - LatinBody<\/title>\n<meta name=\"description\" content=\"Mit dem Abdominal Board 2507 k\u00f6nnen Sie die Verwendung Ihrer Fajas Salom\u00e9 erg\u00e4nzen und Ihrem Bauch dank des ergonomischen Designs zus\u00e4tzliche Kompression verleihen.\" \/>\n<meta name=\"robots\" content=\"index, follow, max-snippet:-1, max-image-preview:large, max-video-preview:-1\" \/>\n<link rel=\"canonical\" href=\"https:\/\/latinbody.ch\/de\/tienda\/bauchbretter-und-zubehoer\/abdominal-board-ref-2507\/\" \/>\n<meta property=\"og:locale\" content=\"de_DE\" \/>\n<meta property=\"og:type\" content=\"article\" \/>\n<meta property=\"og:title\" content=\"Abdominal-Board f\u00fcr einen perfekten Bauch.\" \/>\n<meta property=\"og:description\" content=\"Erzielen Sie einen definierteren Bauch mit unserem Abdominal-Board. Ideal zur Verwendung mit Fajas, verbessert es die Formgebung und bietet mehr Halt in Ihrem Alltag.\" \/>\n<meta property=\"og:url\" content=\"https:\/\/latinbody.ch\/de\/tienda\/bauchbretter-und-zubehoer\/abdominal-board-ref-2507\/\" \/>\n<meta property=\"og:site_name\" content=\"LatinBody\" \/>\n<meta property=\"article:publisher\" content=\"https:\/\/www.facebook.com\/latinbody\" \/>\n<meta property=\"article:modified_time\" content=\"2026-03-24T20:14:44+00:00\" \/>\n<meta property=\"og:image\" content=\"https:\/\/latinbody.ch\/wp-content\/uploads\/2021\/02\/tabla-abdominal-ref-2507-300x300.jpg\" \/>\n<meta name=\"twitter:card\" content=\"summary_large_image\" \/>\n<meta name=\"twitter:title\" content=\"Abdominal-Board.\" \/>\n<meta name=\"twitter:description\" content=\"Bauchbrett ideal zur Verwendung mit Fajas. Modelliert Ihren Bauch, verbessert die Kompression und hilft, den Umfang leicht zu reduzieren.\" \/>\n<meta name=\"twitter:image\" content=\"https:\/\/latinbody.ch\/wp-content\/uploads\/2021\/02\/tabla-abdominal-ref-2507.jpg\" \/>\n<script type=\"application\/ld+json\" class=\"yoast-schema-graph\">{\"@context\":\"https:\\\/\\\/schema.org\",\"@graph\":[{\"@type\":\"WebPage\",\"@id\":\"https:\\\/\\\/latinbody.ch\\\/de\\\/tienda\\\/bauchbretter-und-zubehoer\\\/abdominal-board-ref-2507\\\/\",\"url\":\"https:\\\/\\\/latinbody.ch\\\/de\\\/tienda\\\/bauchbretter-und-zubehoer\\\/abdominal-board-ref-2507\\\/\",\"name\":\"Abdominal Board Ref. 2507 - LatinBody\",\"isPartOf\":{\"@id\":\"https:\\\/\\\/latinbody.ch\\\/de\\\/#website\"},\"primaryImageOfPage\":{\"@id\":\"https:\\\/\\\/latinbody.ch\\\/de\\\/tienda\\\/bauchbretter-und-zubehoer\\\/abdominal-board-ref-2507\\\/#primaryimage\"},\"image\":{\"@id\":\"https:\\\/\\\/latinbody.ch\\\/de\\\/tienda\\\/bauchbretter-und-zubehoer\\\/abdominal-board-ref-2507\\\/#primaryimage\"},\"thumbnailUrl\":\"https:\\\/\\\/latinbody.ch\\\/wp-content\\\/uploads\\\/2021\\\/02\\\/tabla-abdominal-ref-2507.jpg\",\"datePublished\":\"2021-02-02T15:54:00+00:00\",\"dateModified\":\"2026-03-24T20:14:44+00:00\",\"description\":\"Mit dem Abdominal Board 2507 k\u00f6nnen Sie die Verwendung Ihrer Fajas Salom\u00e9 erg\u00e4nzen und Ihrem Bauch dank des ergonomischen Designs zus\u00e4tzliche Kompression verleihen.\",\"breadcrumb\":{\"@id\":\"https:\\\/\\\/latinbody.ch\\\/de\\\/tienda\\\/bauchbretter-und-zubehoer\\\/abdominal-board-ref-2507\\\/#breadcrumb\"},\"inLanguage\":\"de\",\"potentialAction\":[{\"@type\":\"ReadAction\",\"target\":[\"https:\\\/\\\/latinbody.ch\\\/de\\\/tienda\\\/bauchbretter-und-zubehoer\\\/abdominal-board-ref-2507\\\/\"]}]},{\"@type\":\"ImageObject\",\"inLanguage\":\"de\",\"@id\":\"https:\\\/\\\/latinbody.ch\\\/de\\\/tienda\\\/bauchbretter-und-zubehoer\\\/abdominal-board-ref-2507\\\/#primaryimage\",\"url\":\"https:\\\/\\\/latinbody.ch\\\/wp-content\\\/uploads\\\/2021\\\/02\\\/tabla-abdominal-ref-2507.jpg\",\"contentUrl\":\"https:\\\/\\\/latinbody.ch\\\/wp-content\\\/uploads\\\/2021\\\/02\\\/tabla-abdominal-ref-2507.jpg\",\"width\":800,\"height\":800,\"caption\":\"Legende Abdominal Board\"},{\"@type\":\"BreadcrumbList\",\"@id\":\"https:\\\/\\\/latinbody.ch\\\/de\\\/tienda\\\/bauchbretter-und-zubehoer\\\/abdominal-board-ref-2507\\\/#breadcrumb\",\"itemListElement\":[{\"@type\":\"ListItem\",\"position\":1,\"name\":\"Portada\",\"item\":\"https:\\\/\\\/latinbody.ch\\\/de\\\/latinbody\\\/\"},{\"@type\":\"ListItem\",\"position\":2,\"name\":\"Shop\",\"item\":\"https:\\\/\\\/latinbody.ch\\\/tienda\\\/\"},{\"@type\":\"ListItem\",\"position\":3,\"name\":\"Abdominal Board Ref. 2507\"}]},{\"@type\":\"WebSite\",\"@id\":\"https:\\\/\\\/latinbody.ch\\\/de\\\/#website\",\"url\":\"https:\\\/\\\/latinbody.ch\\\/de\\\/\",\"name\":\"www.latinbody.ch\",\"description\":\"Fajas Reductoras | Reductora Post-Parto | Reductora Levanta Cola\",\"publisher\":{\"@id\":\"https:\\\/\\\/latinbody.ch\\\/de\\\/#organization\"},\"potentialAction\":[{\"@type\":\"SearchAction\",\"target\":{\"@type\":\"EntryPoint\",\"urlTemplate\":\"https:\\\/\\\/latinbody.ch\\\/de\\\/?s={search_term_string}\"},\"query-input\":{\"@type\":\"PropertyValueSpecification\",\"valueRequired\":true,\"valueName\":\"search_term_string\"}}],\"inLanguage\":\"de\"},{\"@type\":\"Organization\",\"@id\":\"https:\\\/\\\/latinbody.ch\\\/de\\\/#organization\",\"name\":\"latinbody\",\"url\":\"https:\\\/\\\/latinbody.ch\\\/de\\\/\",\"logo\":{\"@type\":\"ImageObject\",\"inLanguage\":\"de\",\"@id\":\"https:\\\/\\\/latinbody.ch\\\/de\\\/#\\\/schema\\\/logo\\\/image\\\/\",\"url\":\"https:\\\/\\\/latinbody.ch\\\/wp-content\\\/uploads\\\/2022\\\/07\\\/logo-latin-body-2022.svg\",\"contentUrl\":\"https:\\\/\\\/latinbody.ch\\\/wp-content\\\/uploads\\\/2022\\\/07\\\/logo-latin-body-2022.svg\",\"width\":625.34,\"height\":146.1,\"caption\":\"latinbody\"},\"image\":{\"@id\":\"https:\\\/\\\/latinbody.ch\\\/de\\\/#\\\/schema\\\/logo\\\/image\\\/\"},\"sameAs\":[\"https:\\\/\\\/www.facebook.com\\\/latinbody\",\"https:\\\/\\\/www.instagram.com\\\/latinbody_official\\\/\"]}]}<\/script>\n<!-- \/ Yoast SEO plugin. -->","yoast_head_json":{"title":"Abdominal Board Ref. 2507 - LatinBody","description":"Mit dem Abdominal Board 2507 k\u00f6nnen Sie die Verwendung Ihrer Fajas Salom\u00e9 erg\u00e4nzen und Ihrem Bauch dank des ergonomischen Designs zus\u00e4tzliche Kompression verleihen.","robots":{"index":"index","follow":"follow","max-snippet":"max-snippet:-1","max-image-preview":"max-image-preview:large","max-video-preview":"max-video-preview:-1"},"canonical":"https:\/\/latinbody.ch\/de\/tienda\/bauchbretter-und-zubehoer\/abdominal-board-ref-2507\/","og_locale":"de_DE","og_type":"article","og_title":"Abdominal-Board f\u00fcr einen perfekten Bauch.","og_description":"Erzielen Sie einen definierteren Bauch mit unserem Abdominal-Board. Ideal zur Verwendung mit Fajas, verbessert es die Formgebung und bietet mehr Halt in Ihrem Alltag.","og_url":"https:\/\/latinbody.ch\/de\/tienda\/bauchbretter-und-zubehoer\/abdominal-board-ref-2507\/","og_site_name":"LatinBody","article_publisher":"https:\/\/www.facebook.com\/latinbody","article_modified_time":"2026-03-24T20:14:44+00:00","og_image":[{"url":"https:\/\/latinbody.ch\/wp-content\/uploads\/2021\/02\/tabla-abdominal-ref-2507-300x300.jpg","type":"","width":"","height":""}],"twitter_card":"summary_large_image","twitter_title":"Abdominal-Board.","twitter_description":"Bauchbrett ideal zur Verwendung mit Fajas. Modelliert Ihren Bauch, verbessert die Kompression und hilft, den Umfang leicht zu reduzieren.","twitter_image":"https:\/\/latinbody.ch\/wp-content\/uploads\/2021\/02\/tabla-abdominal-ref-2507.jpg","schema":{"@context":"https:\/\/schema.org","@graph":[{"@type":"WebPage","@id":"https:\/\/latinbody.ch\/de\/tienda\/bauchbretter-und-zubehoer\/abdominal-board-ref-2507\/","url":"https:\/\/latinbody.ch\/de\/tienda\/bauchbretter-und-zubehoer\/abdominal-board-ref-2507\/","name":"Abdominal Board Ref. 2507 - LatinBody","isPartOf":{"@id":"https:\/\/latinbody.ch\/de\/#website"},"primaryImageOfPage":{"@id":"https:\/\/latinbody.ch\/de\/tienda\/bauchbretter-und-zubehoer\/abdominal-board-ref-2507\/#primaryimage"},"image":{"@id":"https:\/\/latinbody.ch\/de\/tienda\/bauchbretter-und-zubehoer\/abdominal-board-ref-2507\/#primaryimage"},"thumbnailUrl":"https:\/\/latinbody.ch\/wp-content\/uploads\/2021\/02\/tabla-abdominal-ref-2507.jpg","datePublished":"2021-02-02T15:54:00+00:00","dateModified":"2026-03-24T20:14:44+00:00","description":"Mit dem Abdominal Board 2507 k\u00f6nnen Sie die Verwendung Ihrer Fajas Salom\u00e9 erg\u00e4nzen und Ihrem Bauch dank des ergonomischen Designs zus\u00e4tzliche Kompression verleihen.","breadcrumb":{"@id":"https:\/\/latinbody.ch\/de\/tienda\/bauchbretter-und-zubehoer\/abdominal-board-ref-2507\/#breadcrumb"},"inLanguage":"de","potentialAction":[{"@type":"ReadAction","target":["https:\/\/latinbody.ch\/de\/tienda\/bauchbretter-und-zubehoer\/abdominal-board-ref-2507\/"]}]},{"@type":"ImageObject","inLanguage":"de","@id":"https:\/\/latinbody.ch\/de\/tienda\/bauchbretter-und-zubehoer\/abdominal-board-ref-2507\/#primaryimage","url":"https:\/\/latinbody.ch\/wp-content\/uploads\/2021\/02\/tabla-abdominal-ref-2507.jpg","contentUrl":"https:\/\/latinbody.ch\/wp-content\/uploads\/2021\/02\/tabla-abdominal-ref-2507.jpg","width":800,"height":800,"caption":"Legende Abdominal Board"},{"@type":"BreadcrumbList","@id":"https:\/\/latinbody.ch\/de\/tienda\/bauchbretter-und-zubehoer\/abdominal-board-ref-2507\/#breadcrumb","itemListElement":[{"@type":"ListItem","position":1,"name":"Portada","item":"https:\/\/latinbody.ch\/de\/latinbody\/"},{"@type":"ListItem","position":2,"name":"Shop","item":"https:\/\/latinbody.ch\/tienda\/"},{"@type":"ListItem","position":3,"name":"Abdominal Board Ref. 2507"}]},{"@type":"WebSite","@id":"https:\/\/latinbody.ch\/de\/#website","url":"https:\/\/latinbody.ch\/de\/","name":"www.latinbody.ch","description":"Fajas Reductoras | Reductora Post-Parto | Reductora Levanta Cola","publisher":{"@id":"https:\/\/latinbody.ch\/de\/#organization"},"potentialAction":[{"@type":"SearchAction","target":{"@type":"EntryPoint","urlTemplate":"https:\/\/latinbody.ch\/de\/?s={search_term_string}"},"query-input":{"@type":"PropertyValueSpecification","valueRequired":true,"valueName":"search_term_string"}}],"inLanguage":"de"},{"@type":"Organization","@id":"https:\/\/latinbody.ch\/de\/#organization","name":"latinbody","url":"https:\/\/latinbody.ch\/de\/","logo":{"@type":"ImageObject","inLanguage":"de","@id":"https:\/\/latinbody.ch\/de\/#\/schema\/logo\/image\/","url":"https:\/\/latinbody.ch\/wp-content\/uploads\/2022\/07\/logo-latin-body-2022.svg","contentUrl":"https:\/\/latinbody.ch\/wp-content\/uploads\/2022\/07\/logo-latin-body-2022.svg","width":625.34,"height":146.1,"caption":"latinbody"},"image":{"@id":"https:\/\/latinbody.ch\/de\/#\/schema\/logo\/image\/"},"sameAs":["https:\/\/www.facebook.com\/latinbody","https:\/\/www.instagram.com\/latinbody_official\/"]}]}},"_links":{"self":[{"href":"https:\/\/latinbody.ch\/de\/wp-json\/wp\/v2\/product\/8187","targetHints":{"allow":["GET"]}}],"collection":[{"href":"https:\/\/latinbody.ch\/de\/wp-json\/wp\/v2\/product"}],"about":[{"href":"https:\/\/latinbody.ch\/de\/wp-json\/wp\/v2\/types\/product"}],"replies":[{"embeddable":true,"href":"https:\/\/latinbody.ch\/de\/wp-json\/wp\/v2\/comments?post=8187"}],"wp:featuredmedia":[{"embeddable":true,"href":"https:\/\/latinbody.ch\/de\/wp-json\/wp\/v2\/media\/8196"}],"wp:attachment":[{"href":"https:\/\/latinbody.ch\/de\/wp-json\/wp\/v2\/media?parent=8187"}],"wp:term":[{"taxonomy":"product_brand","embeddable":true,"href":"https:\/\/latinbody.ch\/de\/wp-json\/wp\/v2\/product_brand?post=8187"},{"taxonomy":"product_cat","embeddable":true,"href":"https:\/\/latinbody.ch\/de\/wp-json\/wp\/v2\/product_cat?post=8187"},{"taxonomy":"product_tag","embeddable":true,"href":"https:\/\/latinbody.ch\/de\/wp-json\/wp\/v2\/product_tag?post=8187"}],"curies":[{"name":"wp","href":"https:\/\/api.w.org\/{rel}","templated":true}]}}